{"id":2740,"date":"2021-10-09T01:21:17","date_gmt":"2021-10-09T01:21:17","guid":{"rendered":"http:\/\/son.webrt.vn\/hantoyota\/?post_type=product&#038;p=2740"},"modified":"2021-10-10T02:46:23","modified_gmt":"2021-10-10T02:46:23","slug":"vios-1-5grs","status":"publish","type":"product","link":"https:\/\/hantoyota.vinastar.info\/?product=vios-1-5grs","title":{"rendered":"Vios 1.5GRS"},"content":{"rendered":"<h2 class=\"detail-content-title\">T\u1ed5ng quan<\/h2>\n<p><strong>Toyota Vios GR-S 2021<\/strong>\u00a0ch\u00ednh l\u00e0 phi\u00ean b\u1ea3n cao c\u1ea5p nh\u1ea5t d\u00f2ng xe Vios. V\u1edbi c\u00e1c n\u00e2ng c\u1ea5p hi\u1ec7n \u0111\u1ea1i, d\u00f2ng xe n\u00e0y h\u1ee9a h\u1eb9n nh\u1eefng doanh s\u1ed1 b\u1ee9t ph\u00e1 trong th\u1eddi gian t\u1edbi. Vios GR-S v\u1edbi thi\u1ebft k\u1ebf m\u1edbi v\u00e0 c\u1ea3i thi\u1ec7n t\u00ednh n\u0103ng v\u1eadn h\u00e0nh gi\u00fap t\u0103ng c\u1ea3m gi\u00e1c l\u00e1i th\u1ec3 thao, h\u01b0\u1edbng t\u1edbi \u0111\u1ed1i t\u01b0\u1ee3ng kh\u00e1ch h\u00e0ng tr\u1ebb tu\u1ed5i, y\u00eau th\u00edch m\u1eabu xe c\u00e1 t\u00ednh, phong c\u00e1ch.<\/p>\n<p><img title=\"Toyota Vios 1.5 GR-S - H\u00ecnh 1\" src=\"https:\/\/cdn.gianhangvn.com\/image\/toyota-vios-1-5-gr-s-1-bdq4nxq.jpg\" alt=\"Toyota Vios 1.5 GR-S - H\u00ecnh 1\" \/><\/p>\n<p>M\u1eabu xe thi\u1ebft k\u1ebf c\u00e1 t\u00ednh, phong c\u00e1ch<\/p>\n<h2 class=\"detail-content-title\">Ngo\u1ea1i th\u1ea5t<\/h2>\n<p>Toyota Vios GR-S\u00a0gi\u1eef nguy\u00ean k\u00edch th\u01b0\u1edbc v\u00e0 \u0111\u01b0\u1ee3c trau chu\u1ed1t h\u01a1n v\u1ec1 ngo\u1ea1i h\u00ecnh, nh\u1ea5t l\u00e0 ph\u1ea7n \u0111\u1ea7u xe. Xe s\u1eed d\u1ee5ng l\u01b0\u1edbi t\u1ea3n nhi\u1ec7t c\u1ee1 l\u1edbn h\u00ecnh thang ng\u01b0\u1ee3c, n\u1ed1i li\u1ec1n c\u1ea3 c\u1ee5m v\u1edbi c\u1eb7p \u0111\u00e8n tr\u01b0\u1edbc.<\/p>\n<p><img title=\"Toyota Vios 1.5 GR-S - H\u00ecnh 3\" src=\"https:\/\/cdn.gianhangvn.com\/image\/toyota-vios-1-5-gr-s-3-rs99nxr.jpg\" alt=\"Toyota Vios 1.5 GR-S - H\u00ecnh 3\" \/><\/p>\n<p>\u0110\u1ea7u xe thi\u1ebft k\u1ebf m\u1ea1nh m\u1ebd<\/p>\n<p><img title=\"Toyota Vios 1.5 GR-S - H\u00ecnh 5\" src=\"https:\/\/cdn.gianhangvn.com\/image\/toyota-vios-1-5-gr-s-5-2hx3nxs.jpg\" alt=\"Toyota Vios 1.5 GR-S - H\u00ecnh 5\" \/><\/p>\n<p>L\u01b0\u1edbi t\u1ea3n nhi\u1ec7t thi\u1ebft k\u1ebf n\u1ed5i b\u1eadt<\/p>\n<p>C\u1ee5m \u0111\u00e8n chi\u1ebfu s\u00e1ng LED v\u1edbi ba b\u00f3ng chi\u1ebfu gi\u00fap t\u0103ng hi\u1ec7u qu\u1ea3 chi\u1ebfu s\u00e1ng. S\u1ef1 xu\u1ea5t hi\u1ec7n c\u1ee7a nh\u1eefng \u0111\u01b0\u1eddng g\u00e2n d\u1eadp n\u1ed5i ph\u00eda tr\u00ean n\u1eafp khoang \u0111\u1ed9ng c\u01a1 gi\u00fap t\u0103ng th\u00eam n\u00e9t th\u1ec3 thao v\u00e0 c\u00e1 t\u00ednh.<\/p>\n<p><img title=\"Toyota Vios 1.5 GR-S - H\u00ecnh 7\" src=\"https:\/\/cdn.gianhangvn.com\/image\/toyota-vios-1-5-gr-s-7-bef0nxt.jpg\" alt=\"Toyota Vios 1.5 GR-S - H\u00ecnh 7\" \/><\/p>\n<p>C\u1ee5m \u0111\u00e8n chi\u1ebfu s\u00e1ng LED<\/p>\n<p><img title=\"Toyota Vios 1.5 GR-S - H\u00ecnh 9\" src=\"https:\/\/cdn.gianhangvn.com\/image\/toyota-vios-1-5-gr-s-9-bg3mnxu.jpg\" alt=\"Toyota Vios 1.5 GR-S - H\u00ecnh 9\" \/><\/p>\n<p>\u0110\u00e8n s\u01b0\u01a1ng m\u00f9 t\u0103ng kh\u1ea3 n\u0103ng chi\u1ebfu s\u00e1ng<\/p>\n<p>\u1ede ph\u1ea7n th\u00e2n xe n\u1ed5i b\u1eadt v\u1edbi b\u1ed9 m\u00e2m k\u00edch th\u01b0\u1edbc 15 inch. Ph\u00eda tr\u00ean l\u00e0 g\u01b0\u01a1ng chi\u1ebfu h\u1eadu c\u00f3 t\u00ednh n\u0103ng ch\u1ec9nh \u0111i\u1ec7n, g\u1eadp \u0111i\u1ec7n v\u00e0 t\u00edch h\u1ee3p \u0111\u00e8n b\u00e1o r\u1ebd.<\/p>\n<p><img title=\"Toyota Vios 1.5 GR-S - H\u00ecnh 11\" src=\"https:\/\/cdn.gianhangvn.com\/image\/toyota-vios-1-5-gr-s-11-2x9knxv.jpg\" alt=\"Toyota Vios 1.5 GR-S - H\u00ecnh 11\" \/><\/p>\n<p>B\u1ed9 m\u00e2m k\u00edch th\u01b0\u1edbc 15 inch<\/p>\n<p><img title=\"Toyota Vios 1.5 GR-S - H\u00ecnh 13\" src=\"https:\/\/cdn.gianhangvn.com\/image\/toyota-vios-1-5-gr-s-13-rkcanxw.jpg\" alt=\"Toyota Vios 1.5 GR-S - H\u00ecnh 13\" \/><\/p>\n<p>G\u01b0\u01a1ng chi\u1ebfu h\u1eadu c\u00f3 t\u00ednh n\u0103ng ch\u1ec9nh \u0111i\u1ec7n<\/p>\n<p>Ti\u1ebfn t\u1edbi \u0111u\u00f4i xe, c\u1ee5m \u0111\u00e8n h\u1eadu \u0111\u01b0\u1ee3c thi\u1ebft k\u1ebf d\u1ea1ng m\u1ea3nh, tr\u1ea3i d\u00e0i sang hai b\u00ean k\u1ebft h\u1ee3p thanh c\u1ea3n l\u1edbn kh\u00e1 m\u1edbi m\u1ebb.\u00a0<strong>Vios GR-S 2021<\/strong>\u00a0c\u00f2n \u0111\u01b0\u1ee3c trang b\u1ecb \u0103ng-ten v\u00e2y c\u00e1 m\u1eadp t\u0103ng s\u1ef1 \u1ed5n \u0111\u1ecbnh khi v\u1eadn h\u00e0nh.<\/p>\n<p><img title=\"Toyota Vios 1.5 GR-S - H\u00ecnh 15\" src=\"https:\/\/cdn.gianhangvn.com\/image\/toyota-vios-1-5-gr-s-15-9lonnxx.jpg\" alt=\"Toyota Vios 1.5 GR-S - H\u00ecnh 15\" \/><\/p>\n<p>C\u1ee5m \u0111\u00e8n h\u1eadu<\/p>\n<p><img title=\"Toyota Vios 1.5 GR-S - H\u00ecnh 17\" src=\"https:\/\/cdn.gianhangvn.com\/image\/toyota-vios-1-5-gr-s-17-bk78nxy.jpg\" alt=\"Toyota Vios 1.5 GR-S - H\u00ecnh 17\" \/><\/p>\n<p>C\u00e1nh h\u01b0\u1edbng gi\u00f3 th\u1ec3 thao<\/p>\n<p><img title=\"Toyota Vios 1.5 GR-S - H\u00ecnh 19\" src=\"https:\/\/cdn.gianhangvn.com\/image\/toyota-vios-1-5-gr-s-19-oyrhnxz.jpg\" alt=\"Toyota Vios 1.5 GR-S - H\u00ecnh 19\" \/><\/p>\n<p>\u0110u\u00f4i xe thi\u1ebft k\u1ebf th\u1ec3 thao<\/p>\n<h2 class=\"detail-content-title\">N\u1ed9i th\u1ea5t<\/h2>\n<p>Phong c\u00e1ch thi\u1ebft k\u1ebf n\u1ed9i th\u1ea5t\u00a0<strong>Toyota Vios GR-S 2021<\/strong>\u00a0h\u01b0\u1edbng \u0111\u1ebfn n\u00e9t th\u1ec3 thao. Phi\u00ean b\u1ea3n n\u00e0y \u0111\u01b0\u1ee3c thi\u1ebft k\u1ebf ri\u00eang logo GR-S tr\u00ean nh\u1eefng chi ti\u1ebft \u0111\u1eb7c bi\u1ec7t nh\u01b0 c\u1ea7n s\u1ed1 v\u00e0 n\u00fat \u0111\u1ec1 n\u1ed5 tr\u00ean xe.<\/p>\n<p><img title=\"Toyota Vios 1.5 GR-S - H\u00ecnh 21\" src=\"https:\/\/cdn.gianhangvn.com\/image\/toyota-vios-1-5-gr-s-21-9tuenx0.jpg\" alt=\"Toyota Vios 1.5 GR-S - H\u00ecnh 21\" \/><\/p>\n<p>N\u1ed9i th\u1ea5t thi\u1ebft k\u1ebf th\u1ec3 thao<\/p>\n<p>To\u00e0n b\u1ed9 gh\u1ebf ng\u1ed3i \u0111\u01b0\u1ee3c b\u1ecdc da v\u1edbi t\u00f4ng m\u00e0u \u0111en v\u00e0 ch\u1ec9 th\u00eau m\u00e0u \u0111\u1ecf n\u1ed5i b\u1eadt c\u00f9ng t\u1ef1a \u0111\u1ea7u c\u00f3 bi\u1ec3u t\u01b0\u1ee3ng GR-S. Thi\u1ebft k\u1ebf gh\u1ebf ng\u1ed3i th\u1ec3 thao \u00f4m s\u00e1t l\u01b0ng ng\u01b0\u1eddi ng\u1ed3i k\u1ebft h\u1ee3p v\u1edbi l\u1eaby chuy\u1ec3n s\u1ed1 \u0111\u01b0\u1ee3c t\u00edch h\u1ee3p tr\u00ean v\u00f4 l\u0103ng (c\u1ea7n s\u1ed1 \u1edf v\u1ecb tr\u00ed \u201cM\u201d) gi\u00fap kh\u00e1ch h\u00e0ng ch\u1ee7 \u0111\u1ed9ng, d\u1ec5 d\u00e0ng thao t\u00e1c khi chuy\u1ec3n s\u1ed1 v\u00e0 t\u1ea1o s\u1ef1 ph\u1ea5n kh\u00edch khi s\u1eed d\u1ee5ng.<\/p>\n<p><img title=\"Toyota Vios 1.5 GR-S - H\u00ecnh 23\" src=\"https:\/\/cdn.gianhangvn.com\/image\/toyota-vios-1-5-gr-s-23-rgrwnx1.jpg\" alt=\"Toyota Vios 1.5 GR-S - H\u00ecnh 23\" \/><\/p>\n<p>Gh\u1ebf ng\u1ed3i b\u1ecdc da cao c\u1ea5p<\/p>\n<p>V\u00f4-l\u0103ng \u0111\u01b0\u1ee3c t\u00edch h\u1ee3p nh\u1eefng ph\u00edm ch\u1ee9c n\u0103ng nh\u1ea5t l\u00e0 t\u00ednh n\u0103ng ki\u1ec3m so\u00e1t h\u00e0nh tr\u00ecnh cho ph\u00e9p duy tr\u00ec t\u1ed1c \u0111\u1ed9 l\u00e1i mong mu\u1ed1n. C\u1ee5m \u0111\u1ed3ng h\u1ed3 t\u1ed1c \u0111\u1ed9 taplo optitron v\u1edbi vi\u1ec1n \u0111\u1ecf t\u1ea1o s\u1ef1 kh\u00e1c bi\u1ec7t v\u00e0 th\u1ec3 thao h\u01a1n, c\u00f3 kh\u1ea3 n\u0103ng t\u1ef1 ph\u00e1t s\u00e1ng n\u1ebfu \u00e1nh s\u00e1ng trong xe kh\u00f4ng \u0111\u1ee7 nh\u00ecn.<\/p>\n<p><img title=\"Toyota Vios 1.5 GR-S - H\u00ecnh 25\" src=\"https:\/\/cdn.gianhangvn.com\/image\/toyota-vios-1-5-gr-s-25-2if9nx2.jpg\" alt=\"Toyota Vios 1.5 GR-S - H\u00ecnh 25\" \/><\/p>\n<p>Tay l\u00e1i b\u1ecdc da<\/p>\n<p><img title=\"Toyota Vios 1.5 GR-S - H\u00ecnh 27\" src=\"https:\/\/cdn.gianhangvn.com\/image\/toyota-vios-1-5-gr-s-27-bt0vnx3.jpg\" alt=\"Toyota Vios 1.5 GR-S - H\u00ecnh 27\" \/><\/p>\n<p>C\u1ee5m \u0111\u1ed3ng h\u1ed3 hi\u1ec7n th\u1ecb \u0111a th\u00f4ng tin<\/p>\n<p>Toyota Vios GR-S 2021 t\u00edch h\u1ee3p ch\u00eca kh\u00f3a th\u00f4ng minh v\u00e0 n\u00fat b\u1ea5m ti\u1ec7n l\u1ee3i. Khoang h\u00e0nh l\u00fd v\u00e0 h\u00e0ng gh\u1ebf sau \u0111\u1ea3m b\u1ea3o kh\u00f4ng gian h\u1ee3p l\u00fd cho ng\u01b0\u1eddi v\u00e0 \u0111\u1ed3 v\u1eadt.<\/p>\n<p><img title=\"Toyota Vios 1.5 GR-S - H\u00ecnh 29\" src=\"https:\/\/cdn.gianhangvn.com\/image\/toyota-vios-1-5-gr-s-29-r9u6nx4.jpg\" alt=\"Toyota Vios 1.5 GR-S - H\u00ecnh 29\" \/><\/p>\n<p>M\u00e0n h\u00ecnh gi\u1ea3i tr\u00ed<\/p>\n<p><strong>Toyota Vios GR-S 2021<\/strong>\u00a0c\u00f2n \u0111\u01b0\u1ee3c trang b\u1ecb c\u00e1c ti\u1ec7n nghi nh\u01b0:<\/p>\n<ul>\n<li>M\u00e0n h\u00ecnh gi\u1ea3i tr\u00ed c\u1ea3m \u1ee9ng k\u1ebft h\u1ee3p h\u1ec7 th\u1ed1ng \u00e2m thanh 6 loa<\/li>\n<li>K\u1ebft n\u1ed1i USB v\u00e0 \u0111i\u1ec7n tho\u1ea1i th\u00f4ng minh<\/li>\n<li>Kh\u00f3a c\u1eeda \u0111i\u1ec7n v\u00e0 kh\u00f3a c\u1eeda t\u1eeb xa<\/li>\n<li>C\u1eeda s\u1ed5 \u0111i\u1ec1u ch\u1ec9nh \u0111i\u1ec7n<\/li>\n<li>Ga t\u1ef1 \u0111\u1ed9ng<\/li>\n<\/ul>\n<p><img title=\"Toyota Vios 1.5 GR-S - H\u00ecnh 31\" src=\"https:\/\/cdn.gianhangvn.com\/image\/toyota-vios-1-5-gr-s-31-raionx5.jpg\" alt=\"Toyota Vios 1.5 GR-S - H\u00ecnh 31\" \/><\/p>\n<p>H\u1ec7 th\u1ed1ng \u0111i\u1ec1u h\u00f2a<\/p>\n<p><img title=\"Toyota Vios 1.5 GR-S - H\u00ecnh 33\" src=\"https:\/\/cdn.gianhangvn.com\/image\/toyota-vios-1-5-gr-s-33-r89enx6.jpg\" alt=\"Toyota Vios 1.5 GR-S - H\u00ecnh 33\" \/><\/p>\n<p>H\u00e0ng gh\u1ebf sau r\u1ed9ng r\u00e3i<\/p>\n<h2 class=\"detail-content-title\">V\u1eadn h\u00e0nh<\/h2>\n<p><strong>Vios 2021 GR-S<\/strong>\u00a0s\u1eed d\u1ee5ng \u0111\u1ed9ng c\u01a1 2NR-FE dung t\u00edch 1.5L cho c\u00f4ng su\u1ea5t t\u1ed1i \u0111a 107 m\u00e3 l\u1ef1c t\u1ea1i 6.000 v\u00f2ng\/ph\u00fat v\u00e0 m\u00f4-men xo\u1eafn c\u1ef1c \u0111\u1ea1i 140Nm t\u1ea1i 4.200 v\u00f2ng\/ph\u00fat, m\u1eabu xe th\u1ec3 thao n\u00e0y \u0111\u01b0\u1ee3c b\u1ed5 sung 2 l\u1ef1a ch\u1ecdn v\u1ec1 ch\u1ebf \u0111\u1ed9 l\u00e1i Eco\/ Sports v\u00e0 h\u1ed9p s\u1ed1 CVT v\u1edbi 10 c\u1ea5p s\u1ed1 gi\u00fap duy tr\u00ec v\u00f2ng tua m\u00e1y cao h\u01a1n, t\u1ea1o c\u1ea3m gi\u00e1c l\u00e1i th\u1ec3 thao \u0111\u1ea7y c\u00e1 t\u00ednh.<\/p>\n<p><img title=\"Toyota Vios 1.5 GR-S - H\u00ecnh 35\" src=\"https:\/\/cdn.gianhangvn.com\/image\/toyota-vios-1-5-gr-s-35-bxpunx7.jpg\" alt=\"Toyota Vios 1.5 GR-S - H\u00ecnh 35\" \/><\/p>\n<p>H\u1ed9p s\u1ed1 CVT m\u1ea1nh m\u1ebd<\/p>\n<p><strong>Toyota Vios GR-S 2021<\/strong>\u00a0l\u1ea7n \u0111\u1ea7u ti\u00ean thi\u1ebft l\u1eadp hai ch\u1ebf \u0111\u1ed9 l\u00e1i l\u00e0 Eco Mode v\u00e0 Sport cho ph\u00e9p ti\u1ebft ki\u1ec7m nhi\u00ean li\u1ec7u t\u1ed1i \u0111a \u0111\u1ed3ng th\u1eddi gi\u00fap l\u00e1i xe \u0111\u1ea7m v\u00e0 ch\u1eafc. Thi\u1ebft k\u1ebf \u0111\u1ed9ng h\u1ecdc tr\u00ean xe gi\u00fap kh\u1eafc ph\u1ee5c c\u00e1c l\u1ef1c c\u1ea3n l\u00ean xe, t\u0103ng hi\u1ec7u qu\u1ea3 v\u1eadn h\u00e0nh \u1ed5n \u0111\u1ecbnh khi di chuy\u1ec3n t\u1ed1c \u0111\u1ed9 cao.<\/p>\n<h2 class=\"detail-content-title\">An to\u00e0n<\/h2>\n<p><strong>Toyota Vios GR-S 2021<\/strong>\u00a0nh\u1eadn \u0111\u01b0\u1ee3c c\u00e1c trang b\u1ecb an to\u00e0n ti\u00eau chu\u1ea9n nh\u01b0:<\/p>\n<ul>\n<li>H\u1ec7 th\u1ed1ng ABA, BA, EBD<\/li>\n<li>H\u1ec7 th\u1ed1ng c\u00e2n b\u1eb1ng \u0111i\u1ec7n t\u1eed v\u00e0 ki\u1ec3m so\u00e1t l\u1ef1c k\u00e9o<\/li>\n<li>H\u1ed7 tr\u1ee3 kh\u1edfi h\u00e0nh ngang d\u1ed1c<\/li>\n<li>Camera l\u00f9i<\/li>\n<li>C\u1ea3m bi\u1ebfn h\u1ed7 tr\u1ee3 \u0111\u1ed7 xe ph\u00eda sau<\/li>\n<\/ul>\n<p>Tuy nhi\u00ean, Toyota Vios VGR-S 2021 v\u1eabn thi\u1ebfu m\u1ed9t s\u1ed1 t\u00ednh n\u0103ng an to\u00e0n c\u1ea7n thi\u1ebft nh\u01b0 h\u1ed7 tr\u1ee3 \u0111\u1ed5 \u0111\u00e8o, c\u1ea3nh b\u00e1o \u0111i\u1ec3m m\u00f9 v\u00e0 c\u1ea3nh b\u00e1o ph\u01b0\u01a1ng ti\u1ec7n c\u1eaft ngang ph\u00eda sau khi l\u00f9i.<\/p>\n<p>Kh\u00e1ch h\u00e0ng c\u00f3 th\u1ec3 t\u00f9y ch\u1ecdn th\u00eam nh\u1eefng ph\u1ee5 ki\u1ec7n cho m\u1eabu xe c\u1ee7a m\u00ecnh. Nh\u00e0 cung c\u1ea5p Toyota v\u1eeba \u0111\u01b0a m\u1ed9t lo\u1ea1t danh s\u00e1ch d\u00e0nh cho\u00a0<strong>Toyota Vios GR-S 2021<\/strong>\u00a0bao g\u1ed3m:<\/p>\n<ul>\n<li>\u1ed0p h\u01b0\u1edbng gi\u00f3 s\u01b0\u1eddn xe<\/li>\n<li>C\u00e1nh gi\u00f3 h\u01b0\u1edbng sau<\/li>\n<li>\u1ed0p trang tr\u00ed s\u01b0\u1eddn xe<\/li>\n<li>B\u1ed9 \u1ed1p tay c\u1eeda m\u1ea1 chrome<\/li>\n<li>\u1ed0p trang tr\u00ed \u0111\u00e8n pha m\u1ea1 chrome<\/li>\n<li>\u1ed0p trang tr\u00ed b\u1eadc ngh\u1ec9 tay v\u00e0 m\u1eb7t Tap-l\u00f4<\/li>\n<li>L\u01b0\u1edbi khoang h\u00e0nh l\u00fd<\/li>\n<li>M\u00e1y l\u1ecdc kh\u00f4ng kh\u00ed ion \u00e2m<\/li>\n<li>B\u1ea1t ph\u1ee7 xe<\/li>\n<li>B\u01a1m l\u1ed1p \u0111i\u1ec7n t\u1eed<\/li>\n<li>B\u1ed9 h\u1ed7 tr\u1ee3 kh\u1ea9n c\u1ea5p<\/li>\n<\/ul>\n","protected":false},"excerpt":{"rendered":"<p>T\u1ed5ng quan Toyota Vios GR-S 2021\u00a0ch\u00ednh l\u00e0 phi\u00ean b\u1ea3n cao c\u1ea5p nh\u1ea5t d\u00f2ng xe Vios. V\u1edbi c\u00e1c n\u00e2ng c\u1ea5p hi\u1ec7n \u0111\u1ea1i, d\u00f2ng xe n\u00e0y h\u1ee9a h\u1eb9n nh\u1eefng doanh s\u1ed1 b\u1ee9t ph\u00e1 trong th\u1eddi gian t\u1edbi. Vios GR-S v\u1edbi thi\u1ebft k\u1ebf m\u1edbi v\u00e0 c\u1ea3i thi\u1ec7n t\u00ednh n\u0103ng v\u1eadn h\u00e0nh gi\u00fap t\u0103ng c\u1ea3m gi\u00e1c l\u00e1i th\u1ec3 thao, [&#8230;]\n","protected":false},"featured_media":2741,"comment_status":"open","ping_status":"closed","template":"","meta":[],"_links":{"self":[{"href":"https:\/\/hantoyota.vinastar.info\/index.php?rest_route=\/wp\/v2\/product\/2740"}],"collection":[{"href":"https:\/\/hantoyota.vinastar.info\/index.php?rest_route=\/wp\/v2\/product"}],"about":[{"href":"https:\/\/hantoyota.vinastar.info\/index.php?rest_route=\/wp\/v2\/types\/product"}],"replies":[{"embeddable":true,"href":"https:\/\/hantoyota.vinastar.info\/index.php?rest_route=%2Fwp%2Fv2%2Fcomments&post=2740"}],"wp:featuredmedia":[{"embeddable":true,"href":"https:\/\/hantoyota.vinastar.info\/index.php?rest_route=\/wp\/v2\/media\/2741"}],"wp:attachment":[{"href":"https:\/\/hantoyota.vinastar.info\/index.php?rest_route=%2Fwp%2Fv2%2Fmedia&parent=2740"}],"curies":[{"name":"wp","href":"https:\/\/api.w.org\/{rel}","templated":true}]}}