{"id":2729,"date":"2021-10-08T08:22:33","date_gmt":"2021-10-08T08:22:33","guid":{"rendered":"http:\/\/son.webrt.vn\/hantoyota\/?post_type=product&#038;p=2729"},"modified":"2021-10-10T03:05:07","modified_gmt":"2021-10-10T03:05:07","slug":"land-cruiser-prado","status":"publish","type":"product","link":"https:\/\/hantoyota.vinastar.info\/?product=land-cruiser-prado","title":{"rendered":"LAND CRUISER PRADO"},"content":{"rendered":"<h2 class=\"detail-content-title\">T\u1ed5ng quan<\/h2>\n<p>Toyota Land Cruiser Prado 2021 n\u1ed5i b\u1eadt v\u1edbi thi\u1ebft k\u1ebf n\u1ed9i th\u1ea5t v\u00e0 ngo\u1ea1i th\u1ea5t m\u1edbi m\u1ebb, c\u00e1c c\u00f4ng ngh\u1ec7 an to\u00e0n \u0111\u01b0\u1ee3c n\u00e2ng c\u1ea5p, trang thi\u1ebft b\u1ecb \u0111\u01b0\u1ee3c c\u1ea3i ti\u1ebfn v\u00e0 s\u1ee9c k\u00e9o t\u0103ng th\u00eam 500 kg \u0111\u1ed1i v\u1edbi c\u00e1c xe t\u1ef1 \u0111\u1ed9ng.<\/p>\n<p><img title=\"Toyota Land Cruiser Prado VX - H\u00ecnh 1\" src=\"https:\/\/cdn.gianhangvn.com\/image\/toyota-land-cruiser-prado-vx-1-2mf2c5l.jpg\" alt=\"Toyota Land Cruiser Prado VX - H\u00ecnh 1\" \/><\/p>\n<p>Toyota Land Cruiser Prado 2021.<\/p>\n<h2 class=\"detail-content-title\">Ngo\u1ea1i th\u1ea5t<\/h2>\n<h3>Ngo\u1ea1i th\u1ea5t \u1ea5n t\u01b0\u1ee3ng<\/h3>\n<p>K\u1ebf th\u1eeba d\u00e1ng v\u1ebb b\u1ec1 th\u1ebf, to kh\u1ecfe, v\u1eefng ch\u1eafc c\u1ee7a chi\u1ebfc xe vi\u1ec7t d\u00e3 danh ti\u1ebfng to\u00e0n c\u1ea7u. V\u1edbi tri\u1ebft l\u00fd thi\u1ebft k\u1ebf \u2018Hi\u1ec7n \u0111\u1ea1i &#8211; Th\u00f4ng minh\u2019, Land Cruiser Prado tr\u1edf th\u00e0nh ni\u1ec1m t\u1ef1 h\u00e0o g\u00f3p ph\u1ea7n n\u00e2ng cao v\u1ecb th\u1ebf c\u1ee7a ch\u1ee7 s\u1edf h\u1eefu tr\u00ean m\u1ecdi \u0111\u1ecba h\u00ecnh.<\/p>\n<p><img title=\"Toyota Land Cruiser Prado VX - H\u00ecnh 2\" src=\"https:\/\/cdn.gianhangvn.com\/image\/toyota-land-cruiser-prado-vx-2-b8d4c5m.jpg\" alt=\"Toyota Land Cruiser Prado VX - H\u00ecnh 2\" \/><\/p>\n<p>Land Cruiser Prado tr\u1edf th\u00e0nh ni\u1ec1m t\u1ef1 h\u00e0o g\u00f3p ph\u1ea7n n\u00e2ng cao v\u1ecb th\u1ebf c\u1ee7a ch\u1ee7 s\u1edf h\u1eefu tr\u00ean m\u1ecdi \u0111\u1ecba h\u00ecnh.<\/p>\n<h3>Ph\u1ea7n \u0111\u1ea7u xe<\/h3>\n<p>Ph\u1ea7n \u0111\u1ea7u xe v\u1edbi thi\u1ebft k\u1ebf \u00a0n\u1eafp capo v\u00e0 l\u01b0\u1edbi t\u1ea3n nhi\u1ec7t m\u1edbi t\u1ea1o ra c\u00e1c \u0111\u01b0\u1eddng nh\u1ea5n m\u1ea1nh v\u1ebb kh\u1ecfe kho\u1eafn c\u0169ng nh\u01b0 t\u0103ng th\u00eam v\u1ebb sang tr\u1ecdng, l\u1ecbch l\u00e3m c\u1ee7a xe Land Cruiser Prado.<\/p>\n<p><img title=\"Toyota Land Cruiser Prado VX - H\u00ecnh 3\" src=\"https:\/\/cdn.gianhangvn.com\/image\/toyota-land-cruiser-prado-vx-3-9m28c5n.jpg\" alt=\"Toyota Land Cruiser Prado VX - H\u00ecnh 3\" \/><\/p>\n<h3>C\u1ee5m \u0111\u00e8n pha<\/h3>\n<p>C\u1ee5m \u0111\u00e8n pha s\u1eed d\u1ee5ng c\u00f4ng ngh\u1ec7 LED ti\u00ean ti\u1ebfn gi\u00fap ti\u1ebft ki\u1ec7m n\u0103ng l\u01b0\u1ee3ng, t\u0103ng \u0111\u1ed9 b\u1ec1n; v\u1edbi kh\u1ea3 n\u0103ng chi\u1ebfu s\u00e1ng t\u1ed1i \u01b0u, \u0111\u1ed3ng th\u1eddi t\u00edch h\u1ee3p ch\u1ebf \u0111\u1ed9 \u0111i\u1ec1u ch\u1ec9nh g\u00f3c chi\u1ebfu t\u1ef1 \u0111\u1ed9ng, tr\u00e1nh l\u00e0m ch\u00f3i m\u1eaft ng\u01b0\u1eddi \u0111i ng\u01b0\u1ee3c chi\u1ec1u; n\u00e2ng cao t\u00ednh an to\u00e0n, \u0111\u1eb7c bi\u1ec7t l\u00e0 v\u00e0o ban \u0111\u00eam.<\/p>\n<p><img title=\"Toyota Land Cruiser Prado VX - H\u00ecnh 4\" src=\"https:\/\/cdn.gianhangvn.com\/image\/toyota-land-cruiser-prado-vx-4-9y0wc5o.jpg\" alt=\"Toyota Land Cruiser Prado VX - H\u00ecnh 4\" \/><\/p>\n<h3>C\u1ee5m \u0111\u00e8n sau LED<\/h3>\n<p>C\u1ee5m \u0111\u00e8n sau LED v\u1edbi thi\u1ebft k\u1ebf 3D g\u00f3c c\u1ea1nh, kh\u1ecfe kho\u1eafn g\u00f3p ph\u1ea7n l\u00e0m t\u0103ng th\u00eam t\u00ednh th\u1ec3 thao, m\u1ea1nh m\u1ebd trong di\u1ec7n m\u1ea1o khi nh\u00ecn t\u1eeb ph\u00eda sau.<\/p>\n<p><img title=\"Toyota Land Cruiser Prado VX - H\u00ecnh 5\" src=\"https:\/\/cdn.gianhangvn.com\/image\/toyota-land-cruiser-prado-vx-5-2cn2c5p.jpg\" alt=\"Toyota Land Cruiser Prado VX - H\u00ecnh 5\" \/><\/p>\n<h3>K\u00ednh h\u1eadu<\/h3>\n<p>K\u00ednh h\u1eadu \u0111i\u1ec1u ch\u1ec9nh b\u1eb1ng n\u00fat b\u1ea5m, \u0111\u00f3ng\/m\u1edf \u0111\u1ed9c l\u1eadp v\u1edbi c\u1eeda h\u1eadu gi\u00fap kh\u00e1ch h\u00e0ng d\u1ec5 d\u00e0ng x\u1ebfp v\u00e0o c\u0169ng nh\u01b0 l\u1ea5y ra kh\u1ecfi xe c\u00e1c v\u1eadt d\u1ee5ng nh\u1eb9 nh\u01b0 \u00f4 d\u00f9, c\u1ea7n c\u00e2u&#8230; m\u1ed9t c\u00e1ch \u0111\u01a1n gi\u1ea3n, ti\u1ec7n l\u1ee3i.<\/p>\n<p><img title=\"Toyota Land Cruiser Prado VX - H\u00ecnh 6\" src=\"https:\/\/cdn.gianhangvn.com\/image\/toyota-land-cruiser-prado-vx-6-2gubc5q.jpg\" alt=\"Toyota Land Cruiser Prado VX - H\u00ecnh 6\" \/><\/p>\n<h3>C\u00e1nh h\u01b0\u1edbng gi\u00f3<\/h3>\n<p>C\u00e1nh h\u01b0\u1edbng gi\u00f3 sau t\u00edch h\u1ee3p \u0111\u00e8n b\u00e1o phanh tr\u00ean cao s\u1eed d\u1ee5ng c\u00f4ng ngh\u1ec7 LED gi\u00fap \u1ed5n \u0111\u1ecbnh xe v\u00e0 c\u1ea3nh b\u00e1o c\u00e1c ph\u01b0\u01a1ng ti\u1ec7n ph\u00eda sau, h\u01a1n n\u1eefa c\u00f2n mang \u0111\u1ebfn d\u00e1ng v\u1ebb th\u1ec3 thao, n\u0103ng \u0111\u1ed9ng cho xe.<\/p>\n<p><img title=\"Toyota Land Cruiser Prado VX - H\u00ecnh 7\" src=\"https:\/\/cdn.gianhangvn.com\/image\/toyota-land-cruiser-prado-vx-7-2a1nc5r.jpg\" alt=\"Toyota Land Cruiser Prado VX - H\u00ecnh 7\" \/><\/p>\n<h3>\u0110\u00e8n s\u01b0\u01a1ng m\u00f9<\/h3>\n<p>\u0110\u00e8n s\u01b0\u01a1ng m\u00f9 v\u1edbi thi\u1ebft k\u1ebf g\u00f3c c\u1ea1nh \u0111\u01b0\u1ee3c m\u1ea1 vi\u1ec1n cr\u00f4m t\u00f4n l\u00ean v\u1ebb kh\u1ecfe kho\u1eafn v\u00e0 sang tr\u1ecdng cho chi\u1ebfc xe c\u1ee7a b\u1ea1n.<\/p>\n<p><img title=\"Toyota Land Cruiser Prado VX - H\u00ecnh 8\" src=\"https:\/\/cdn.gianhangvn.com\/image\/toyota-land-cruiser-prado-vx-8-bfw6c5s.jpg\" alt=\"Toyota Land Cruiser Prado VX - H\u00ecnh 8\" \/><\/p>\n<h3>G\u01b0\u01a1ng chi\u1ebfu h\u1eadu<\/h3>\n<p>G\u01b0\u01a1ng chi\u1ebfu h\u1eadu ngo\u00e0i ch\u1ec9nh \u0111i\u1ec7n, g\u1eadp \u0111i\u1ec7n \u0111\u01b0\u1ee3c t\u00edch h\u1ee3p ch\u1ee9c n\u0103ng s\u1ea5y \u0111\u1ea3m b\u1ea3o h\u00ecnh \u1ea3nh ph\u1ea3n chi\u1ebfu ch\u00e2n th\u1ef1c r\u00f5 r\u00e0ng, c\u00f9ng v\u1edbi \u0111\u00e8n b\u00e1o r\u1ebd LED n\u00e2ng cao t\u00ednh an to\u00e0n khi r\u1ebd \u0111\u1ed3ng th\u1eddi t\u1ea1o \u0111i\u1ec3m nh\u1ea5n sang tr\u1ecdng cho xe.<\/p>\n<p><img title=\"Toyota Land Cruiser Prado VX - H\u00ecnh 9\" src=\"https:\/\/cdn.gianhangvn.com\/image\/toyota-land-cruiser-prado-vx-9-o9xnc5t.jpg\" alt=\"Toyota Land Cruiser Prado VX - H\u00ecnh 9\" \/><\/p>\n<h3>B\u00e1nh xe l\u1edbn<\/h3>\n<p>B\u00e1nh xe l\u1edbn v\u1edbi m\u00e2m \u0111\u00fac \u0111\u01b0\u1eddng k\u00ednh 18-inch 6 ch\u1ea5u k\u00e9p m\u1ea1nh m\u1ebd, \u0111\u1eb7c tr\u01b0ng cho d\u00f2ng xe th\u1ec3 thao vi\u1ec7t d\u00e3 gi\u00fap xe \u1ed5n \u0111\u1ecbnh v\u00e0 d\u1ec5 \u0111i\u1ec1u khi\u1ec3n h\u01a1n, t\u1ea1o c\u1ea3m gi\u00e1c \u00eam \u00e1i cho h\u00e0nh kh\u00e1ch tr\u00ean m\u1ecdi \u0111\u1ecba h\u00ecnh<\/p>\n<p><img title=\"Toyota Land Cruiser Prado VX - H\u00ecnh 10\" src=\"https:\/\/cdn.gianhangvn.com\/image\/toyota-land-cruiser-prado-vx-10-bz7mc5u.jpg\" alt=\"Toyota Land Cruiser Prado VX - H\u00ecnh 10\" \/><\/p>\n<h2 class=\"detail-content-title\">N\u1ed9i th\u1ea5t<\/h2>\n<h3>N\u1ed9i th\u1ea5t sang tr\u1ecdng<\/h3>\n<p>Kh\u00f4ng gian r\u1ed9ng r\u00e3i v\u1edbi n\u1ed9i th\u1ea5t cao c\u1ea5p c\u00f9ng c\u00e1c ti\u1ec7n nghi hi\u1ec7n \u0111\u1ea1i, k\u1ebft h\u1ee3p c\u00f4ng ngh\u1ec7 ti\u00ean ti\u1ebfn \u0111em \u0111\u1ebfn s\u1ef1 th\u01b0 gi\u00e3n v\u00e0 tr\u1ea3i nghi\u1ec7m tuy\u1ec7t v\u1eddi, t\u00f4n vinh phong c\u00e1ch c\u1ee7a ch\u1ee7 s\u1edf h\u1eefu.<\/p>\n<p><img title=\"Toyota Land Cruiser Prado VX - H\u00ecnh 11\" src=\"https:\/\/cdn.gianhangvn.com\/image\/toyota-land-cruiser-prado-vx-11-9jhcc5v.jpg\" alt=\"Toyota Land Cruiser Prado VX - H\u00ecnh 11\" \/><\/p>\n<h3>Tay l\u00e1i<\/h3>\n<p>Tay l\u00e1i 4 ch\u1ea5u b\u1ecdc da t\u00edch h\u1ee3p c\u00e1c n\u00fat \u0111i\u1ec1u ch\u1ec9nh \u00e2m thanh, ch\u1ee9c n\u0103ng g\u1ecdi \u0111i\u1ec7n tho\u1ea1i r\u1ea3nh tay, \u0111i\u1ec1u khi\u1ec3n m\u00e0n h\u00ecnh \u0111a th\u00f4ng tin, ch\u1ee9c n\u0103ng ki\u1ec3m so\u00e1t h\u00e0nh tr\u00ecnh, \u0111em \u0111\u1ebfn s\u1ef1 thu\u1eadn ti\u1ec7n t\u1ed1i \u01b0u v\u00e0 \u0111\u1ea3m b\u1ea3o s\u1ef1 an to\u00e0n, t\u1eadp trung c\u1ee7a ng\u01b0\u1eddi l\u00e1i.<\/p>\n<p><img title=\"Toyota Land Cruiser Prado VX - H\u00ecnh 12\" src=\"https:\/\/cdn.gianhangvn.com\/image\/toyota-land-cruiser-prado-vx-12-2vqyc5w.jpg\" alt=\"Toyota Land Cruiser Prado VX - H\u00ecnh 12\" \/><\/p>\n<h3>B\u1ea3ng \u0111\u1ed3ng h\u1ed3<\/h3>\n<p>B\u1ea3ng \u0111\u1ed3ng h\u1ed3 t\u00edch h\u1ee3p m\u00e0n h\u00ecnh hi\u1ec3n th\u1ecb \u0111a th\u00f4ng tin nhi\u1ec1u m\u00e0u s\u1eafc kh\u00f4ng ch\u1ec9 gi\u00fap kh\u00e1ch h\u00e0ng d\u1ec5 d\u00e0ng quan s\u00e1t, theo d\u00f5i th\u00f4ng tin xe m\u00e0 c\u00f2n l\u00e0m t\u0103ng th\u00eam v\u1ebb sang tr\u1ecdng v\u00e0 ti\u1ec7n nghi c\u1ee7a kh\u00f4ng gian n\u1ed9i th\u1ea5t xe.<\/p>\n<p><img title=\"Toyota Land Cruiser Prado VX - H\u00ecnh 13\" src=\"https:\/\/cdn.gianhangvn.com\/image\/toyota-land-cruiser-prado-vx-13-93wkc5x.jpg\" alt=\"Toyota Land Cruiser Prado VX - H\u00ecnh 13\" \/><\/p>\n<h3>H\u1ed9p l\u1ea1nh<\/h3>\n<p>\u0110\u01b0\u1ee3c t\u00edch h\u1ee3p ph\u00eda trong t\u1ef1a tay trung t\u00e2m, gi\u00fap h\u00e0nh kh\u00e1ch c\u00f3 th\u1ec3 th\u01b0\u1edfng th\u1ee9c \u0111\u1ed3 u\u1ed1ng m\u00e1t l\u1ea1nh ngay tr\u00ean xe.<\/p>\n<p><img title=\"Toyota Land Cruiser Prado VX - H\u00ecnh 14\" src=\"https:\/\/cdn.gianhangvn.com\/image\/toyota-land-cruiser-prado-vx-14-2tumc5y.jpg\" alt=\"Toyota Land Cruiser Prado VX - H\u00ecnh 14\" \/><\/p>\n<h3>Gh\u1ebf b\u1ecdc da<\/h3>\n<p>Gh\u1ebf b\u1ecdc da cao c\u1ea5p \u0111em l\u1ea1i s\u1ef1 sang tr\u1ecdng v\u00e0 c\u1ea3m gi\u00e1c \u00eam \u00e1i cho ng\u01b0\u1eddi d\u00f9ng. H\u00e0ng gh\u1ebf tr\u01b0\u1edbc \u0111\u01b0\u1ee3c t\u00edch h\u1ee3p t\u00ednh n\u0103ng ch\u1ec9nh \u0111i\u1ec7n 10 h\u01b0\u1edbng cho gh\u1ebf l\u00e1i, 4 h\u01b0\u1edbng cho gh\u1ebf h\u00e0nh kh\u00e1ch, \u0111\u1ea3m b\u1ea3o s\u1ef1 tho\u1ea3i m\u00e1i, ti\u1ec7n nghi trong nh\u1eefng chuy\u1ebfn \u0111i d\u00e0i.<\/p>\n<p><img title=\"Toyota Land Cruiser Prado VX - H\u00ecnh 15\" src=\"https:\/\/cdn.gianhangvn.com\/image\/toyota-land-cruiser-prado-vx-15-29wjc5z.jpg\" alt=\"Toyota Land Cruiser Prado VX - H\u00ecnh 15\" \/><\/p>\n<h3>C\u1ed5ng AUX, USB<\/h3>\n<p>K\u1ebft n\u1ed1i v\u1edbi c\u00e1c thi\u1ebft b\u1ecb gi\u1ea3i tr\u00ed c\u00e1 nh\u00e2n gi\u00fap h\u00e0nh kh\u00e1ch th\u01b0\u1edfng th\u1ee9c nh\u1eefng b\u1ea3n nh\u1ea1c y\u00eau th\u00edch trong m\u1ecdi chuy\u1ebfn \u0111i th\u1eadt d\u1ec5 d\u00e0ng v\u00e0 ti\u1ec7n l\u1ee3i.<\/p>\n<p><img title=\"Toyota Land Cruiser Prado VX - H\u00ecnh 16\" src=\"https:\/\/cdn.gianhangvn.com\/image\/toyota-land-cruiser-prado-vx-16-9w7hc50.jpg\" alt=\"Toyota Land Cruiser Prado VX - H\u00ecnh 16\" \/><\/p>\n<h3>H\u1ec7 th\u1ed1ng \u0111i\u1ec1u ho\u00e0 t\u1ef1 \u0111\u1ed9ng<\/h3>\n<p>H\u1ec7 th\u1ed1ng \u0111i\u1ec1u ho\u00e0 t\u1ef1 \u0111\u1ed9ng v\u1edbi c\u00e1c n\u00fat \u0111i\u1ec1u ch\u1ec9nh hi\u1ec7n \u0111\u1ea1i \u0111\u01b0\u1ee3c thi\u1ebft k\u1ebf \u0111\u1ed9c \u0111\u00e1o v\u1edbi 2 b\u1ea3ng \u0111i\u1ec1u khi\u1ec3n \u1edf h\u00e0ng gh\u1ebf tr\u01b0\u1edbc v\u00e0 sau cho ph\u00e9p \u0111i\u1ec1u ch\u1ec9nh 3 v\u00f9ng kh\u00f4ng kh\u00ed \u0111\u1ed9c l\u1eadp t\u1ea1o s\u1ef1 tho\u1ea3i m\u00e1i cho m\u1ecdi h\u00e0nh kh\u00e1ch. Ngo\u00e0i ra, ch\u1ebf \u0111\u1ed9 l\u1ecdc vi b\u1ee5i gi\u00fap lo\u1ea1i b\u1ecf nh\u1eefng h\u1ea1t b\u1ee5i c\u1ef1c nh\u1ecf v\u00e0 m\u00f9i trong xe \u0111em l\u1ea1i b\u1ea7u kh\u00f4ng kh\u00ed trong l\u00e0nh.<\/p>\n<p><img title=\"Toyota Land Cruiser Prado VX - H\u00ecnh 17\" src=\"https:\/\/cdn.gianhangvn.com\/image\/toyota-land-cruiser-prado-vx-17-oietc51.jpg\" alt=\"Toyota Land Cruiser Prado VX - H\u00ecnh 17\" \/><\/p>\n<h3>H\u1ec7 th\u1ed1ng \u00e2m thanh<\/h3>\n<p>H\u1ec7 th\u1ed1ng \u00e2m thanh 9 loa v\u1edbi b\u1ed9 khu\u1ebfch \u0111\u1ea1i 5.1 k\u1ebft h\u1ee3p h\u1ed9p loa tr\u1ea7m k\u00edch th\u01b0\u1edbc l\u1edbn, c\u00e1c loa \u00e2m cao b\u1ed1 tr\u00ed xung quanh v\u00e0 d\u00e0n DVD hi\u1ec7n \u0111\u1ea1i c\u00f9ng m\u00e0n h\u00ecnh c\u1ea3m \u1ee9ng t\u01b0\u01a1ng th\u00edch \u0111\u1ecbnh d\u1ea1ng MP4\/WMA cho \u00e2m thanh, h\u00ecnh \u1ea3nh trung th\u1ef1c, s\u1ed1ng \u0111\u1ed9ng tuy\u1ec7t v\u1eddi.<\/p>\n<p><img title=\"Toyota Land Cruiser Prado VX - H\u00ecnh 18\" src=\"https:\/\/cdn.gianhangvn.com\/image\/toyota-land-cruiser-prado-vx-18-9apyc52.jpg\" alt=\"Toyota Land Cruiser Prado VX - H\u00ecnh 18\" \/><\/p>\n<h2 class=\"detail-content-title\">V\u1eadn h\u00e0nh<\/h2>\n<p>\u0110\u1ed9ng c\u01a1 2TR-FE 2.7L \u0111\u01b0\u1ee3c trang b\u1ecb h\u1ec7 th\u1ed1ng \u0111i\u1ec1u ph\u1ed1i van bi\u1ebfn thi\u00ean th\u00f4ng minh Dual VVT-I v\u1edbi 4 xylanh th\u1eb3ng h\u00e0ng cho ph\u00e9p t\u0103ng t\u1ed1c \u00eam \u00e1i v\u00e0 m\u1ea1nh m\u1ebd, gi\u00fap ti\u1ebft ki\u1ec7m nhi\u00ean li\u1ec7u v\u00e0 gi\u1ea3m thi\u1ec3u kh\u00ed th\u1ea3i.<\/p>\n<p><img title=\"Toyota Land Cruiser Prado VX - H\u00ecnh 19\" src=\"https:\/\/cdn.gianhangvn.com\/image\/toyota-land-cruiser-prado-vx-19-olf0c53.jpg\" alt=\"Toyota Land Cruiser Prado VX - H\u00ecnh 19\" \/><\/p>\n<p>H\u1ed9p s\u1ed1 t\u1ef1 \u0111\u1ed9ng 6 c\u1ea5p gi\u00fap ng\u01b0\u1eddi l\u00e1i chuy\u1ec3n s\u1ed1 nh\u1eb9 nh\u00e0ng, t\u1eadp trung x\u1eed l\u00fd c\u00e1c t\u00ecnh hu\u1ed1ng tr\u00ean \u0111\u01b0\u1eddng \u0111\u1ecba h\u00ecnh v\u00e0 d\u1ec5 d\u00e0ng \u0111i\u1ec1u khi\u1ec3n chi\u1ebfc Prado vi\u1ec7t d\u00e3, m\u1ea1nh m\u1ebd, n\u0103ng \u0111\u1ed9ng.<\/p>\n<p><img title=\"Toyota Land Cruiser Prado VX - H\u00ecnh 20\" src=\"https:\/\/cdn.gianhangvn.com\/image\/toyota-land-cruiser-prado-vx-20-blqtc54.jpg\" alt=\"Toyota Land Cruiser Prado VX - H\u00ecnh 20\" \/><\/p>\n<p>H\u1ec7 th\u1ed1ng truy\u1ec1n \u0111\u1ed9ng 4 b\u00e1nh ch\u1ee7 \u0111\u1ed9ng to\u00e0n th\u1eddi gian (4WD) gi\u00fap xe \u0111\u1ea1t \u0111\u01b0\u1ee3c l\u1ef1c k\u00e9o t\u1ed1i \u0111a, t\u0103ng kh\u1ea3 n\u0103ng b\u00e1m \u0111\u01b0\u1eddng v\u00e0 \u0111\u1ed9 \u1ed5n \u0111\u1ecbnh c\u1ee7a xe, gi\u00fap ng\u01b0\u1eddi l\u00e1i d\u1ec5 d\u00e0ng ch\u1ee7 \u0111\u1ed9ng l\u00e1i xe v\u01b0\u1ee3t qua m\u1ecdi \u0111\u1ecba h\u00ecnh.<\/p>\n<p><img title=\"Toyota Land Cruiser Prado VX - H\u00ecnh 21\" src=\"https:\/\/cdn.gianhangvn.com\/image\/toyota-land-cruiser-prado-vx-21-2y2ec55.jpg\" alt=\"Toyota Land Cruiser Prado VX - H\u00ecnh 21\" \/><\/p>\n<p>H\u1ec7 th\u1ed1ng treo tr\u01b0\u1edbc \u0111\u1ed9c l\u1eadp v\u1edbi l\u00f2 xo cu\u1ed9n, tay \u0111\u00f2n k\u00e9p v\u00e0 thanh c\u00e2n b\u1eb1ng, h\u1ec7 th\u1ed1ng treo sau li\u00ean k\u1ebft 4 \u0111i\u1ec3m, l\u00f2 xo cu\u1ed9n v\u00e0 tay \u0111\u00f2n b\u00ean \u0111\u1ea3m b\u1ea3o \u0111\u1ed9 \u1ed5n \u0111\u1ecbnh \u01b0u vi\u1ec7t.<\/p>\n<p><img title=\"Toyota Land Cruiser Prado VX - H\u00ecnh 22\" src=\"https:\/\/cdn.gianhangvn.com\/image\/toyota-land-cruiser-prado-vx-22-b1iyc56.jpg\" alt=\"Toyota Land Cruiser Prado VX - H\u00ecnh 22\" \/><\/p>\n<h3>Tr\u1ee3 l\u1ef1c tay l\u00e1i th\u1ee7y l\u1ef1c bi\u1ebfn thi\u00ean theo t\u1ed1c \u0111\u1ed9<\/h3>\n<p>\u01afu vi\u1ec7t h\u01a1n lo\u1ea1i tr\u1ee3 l\u1ef1c tay l\u00e1i th\u00f4ng th\u01b0\u1eddng, Prado \u0111\u01b0\u1ee3c trang b\u1ecb c\u01a1 c\u1ea5u b\u01a1m tr\u1ee3 l\u1ef1c th\u1ee7y l\u1ef1c lo\u1ea1i VFC (\u0111i\u1ec1u khi\u1ec3n l\u01b0u l\u01b0\u1ee3ng d\u1ea7u thay \u0111\u1ed5i). B\u01a1m tr\u1ee3 l\u1ef1c th\u1ee7y l\u1ef1c s\u1ebd thay \u0111\u1ed5i l\u01b0\u1ee3ng d\u1ea7u tr\u1ee3 l\u1ef1c kh\u00f4ng ch\u1ec9 theo t\u1ed1c \u0111\u1ed9 xe m\u00e0 c\u00f2n theo g\u00f3c xo\u00e1y v\u00f4 l\u0103ng. Nh\u1edd \u0111\u00f3, tr\u1ee3 l\u1ef1c l\u00e1i s\u1ebd \u0111\u01b0\u1ee3c ph\u00e1t huy t\u00e1c d\u1ee5ng t\u1ed1i \u01b0u. Khi xe ch\u1ea1y \u1edf t\u1ed1c \u0111\u1ed9 th\u1ea5p, tay l\u00e1i nh\u1eb9 v\u00e0 d\u1ec5 xoay h\u01a1n gi\u00fap ng\u01b0\u1eddi l\u00e1i d\u1ec5 d\u00e0ng \u0111i\u1ec1u khi\u1ec3n nh\u1ea5t l\u00e0 khi \u0111\u01b0a xe v\u00e0o b\u00e3i \u0111\u1ed5 xe. \u0110\u1ed3ng th\u1eddi khi xe t\u0103ng t\u1ed1c v\u00e0 ch\u1ea1y \u1edf t\u1ed1c \u0111\u1ed9 cao, tay l\u00e1i s\u1ebd n\u1eb7ng v\u00e0 t\u1ea1o c\u1ea3m gi\u00e1c l\u00e1i gi\u00fap t\u0103ng ki\u1ec3m so\u00e1t v\u00e0 \u0111\u1ed9 \u1ed5n \u0111\u1ecbnh. Th\u00eam v\u00e0o \u0111\u00f3, t\u1ed1c \u0111\u1ed9 b\u01a1m tr\u1ee3 l\u1ef1c th\u1ee7y l\u1ef1c s\u1ebd gi\u1ea3m xu\u1ed1ng khi kh\u00f4ng c\u00f3 b\u1ea5t k\u1ef3 chuy\u1ec3n \u0111\u1ed9ng quay v\u00f4 l\u0103ng n\u00e0o, nh\u1edd \u0111\u00f3 ti\u1ebft ki\u1ec7m nhi\u00ean li\u1ec7u t\u0103ng \u0111\u00e1ng k\u1ec3.<\/p>\n<p><img title=\"Toyota Land Cruiser Prado VX - H\u00ecnh 23\" src=\"https:\/\/cdn.gianhangvn.com\/image\/toyota-land-cruiser-prado-vx-23-2q1tc57.jpg\" alt=\"Toyota Land Cruiser Prado VX - H\u00ecnh 23\" \/><\/p>\n<p>C\u01a1 c\u1ea5u b\u01a1m tr\u1ee3 l\u1ef1c th\u1ee7y l\u1ef1c lo\u1ea1i VFC (\u0111i\u1ec1u khi\u1ec3n l\u01b0u l\u01b0\u1ee3ng d\u1ea7u thay \u0111\u1ed5i).<\/p>\n<p>\u0110\u1eb7c bi\u1ec7t, khi c\u00f4ng t\u1eafc h\u1ed9p s\u1ed1 ph\u1ee5 \u1edf ch\u1ebf \u0111\u1ed9 L4L, b\u01a1m tr\u1ee3 l\u1ef1c s\u1ebd ng\u1eaft ch\u1ee9c n\u0103ng \u0111i\u1ec1u ch\u1ec9nh theo g\u00f3c xoay v\u00e0 ch\u1ec9 thay \u0111\u1ed5i theo t\u1ed1c \u0111\u1ed9 xe \u0111\u1ec3 \u0111\u1ea1t hi\u1ec7u su\u1ea5t t\u1ed1t nh\u1ea5t khi l\u00e1i xe qua \u0111\u1ecba h\u00ecnh ph\u1ee9c t\u1ea1p.<\/p>\n<h2 class=\"detail-content-title\">An to\u00e0n<\/h2>\n<p>Xe Prado \u0111\u01b0\u1ee3c trang b\u1ecb \u0111\u1ea7y \u0111\u1ee7 c\u00e1c h\u1ec7 th\u1ed1ng h\u1ed7 tr\u1ee3 an to\u00e0n nh\u01b0 ABS, EBD, BA, VSC, TRC. C\u00e1c h\u1ec7 th\u1ed1ng ph\u1ed1i h\u1ee3p ho\u1ea1t \u0111\u1ed9ng gi\u00fap xe c\u00e2n b\u1eb1ng t\u1ed1t v\u00e0 \u1ed5n \u0111\u1ecbnh t\u1ea1i m\u1ecdi tr\u1ea1ng th\u00e1i v\u1eadn h\u00e0nh c\u1ee7a xe nh\u01b0 ch\u1ea1y th\u1eb3ng, v\u00e0o cua, khi phanh.<\/p>\n<p>Khi xe ch\u1ea1y th\u1eb3ng v\u00e0 t\u0103ng t\u1ed1c tr\u00ean \u0111\u01b0\u1eddng tr\u01a1n tr\u01b0\u1ee3t, H\u1ec7 th\u1ed1ng ki\u1ec3m so\u00e1t l\u1ef1c k\u00e9o TRC ch\u1ee7 \u0111\u1ed9ng ki\u1ec3m so\u00e1t \u0111\u1ed9 c\u00e2n b\u1eb1ng th\u00f4ng qua vi\u1ec7c t\u0103ng gi\u1ea3m l\u1ef1c truy\u1ec1n \u0111\u1ed9ng \u0111\u1ebfn c\u00e1c b\u00e1nh xe v\u00e0 t\u1ed1c \u0111\u1ed9 t\u1eebng b\u00e1nh xe.<\/p>\n<p>Khi xe v\u00e0o cua, H\u1ec7 th\u1ed1ng ki\u1ec3m so\u00e1t \u1ed5n \u0111\u1ecbnh VSC s\u1ebd \u0111i\u1ec1u khi\u1ec3n c\u00f4ng su\u1ea5t \u0111\u1ed9ng c\u01a1 v\u00e0 l\u1ef1c phanh \u1edf c\u00e1c b\u00e1nh xe.<\/p>\n<p><img title=\"Toyota Land Cruiser Prado VX - H\u00ecnh 24\" src=\"https:\/\/cdn.gianhangvn.com\/image\/toyota-land-cruiser-prado-vx-24-9texc58.jpg\" alt=\"Toyota Land Cruiser Prado VX - H\u00ecnh 24\" \/><\/p>\n<p>Khi ng\u01b0\u1eddi l\u00e1i \u0111\u1ea1p phanh, H\u1ec7 th\u1ed1ng ch\u1ed1ng b\u00f3 c\u1ee9ng phanh ABS k\u1ebft h\u1ee3p v\u1edbi H\u1ec7 th\u1ed1ng ph\u00e2n ph\u1ed1i l\u1ef1c phanh \u0111i\u1ec7n t\u1eed EBD v\u00e0 H\u1ed7 tr\u1ee3 l\u1ef1c phanh kh\u1ea9n c\u1ea5p BA gi\u00fap phanh ch\u1eafc ch\u1eafn, \u1ed5n \u0111\u1ecbnh.<\/p>\n<h3>H\u1ec7 th\u1ed1ng ki\u1ec3m so\u00e1t \u1ed5n \u0111\u1ecbnh xe VSC<\/h3>\n<p>H\u1ec7 th\u1ed1ng ki\u1ec3m so\u00e1t \u1ed5n \u0111\u1ecbnh xe VSC t\u1ef1 \u0111\u1ed9ng gi\u1ea3m c\u00f4ng su\u1ea5t \u0111\u1ed9ng c\u01a1 v\u00e0 t\u1ef1 \u0111\u1ed9ng phanh \u1edf c\u00e1c b\u00e1nh xe tr\u01b0\u1edbc v\u00e0 sau khi c\u00f3 hi\u1ec7n t\u01b0\u1ee3ng thi\u1ebfu l\u00e1i v\u00e0 l\u00e1i qu\u00e1 \u0111\u00e0 l\u00fac v\u00e0o cua nh\u1eb1m ng\u0103n ng\u1eeba hi\u1ec7n t\u01b0\u1ee3ng ch\u1ec7ch h\u01b0\u1edbng.<\/p>\n<p><img title=\"Toyota Land Cruiser Prado VX - H\u00ecnh 25\" src=\"https:\/\/cdn.gianhangvn.com\/image\/toyota-land-cruiser-prado-vx-25-rtncc59.jpg\" alt=\"Toyota Land Cruiser Prado VX - H\u00ecnh 25\" \/><\/p>\n<h3>H\u1ec7 th\u1ed1ng t\u00fai kh\u00ed<\/h3>\n<p>Trong tr\u01b0\u1eddng h\u1ee3p kh\u00f4ng may x\u1ea3y ra va ch\u1ea1m \u0111\u1ebfn m\u1ee9c thi\u1ebft k\u1ebf, c\u00e1c t\u00edn hi\u1ec7u bung t\u00fai kh\u00ed s\u1ebd \u0111\u01b0\u1ee3c ph\u00e1t ra. T\u00f9y theo v\u1ecb tr\u00ed &amp; m\u1ee9c \u0111\u1ed9 va ch\u1ea1m, 2 t\u00fai kh\u00ed ph\u00eda tr\u01b0\u1edbc s\u1ebd bung ra b\u1ea3o v\u1ec7 ph\u1ea7n \u0111\u1ea7u v\u00e0 ng\u1ef1c ng\u01b0\u1eddi l\u00e1i &amp; h\u00e0nh kh\u00e1ch ph\u00eda tr\u01b0\u1edbc c\u00f9ng v\u1edbi t\u00fai kh\u00ed b\u00ean h\u00f4ng; \u0111\u1ed3ng th\u1eddi t\u00fai kh\u00ed \u0111\u1ea7u g\u1ed1i gi\u00fap b\u1ea3o v\u1ec7 ch\u00e2n ng\u01b0\u1eddi l\u00e1i kh\u00f4ng b\u1ecb ch\u1ea1m v\u00e0o ch\u00e2n ga c\u0169ng nh\u01b0 c\u00e1c thi\u1ebft b\u1ecb kh\u00e1c. Ngo\u00e0i ra, t\u00fai kh\u00ed r\u00e8m tr\u00ean c\u1eeda s\u1ed5 2 b\u00ean c\u0169ng s\u1ebd \u0111\u01b0\u1ee3c k\u00edch ho\u1ea1t \u0111\u1ec3 b\u1ea3o v\u1ec7 h\u00e0nh kh\u00e1ch tr\u00ean xe khi x\u1ea3y ra va ch\u1ea1m xe l\u1eadt \u00fap ho\u1eb7c l\u1ed9n v\u00f2ng. V\u1edbi h\u1ec7 th\u1ed1ng t\u00fai kh\u00ed &amp; d\u00e2y \u0111ai an to\u00e0n ti\u00ean ti\u1ebfn, ng\u01b0\u1eddi l\u00e1i v\u00e0 h\u00e0nh kh\u00e1ch tr\u00ean xe s\u1ebd ho\u00e0n to\u00e0n y\u00ean t\u00e2m khi \u0111\u01b0\u1ee3c b\u1ea3o v\u1ec7 t\u1ed1i \u0111a trong c\u00e1c t\u00ecnh hu\u1ed1ng va ch\u1ea1m.<\/p>\n<p><img title=\"Toyota Land Cruiser Prado VX - H\u00ecnh 26\" src=\"https:\/\/cdn.gianhangvn.com\/image\/toyota-land-cruiser-prado-vx-26-bebsc6a.jpg\" alt=\"Toyota Land Cruiser Prado VX - H\u00ecnh 26\" \/><\/p>\n","protected":false},"excerpt":{"rendered":"<p>T\u1ed5ng quan Toyota Land Cruiser Prado 2021 n\u1ed5i b\u1eadt v\u1edbi thi\u1ebft k\u1ebf n\u1ed9i th\u1ea5t v\u00e0 ngo\u1ea1i th\u1ea5t m\u1edbi m\u1ebb, c\u00e1c c\u00f4ng ngh\u1ec7 an to\u00e0n \u0111\u01b0\u1ee3c n\u00e2ng c\u1ea5p, trang thi\u1ebft b\u1ecb \u0111\u01b0\u1ee3c c\u1ea3i ti\u1ebfn v\u00e0 s\u1ee9c k\u00e9o t\u0103ng th\u00eam 500 kg \u0111\u1ed1i v\u1edbi c\u00e1c xe t\u1ef1 \u0111\u1ed9ng. Toyota Land Cruiser Prado 2021. Ngo\u1ea1i th\u1ea5t Ngo\u1ea1i th\u1ea5t [&#8230;]\n","protected":false},"featured_media":2730,"comment_status":"open","ping_status":"closed","template":"","meta":[],"_links":{"self":[{"href":"https:\/\/hantoyota.vinastar.info\/index.php?rest_route=\/wp\/v2\/product\/2729"}],"collection":[{"href":"https:\/\/hantoyota.vinastar.info\/index.php?rest_route=\/wp\/v2\/product"}],"about":[{"href":"https:\/\/hantoyota.vinastar.info\/index.php?rest_route=\/wp\/v2\/types\/product"}],"replies":[{"embeddable":true,"href":"https:\/\/hantoyota.vinastar.info\/index.php?rest_route=%2Fwp%2Fv2%2Fcomments&post=2729"}],"wp:featuredmedia":[{"embeddable":true,"href":"https:\/\/hantoyota.vinastar.info\/index.php?rest_route=\/wp\/v2\/media\/2730"}],"wp:attachment":[{"href":"https:\/\/hantoyota.vinastar.info\/index.php?rest_route=%2Fwp%2Fv2%2Fmedia&parent=2729"}],"curies":[{"name":"wp","href":"https:\/\/api.w.org\/{rel}","templated":true}]}}