{"id":2724,"date":"2021-10-08T08:09:10","date_gmt":"2021-10-08T08:09:10","guid":{"rendered":"http:\/\/son.webrt.vn\/hantoyota\/?post_type=product&#038;p=2724"},"modified":"2021-10-09T01:37:32","modified_gmt":"2021-10-09T01:37:32","slug":"fortuner-legender-2-4at-4x2","status":"publish","type":"product","link":"https:\/\/hantoyota.vinastar.info\/?product=fortuner-legender-2-4at-4x2","title":{"rendered":"FORTUNER LEGENDER 2.4AT 4X2"},"content":{"rendered":"<h2 class=\"detail-content-title\">T\u1ed5ng quan<\/h2>\n<p>Sau khi\u00a0<strong>Toyota Fortuner 2021<\/strong>\u00a0\u0111\u01b0\u1ee3c ra m\u1eaft t\u1ea1i Th\u00e1i Lan th\u00ec m\u1eabu xe n\u00e0y l\u1eadp t\u1ee9c tr\u1edf th\u00e0nh ch\u1ee7 \u0111\u1ec1 b\u00e0n t\u00e1n c\u1ee7a gi\u1edbi m\u00ea xe. Toyota Fortuner 2021 l\u00e0 phi\u00ean b\u1ea3n n\u00e2ng c\u1ea5p v\u1ec1 ngo\u1ea1i th\u1ea5t, t\u00ednh n\u0103ng ti\u1ec7n nghi v\u00e0 t\u0103ng th\u00eam \u0111\u1ed9 m\u1ea1nh m\u1ebd c\u1ee7a d\u00e0n \u0111\u1ed9ng c\u01a1 h\u1ee9a h\u1eb9n \u0111em \u0111\u1ebfn chi\u1ebfc xe trong m\u01a1 cho kh\u00e1ch h\u00e0ng trung th\u00e0nh bao n\u0103m nay c\u1ee7a Toyota.<\/p>\n<p>&nbsp;<\/p>\n<h2 class=\"detail-content-title\">Ngo\u1ea1i th\u1ea5t<\/h2>\n<p>Thi\u1ebft k\u1ebf m\u1edbi c\u1ee7a Toyota Fortuner 2021 nam t\u00ednh v\u00e0 tr\u1ebb trung h\u01a1n. \u0110a ph\u1ea7n c\u00e1c thay \u0111\u1ed5i \u0111\u1ec1u t\u1eadp trung \u1edf ph\u1ea7n \u0111\u1ea7u \u0111\u1ec3 ng\u01b0\u1eddi d\u00f9ng d\u1ec5 d\u00e0ng b\u1eaft g\u1eb7p s\u1ef1 kh\u00e1c bi\u1ec7t so v\u1edbi b\u1ea3n c\u0169.<\/p>\n<p><img title=\"Toyota Fortuner Legender 2.4AT 4x2 - H\u00ecnh 1\" src=\"https:\/\/cdn.gianhangvn.com\/image\/toyota-fortuner-legender-2-4at-4x2-1-9wrgmr0.jpg\" alt=\"Toyota Fortuner Legender 2.4AT 4x2 - H\u00ecnh 1\" \/><\/p>\n<p>Ngo\u1ea1i th\u1ea5t thi\u1ebft k\u1ebf sang tr\u1ecdng m\u1ea1nh m\u1ebd<\/p>\n<p>Toyota Fortuner Legender 2.4AT 4&#215;2 s\u1eed d\u1ee5ng c\u1ee5m \u0111\u00e8n tr\u01b0\u1edbc v\u00e0 \u0111\u00e8n s\u01b0\u01a1ng m\u00f9 \u0111\u00e3 \u0111\u01b0\u1ee3c n\u00e2ng c\u1ea5p l\u00ean LED ho\u00e0n to\u00e0n k\u1ebft h\u1ee3p v\u1edbi d\u1ea3i \u0111\u00e8n ch\u1ea1y. Xuy\u00ean qua l\u1edbp k\u00ednh \u0111\u00e8n l\u00e0 d\u00e0i LED ban ng\u00e0y g\u1ea5p kh\u00fac nh\u1eb1m t\u0103ng \u0111\u1ed9 hung d\u1eef cho \u0111\u1ea7u xe. H\u1ed1c h\u00fat gi\u00f3 m\u1edf to v\u1edbi \u1ed1p nh\u1ef1a \u0111en t\u00edch h\u1ee3p b\u00f3ng s\u01b0\u01a1ng m\u00f9 \u0111\u1eb7t g\u1ecdn r\u1ea5t h\u00e0i ho\u00e0. C\u1ea3n tr\u01b0\u1edbc \u1ed1p kim lo\u1ea1i v\u00e0 l\u00e0m ph\u1ea7n \u0111\u1ebf d\u00e0y h\u01a1n gi\u00fap chi\u1ebfc xe th\u00eam ph\u1ea7n b\u1ec1 th\u1ebf, v\u1eefng v\u00e0ng.<\/p>\n<p><img title=\"Toyota Fortuner Legender 2.4AT 4x2 - H\u00ecnh 2\" src=\"https:\/\/cdn.gianhangvn.com\/image\/toyota-fortuner-legender-2-4at-4x2-2-bcbqmr1.jpg\" alt=\"Toyota Fortuner Legender 2.4AT 4x2 - H\u00ecnh 2\" \/><\/p>\n<p>B\u1ea3n cao c\u1ea5p Fortuner Legender m\u1edbi l\u00e0 b\u01b0\u1edbc \u0111\u00e1nh d\u1ea5u s\u1ef1 l\u1ed9t x\u00e1c ngo\u1ea1n m\u1ee5c c\u1ee7a Fortuner 2021. \u0110\u1ea7u xe c\u1ef1c ng\u1ea7u v\u00e0 hung d\u1eef khi c\u00f3 b\u1ed9 l\u01b0\u1edbi t\u1ea3n nhi\u1ec7t k\u00e9p k\u1ebft h\u1ee3p \u0111\u00e8n pha h\u00ecnh m\u00f3ng vu\u1ed1t c\u1ef1c k\u1ef3 s\u1eafc c\u1ea1nh. H\u1ed1c h\u00fat gi\u00f3 kho\u00e9t c\u1ef1c l\u1edbn c\u1ea5u th\u00e0nh t\u1eeb nh\u1eefng n\u1ebfp g\u1ea5p gi\u00fap xe tr\u00f4ng nam t\u00ednh, \u1ea5n t\u01b0\u1ee3ng h\u01a1n.<\/p>\n<p><img title=\"Toyota Fortuner Legender 2.4AT 4x2 - H\u00ecnh 3\" src=\"https:\/\/cdn.gianhangvn.com\/image\/toyota-fortuner-legender-2-4at-4x2-3-o9fdmr2.jpg\" alt=\"Toyota Fortuner Legender 2.4AT 4x2 - H\u00ecnh 3\" \/><\/p>\n<p>\u0110\u1ea7u xe thi\u1ebft k\u1ebf sang tr\u1ecdng<\/p>\n<p>\u0110\u1eb7c bi\u1ec7t, \u0111\u00e8n pha t\u1ea1o hi\u1ec7u \u1ee9ng s\u1ed1ng \u0111\u1ed9ng nh\u1edd d\u1ea3i LED ban ng\u00e0y t\u1ea1o hi\u1ec7u \u1ee9ng \u00f4 vu\u00f4ng \u0111\u1ee9t li\u1ec1n k\u1ebf nhau r\u1ea5t tinh t\u1ebf. \u0110\u00e8n pha xe c\u0169ng \u1ee9ng d\u1ee5ng c\u00f4ng ngh\u1ec7 dual LED cho kh\u1ea3 n\u0103ng chi\u1ebfu s\u00e1ng hi\u1ec7u qu\u1ea3 h\u01a1n.<\/p>\n<p><img title=\"Toyota Fortuner Legender 2.4AT 4x2 - H\u00ecnh 4\" src=\"https:\/\/cdn.gianhangvn.com\/image\/toyota-fortuner-legender-2-4at-4x2-4-b8m4mr3.jpg\" alt=\"Toyota Fortuner Legender 2.4AT 4x2 - H\u00ecnh 4\" \/><\/p>\n<p>C\u1ee5m \u0111\u00e8n tr\u01b0\u1edbc thi\u1ebft k\u1ebf th\u1ec3 thao<\/p>\n<p><img title=\"Toyota Fortuner Legender 2.4AT 4x2 - H\u00ecnh 5\" src=\"https:\/\/cdn.gianhangvn.com\/image\/toyota-fortuner-legender-2-4at-4x2-5-o6a2mr4.jpg\" alt=\"Toyota Fortuner Legender 2.4AT 4x2 - H\u00ecnh 5\" \/><\/p>\n<p>C\u1ee5m \u0111\u00e8n tr\u01b0\u1edbc<\/p>\n<p>Nh\u00ecn t\u1eeb m\u1ed9t b\u00ean, ph\u1ea7n th\u00e2n xe tr\u00f4ng kh\u00f4ng kh\u00e1c g\u00ec m\u1ea5y so v\u1edbi b\u1ea3n hi\u1ec7n h\u00e0nh. C\u00e1c chi ti\u1ebft thay \u0111\u1ed5i ch\u1ee7 y\u1ebfu l\u00e0 thi\u1ebft k\u1ebf v\u00e0nh xe c\u1ea7u k\u1ef3 h\u01a1n \u0111i c\u00f9ng ph\u1ea7n n\u00f3c s\u01a1n \u0111en kh\u00e1c bi\u1ec7t. Khu v\u1ef1c t\u1eeb tr\u1ee5 C \u0111\u1ed5 v\u1ec1 sau c\u00f3 ph\u1ea7n k\u00ednh c\u1eeda s\u1ed5 \u0111\u1eb7t cao h\u01a1n cho c\u1ea3m gi\u00e1c d\u00e1ng xe \u0111\u1ed3 s\u1ed9, b\u1ec1 th\u1ebf h\u01a1n. Fortuner 2021 c\u00f3 m\u00e2m xe c\u1ea3i ti\u1ebfn v\u1ec1 k\u00edch th\u01b0\u1edbc l\u00ean th\u00e0nh 18 inch.<\/p>\n<p><img title=\"Toyota Fortuner Legender 2.4AT 4x2 - H\u00ecnh 6\" src=\"https:\/\/cdn.gianhangvn.com\/image\/toyota-fortuner-legender-2-4at-4x2-6-94jlmr5.jpg\" alt=\"Toyota Fortuner Legender 2.4AT 4x2 - H\u00ecnh 6\" \/><\/p>\n<p>G\u01b0\u01a1ng chi\u1ebfu h\u1eadu t\u00edch h\u1ee3p \u0111\u00e8n r\u1ebd b\u00e1o<\/p>\n<p><img title=\"Toyota Fortuner Legender 2.4AT 4x2 - H\u00ecnh 7\" src=\"https:\/\/cdn.gianhangvn.com\/image\/toyota-fortuner-legender-2-4at-4x2-7-on3kmr6.jpg\" alt=\"Toyota Fortuner Legender 2.4AT 4x2 - H\u00ecnh 7\" \/><\/p>\n<p>M\u00e2m xe thi\u1ebft k\u1ebf th\u1ec3 thao<\/p>\n<p>Ti\u1ebfn t\u1edbi ph\u1ea7n \u0111u\u00f4i xe v\u1edbi nh\u1eefng tinh ch\u1ec9nh nh\u1ecf nh\u1eb1m mang \u0111\u1ebfn c\u00e1i nh\u00ecn nam t\u00ednh, ph\u00e1 c\u00e1ch h\u01a1n v\u1edbi c\u00e1c n\u1ebfp g\u1ea5p vu\u00f4ng v\u1eafn, g\u00e3y g\u1ecdn cho c\u1ea3m gi\u00e1c h\u00f4ng xe m\u1edf r\u1ed9ng theo ph\u01b0\u01a1ng ngang. \u0110i\u1ec3m nh\u1ea5n ch\u00ednh \u0111\u1ebfn t\u1eeb c\u1ee5m \u0111\u00e8n pha LED h\u00ecnh m\u0169i gi\u00e1o ch\u0129a v\u00e0o nhau mang \u00e2m h\u01b0\u1edfng c\u1ee7a c\u1ee7a Toyota Camry \u0111ang b\u00e1n t\u1ea1i Vi\u1ec7t Nam.<\/p>\n<p><img title=\"Toyota Fortuner Legender 2.4AT 4x2 - H\u00ecnh 8\" src=\"https:\/\/cdn.gianhangvn.com\/image\/toyota-fortuner-legender-2-4at-4x2-8-o9uimr7.jpg\" alt=\"Toyota Fortuner Legender 2.4AT 4x2 - H\u00ecnh 8\" \/><\/p>\n<p>C\u1ee5m \u0111\u00e8n pha LED<\/p>\n<p>Hai b\u00ean, h\u1ed1c h\u00fat gi\u00f3 g\u1ea5p g\u1ecdn v\u00e0o nhau v\u1edbi m\u1ea3ng \u1ed1p b\u1eb1ng nh\u1ef1a \u0111en in h\u00ecnh ch\u1eef L quay v\u00e0o nhau c\u00e0ng nh\u1ea5n m\u1ea1nh t\u00ednh kh\u1ecfe kho\u1eafn, tr\u1ebb trung m\u00e0 xe theo \u0111u\u1ed5i.<\/p>\n<p><img title=\"Toyota Fortuner Legender 2.4AT 4x2 - H\u00ecnh 9\" src=\"https:\/\/cdn.gianhangvn.com\/image\/toyota-fortuner-legender-2-4at-4x2-9-rmr1mr8.jpg\" alt=\"Toyota Fortuner Legender 2.4AT 4x2 - H\u00ecnh 9\" \/><\/p>\n<p>\u0110u\u00f4i xe thi\u1ebft k\u1ebf m\u1ea1nh m\u1ebd<\/p>\n<p>&nbsp;<\/p>\n<h2 class=\"detail-content-title\">N\u1ed9i th\u1ea5t<\/h2>\n<p>Thi\u1ebft k\u1ebf n\u1ed9i th\u1ea5t c\u1ee7a\u00a0<strong>Toyota Fortuner Legender 2.4AT 4&#215;2<\/strong>\u00a0tuy kh\u00f4ng c\u00f3 qu\u00e1 nhi\u1ec1u thay \u0111\u1ed5i b\u1edfi b\u1ed1 c\u1ee5c v\u1eabn bao quanh t\u00e1p l\u00f4 h\u00ecnh v\u00f2ng cung. M\u1eb7t tr\u00ean t\u00e1p l\u00f4 s\u1eed d\u1ee5ng nh\u1ef1a gi\u1ea3 da t\u1ed1i m\u00e0u \u0111\u1eb9p m\u1eaft, b\u1ea3ng \u0111i\u1ec1u khi\u1ec3n trung t\u00e2m d\u1ea1ng tr\u1ee5 \u0111\u1ee9ng vi\u1ec1n nh\u0169 b\u1ea1c 2 b\u00ean. Khu v\u1ef1c c\u1ea7n s\u1ed1 \u1ed1p gi\u1ea3 g\u1ed7 \u0111i\u1ec3m xuy\u1ebft c\u00e1c chi ti\u1ebft nh\u0169 b\u1ea1c c\u00e0ng t\u0103ng th\u00eam t\u00ednh tinh x\u1ea3o cho xe.<\/p>\n<p><img title=\"Toyota Fortuner Legender 2.4AT 4x2 - H\u00ecnh 10\" src=\"https:\/\/cdn.gianhangvn.com\/image\/toyota-fortuner-legender-2-4at-4x2-10-9icpmr9.jpg\" alt=\"Toyota Fortuner Legender 2.4AT 4x2 - H\u00ecnh 10\" \/><\/p>\n<p>Kh\u00f4ng gian n\u1ed9i th\u1ea5t thi\u1ebft k\u1ebf th\u1ec3 thao<\/p>\n<p><img title=\"Toyota Fortuner Legender 2.4AT 4x2 - H\u00ecnh 11\" src=\"https:\/\/cdn.gianhangvn.com\/image\/toyota-fortuner-legender-2-4at-4x2-11-bd36msa.jpg\" alt=\"Toyota Fortuner Legender 2.4AT 4x2 - H\u00ecnh 11\" \/><\/p>\n<p>N\u1ed9i th\u1ea5t thi\u1ebft k\u1ebf r\u1ed9ng r\u00e3i<\/p>\n<p>\u0110\u1eb7c bi\u1ec7t, m\u1ee9c ti\u1ec7n nghi c\u00f3 trong xe \u0111\u01b0\u1ee3c xem l\u00e0 m\u1ed9t b\u01b0\u1edbc c\u1ea3i ti\u1ebfn \u0111\u00e1ng kinh ng\u1ea1c. N\u1ebfu nh\u01b0 tr\u01b0\u1edbc kia Toyota n\u1ed5i ti\u1ebfng v\u1edbi nh\u1eefng chi\u1ebfc xe n\u1ed3i \u0111\u1ed3ng c\u1ed1i \u0111\u00e1 th\u00ec nay Fortuner 2021 \u0111\u00e3 ng\u1eadp tr\u00e0n c\u00f4ng ngh\u1ec7 h\u1eefu \u00edch g\u1ed3m:<\/p>\n<ul>\n<li>Fortuner 2.4AT 4&#215;2 Diesel d\u00f9ng h\u1ec7 th\u1ed1ng \u0111i\u1ec1u h\u00f2a t\u1ef1 \u0111\u1ed9ng<\/li>\n<li>Gh\u1ebf ph\u1ee5 tr\u01b0\u1edbc ch\u1ec9nh \u0111i\u1ec7n<\/li>\n<li>M\u1edf c\u1ed1p r\u1ea3nh tay<\/li>\n<li>M\u00e0n h\u00ecnh c\u1ea3m \u1ee9ng 9 inch<\/li>\n<li>H\u1ed7 tr\u1ee3 k\u1ebft n\u1ed1i Apple CarPlay\/ Android Auto<\/li>\n<li>\u0110\u00e8n LED trang tr\u00ed n\u1ed9i th\u1ea5t<\/li>\n<li>M\u00e0n h\u00ecnh hi\u1ec3n th\u1ecb c\u00f9ng \u0111\u1ed3ng h\u1ed3 4.2 inch<\/li>\n<li>H\u1ec7 th\u1ed1ng vi\u1ec5n th\u00f4ng T-Connect g\u1ed3m c\u00e1c t\u00ednh n\u0103ng nh\u01b0: t\u00ecm xe, ki\u1ec3m tra v\u1ecb tr\u00ed c\u1ee7a xe, nh\u1eafc nh\u1edf b\u1ea3o d\u01b0\u1ee1ng xe\u2026.<\/li>\n<\/ul>\n<p><img title=\"Toyota Fortuner Legender 2.4AT 4x2 - H\u00ecnh 12\" src=\"https:\/\/cdn.gianhangvn.com\/image\/toyota-fortuner-legender-2-4at-4x2-12-r9y3msb.jpg\" alt=\"Toyota Fortuner Legender 2.4AT 4x2 - H\u00ecnh 12\" \/><\/p>\n<p>Tay l\u00e1i b\u1ecdc da<\/p>\n<p><img title=\"Toyota Fortuner Legender 2.4AT 4x2 - H\u00ecnh 13\" src=\"https:\/\/cdn.gianhangvn.com\/image\/toyota-fortuner-legender-2-4at-4x2-13-2wqdmsc.jpg\" alt=\"Toyota Fortuner Legender 2.4AT 4x2 - H\u00ecnh 13\" \/><\/p>\n<p>N\u00fat \u0111i\u1ec1u khi\u1ec3n t\u00edch h\u1ee3p hong c\u1eeda<\/p>\n<p><img title=\"Toyota Fortuner Legender 2.4AT 4x2 - H\u00ecnh 14\" src=\"https:\/\/cdn.gianhangvn.com\/image\/toyota-fortuner-legender-2-4at-4x2-14-opw3msd.jpg\" alt=\"Toyota Fortuner Legender 2.4AT 4x2 - H\u00ecnh 14\" \/><\/p>\n<p>H\u1ec7 th\u1ed1ng gi\u1ea3i tr\u00ed ti\u1ec7n d\u1ee5ng<\/p>\n<p><img title=\"Toyota Fortuner Legender 2.4AT 4x2 - H\u00ecnh 15\" src=\"https:\/\/cdn.gianhangvn.com\/image\/toyota-fortuner-legender-2-4at-4x2-15-ozbimse.jpg\" alt=\"Toyota Fortuner Legender 2.4AT 4x2 - H\u00ecnh 15\" \/><\/p>\n<p>H\u00e0ng gh\u1ebf sau r\u1ed9ng r\u00e3i<\/p>\n<p><img title=\"Toyota Fortuner Legender 2.4AT 4x2 - H\u00ecnh 16\" src=\"https:\/\/cdn.gianhangvn.com\/image\/toyota-fortuner-legender-2-4at-4x2-16-9qnqmsf.jpg\" alt=\"Toyota Fortuner Legender 2.4AT 4x2 - H\u00ecnh 16\" \/><\/p>\n<p>H\u00e0ng gh\u1ebf 3<\/p>\n<p>&nbsp;<\/p>\n<h2 class=\"detail-content-title\">V\u1eadn h\u00e0nh<\/h2>\n<p>Phi\u00ean b\u1ea3n\u00a0<strong>Toyota Fortuner Legender 2.4AT 4&#215;2<\/strong>\u00a0ti\u00eau chu\u1ea9n ch\u1ec9 c\u00f3 duy nh\u1ea5t t\u00f9y ch\u1ecdn \u0111\u1ed9ng c\u01a1 diesel 2GD-FTV 2.4L k\u1ebf th\u1eeba t\u1eeb th\u1ebf h\u1ec7 c\u0169 cho c\u00f4ng su\u1ea5t t\u1ed1i \u0111a 148 m\u00e3 l\u1ef1c t\u1ea1i v\u00f2ng tua 3.400 v\/p v\u00e0 m\u00f4 men xo\u1eafn c\u1ef1c \u0111\u1ea1i 400 Nm t\u1ea1i d\u1ea3i v\u00f2ng tua 1.600-2.000 v\/p.<\/p>\n<p><img title=\"Toyota Fortuner Legender 2.4AT 4x2 - H\u00ecnh 17\" src=\"https:\/\/cdn.gianhangvn.com\/image\/toyota-fortuner-legender-2-4at-4x2-17-9hfmmsg.jpg\" alt=\"Toyota Fortuner Legender 2.4AT 4x2 - H\u00ecnh 17\" \/><\/p>\n<p>H\u1ee3p s\u1ed1 t\u1ef1 \u0111\u1ed9ng v\u1eadn h\u00e0nh m\u1ea1nh m\u1ebd<\/p>\n<p>C\u00e1c \u0111\u1ed9ng c\u01a1 n\u00e0y k\u1ebft h\u1ee3p c\u00f9ng h\u1ed9p s\u1ed1 t\u1ef1 \u0111\u1ed9ng 6 c\u1ea5p v\u00e0 d\u1eabn \u0111\u1ed9ng 2WD.<\/p>\n<p>V\u1ec1 c\u1ea3m gi\u00e1c l\u00e1i, b\u1edfi \u0111\u00e2y l\u00e0 phi\u00ean b\u1ea3n n\u00e2ng c\u1ea5p n\u00ean Fortuner 2021 kh\u00f4ng c\u00f3 nhi\u1ec1u thay \u0111\u1ed5i v\u1ec1 h\u1ec7 truy\u1ec1n \u0111\u1ed9ng. \u0110i\u1ec1u n\u00e0y c\u0169ng \u0111\u1ed3ng ngh\u0129a v\u1edbi vi\u1ec7c c\u1ea3m gi\u00e1c l\u00e1i kh\u00f4ng c\u00f3 qu\u00e1 nhi\u1ec1u kh\u00e1c bi\u1ec7t tr\u1eeb phi\u00ean b\u1ea3n Legender m\u1ea1nh m\u1ebd h\u01a1n.<\/p>\n<p><img title=\"Toyota Fortuner Legender 2.4AT 4x2 - H\u00ecnh 18\" src=\"https:\/\/cdn.gianhangvn.com\/image\/toyota-fortuner-legender-2-4at-4x2-18-9373msh.jpg\" alt=\"Toyota Fortuner Legender 2.4AT 4x2 - H\u00ecnh 18\" \/><\/p>\n<p>\u0110\u1ed9ng c\u01a1 v\u1eadn h\u00e0nh m\u1ea1nh m\u1ebd<\/p>\n<p>Gi\u1ed1ng nh\u01b0 th\u1ebf h\u1ec7 c\u0169, m\u1eabu \u00f4 t\u00f4 m\u1edbi v\u1eadn h\u00e0nh linh ho\u1ea1t v\u00e0 ti\u1ebft ki\u1ec7m b\u1eadc nh\u1ea5t ph\u00e2n kh\u00fac. V\u00f4 l\u0103ng v\u1edbi tr\u1ee3 l\u1ef1c th\u1ee7y l\u1ef1c gi\u00fap v\u00e0o cua hay \u0111\u00e1nh l\u00e1i nh\u1eb9 h\u01a1n khi di chuy\u1ec3n t\u1ea1i c\u00e1c cung \u0111\u01b0\u1eddng ch\u1eadt h\u1eb9p trong \u0111\u00f4 th\u1ecb. Trong khi \u0111\u00f3, thi\u1ebft k\u1ebf g\u1ea7m cao c\u1ee7a d\u00f2ng SUV 7 ch\u1ed7 l\u1ea1i l\u00e0 l\u1ee3i th\u1ebf khi di chuy\u1ec3n \u0111\u01b0\u1eddng tr\u01b0\u1eddng.<\/p>\n<p>\u0110\u01b0\u1ee3c bi\u1ebft, phi\u00ean b\u1ea3n Fortuner m\u1edbi c\u0169ng ti\u1ebft ki\u1ec7m nhi\u00ean li\u1ec7u t\u1ed1t h\u01a1n. H\u1ec7 th\u1ed1ng l\u00e0m m\u00e1t c\u1ea3i thi\u1ec7n cho ph\u00e9p gi\u1ea3m m\u1ee9c ti\u00eau th\u1ee5 nhi\u00ean li\u1ec7u t\u1edbi 17%.<\/p>\n<p>&nbsp;<\/p>\n<h2 class=\"detail-content-title\">An to\u00e0n<\/h2>\n<p>V\u1ec1 c\u00f4ng ngh\u1ec7, g\u00f3i an to\u00e0n Toyota Safety Sense \u0111\u01b0\u1ee3c tr\u00f4ng ch\u1edd c\u00f3 m\u1eb7t tr\u00ean Fortuner t\u1ea1i Vi\u1ec7t Nam, b\u1edfi m\u1eabu b\u00e1n t\u1ea3i Hilux 2020 v\u1eeba ra m\u1eaft \u0111\u00e3 \u0111\u01b0\u1ee3c t\u00edch h\u1ee3p g\u00f3i an to\u00e0n ti\u00ean ti\u1ebfn n\u00e0y, v\u1edbi c\u00e1c t\u00ednh n\u0103ng nh\u01b0 c\u1ea3nh b\u00e1o va ch\u1ea1m s\u1edbm, b\u00e1o l\u1ec7ch l\u00e0n \u0111\u01b0\u1eddng v\u00e0 ga t\u1ef1 \u0111\u1ed9ng th\u00edch \u1ee9ng kho\u1ea3ng c\u00e1ch. C\u00e1c trang b\u1ecb an to\u00e0n kh\u00e1c nhi\u1ec1u kh\u1ea3 n\u0103ng v\u1eabn nh\u01b0 b\u1ea3n c\u0169.<\/p>\n","protected":false},"excerpt":{"rendered":"<p>T\u1ed5ng quan Sau khi\u00a0Toyota Fortuner 2021\u00a0\u0111\u01b0\u1ee3c ra m\u1eaft t\u1ea1i Th\u00e1i Lan th\u00ec m\u1eabu xe n\u00e0y l\u1eadp t\u1ee9c tr\u1edf th\u00e0nh ch\u1ee7 \u0111\u1ec1 b\u00e0n t\u00e1n c\u1ee7a gi\u1edbi m\u00ea xe. Toyota Fortuner 2021 l\u00e0 phi\u00ean b\u1ea3n n\u00e2ng c\u1ea5p v\u1ec1 ngo\u1ea1i th\u1ea5t, t\u00ednh n\u0103ng ti\u1ec7n nghi v\u00e0 t\u0103ng th\u00eam \u0111\u1ed9 m\u1ea1nh m\u1ebd c\u1ee7a d\u00e0n \u0111\u1ed9ng c\u01a1 h\u1ee9a h\u1eb9n \u0111em [&#8230;]\n","protected":false},"featured_media":2725,"comment_status":"open","ping_status":"closed","template":"","meta":[],"_links":{"self":[{"href":"https:\/\/hantoyota.vinastar.info\/index.php?rest_route=\/wp\/v2\/product\/2724"}],"collection":[{"href":"https:\/\/hantoyota.vinastar.info\/index.php?rest_route=\/wp\/v2\/product"}],"about":[{"href":"https:\/\/hantoyota.vinastar.info\/index.php?rest_route=\/wp\/v2\/types\/product"}],"replies":[{"embeddable":true,"href":"https:\/\/hantoyota.vinastar.info\/index.php?rest_route=%2Fwp%2Fv2%2Fcomments&post=2724"}],"wp:featuredmedia":[{"embeddable":true,"href":"https:\/\/hantoyota.vinastar.info\/index.php?rest_route=\/wp\/v2\/media\/2725"}],"wp:attachment":[{"href":"https:\/\/hantoyota.vinastar.info\/index.php?rest_route=%2Fwp%2Fv2%2Fmedia&parent=2724"}],"curies":[{"name":"wp","href":"https:\/\/api.w.org\/{rel}","templated":true}]}}