{"id":2719,"date":"2021-10-08T07:53:32","date_gmt":"2021-10-08T07:53:32","guid":{"rendered":"http:\/\/son.webrt.vn\/hantoyota\/?post_type=product&#038;p=2719"},"modified":"2021-10-11T04:14:06","modified_gmt":"2021-10-11T04:14:06","slug":"camry-2-0g","status":"publish","type":"product","link":"https:\/\/hantoyota.vinastar.info\/?product=camry-2-0g","title":{"rendered":"CAMRY 2.0G"},"content":{"rendered":"<h2 class=\"detail-content-title\">T\u1ed5ng quan<\/h2>\n<p><strong>Toyota Camry 2.0G nh\u1eadp kh\u1ea9u<\/strong>\u00a0th\u1ebf h\u1ec7 th\u1ee9 8 v\u1eeba \u0111\u01b0\u1ee3c nh\u1eadp kh\u1ea9u v\u1ec1 H\u00e0 N\u1ed9i l\u00e0 m\u1eabu xe \u0111\u01b0\u1ee3c s\u1ea3n xu\u1ea5t t\u1ea1i M\u1ef9. Theo m\u1ed9t s\u1ed1 \u0111\u1ea1i l\u00fd ch\u00ednh h\u00e3ng c\u1ee7a Toyota Vi\u1ec7t Nam ti\u1ebft l\u1ed9 ngu\u1ed3n tin m\u1eabu xe Camry m\u1edbi nh\u1ea5t n\u0103m 2019 s\u1ebd nh\u1eadp kh\u1ea9u thay v\u00ec \u0111\u01b0\u1ee3c l\u1eafp r\u00e1p nh\u01b0 tr\u01b0\u1edbc. C\u1ee5 th\u1ec3, ngu\u1ed3n h\u00e0ng s\u1ebd \u0111\u01b0\u1ee3c nh\u1eadp t\u1eeb th\u1ecb tr\u01b0\u1eddng Th\u00e1i Lan ho\u1eb7c Indonesia.<\/p>\n<p><img title=\"Toyota Camry 2.0G Nh\u1eadp Kh\u1ea9u - H\u00ecnh 1\" src=\"https:\/\/cdn.gianhangvn.com\/image\/toyota-camry-2-0g-nhap-khau-1-2pafiul.jpg\" alt=\"Toyota Camry 2.0G Nh\u1eadp Kh\u1ea9u - H\u00ecnh 1\" \/><\/p>\n<p>T\u1ed5ng quan Toyota Camry 2019<\/p>\n<p>B\u00ean c\u1ea1nh \u0111\u00f3, ngu\u1ed3n tin n\u00e0y c\u00f2n cho bi\u1ebft Camry 2019 \u0111\u01b0a v\u1ec1 Vi\u1ec7t Nam bao g\u1ed3m hai phi\u00ean b\u1ea3n: 2.0G v\u00e0 2.5G. D\u1ef1a v\u00e0o k\u00fd hi\u1ec7u G cho th\u1ea5y hai m\u1eabu xe n\u00e0y s\u1ebd c\u00f3 r\u1ea5t nhi\u1ec1u trang b\u1ecb t\u01b0\u01a1ng \u0111\u1ed3ng v\u00e0 \u0111i\u1ec3m kh\u00e1c bi\u1ec7t ch\u1ee7 y\u1ebfu t\u1eadp trung \u1edf chi ti\u1ebft \u0111\u1ed9ng c\u01a1 c\u0169ng nh\u01b0 kh\u1ea3 n\u0103ng v\u1eadn h\u00e0nh. Do \u0111\u00f3, 2 phi\u00ean b\u1ea3n Camry 2018 2.0E v\u00e0 2.5Q \u0111ang b\u00e1n t\u1ea1i th\u1ecb tr\u01b0\u1eddng Vi\u1ec7t Nam s\u1ebd kh\u00f4ng xu\u1ea5t hi\u1ec7n \u1edf phi\u1ec3n b\u1ea3n Camry 2019 th\u1ebf h\u1ec7 m\u1edbi n\u00e0y.<\/p>\n<h2 class=\"detail-content-title\">Ngo\u1ea1i th\u1ea5t<\/h2>\n<p><strong>Toyota Camry<\/strong>\u00a0th\u1ebf h\u1ec7 m\u1edbi nh\u1ea5t mang m\u00e3 XV70 \u0111\u00e3 ra m\u1eaft h\u1ed3i \u0111\u1ea7u n\u0103m 2017 t\u1ea1i th\u1ecb tr\u01b0\u1eddng \u00a0M\u1ef9, sau \u0111\u00f3 \u0111\u01b0\u1ee3c gi\u1edbi thi\u1ec7u t\u1ea1i m\u1ed9t s\u1ed1 n\u01b0\u1edbc \u0110\u00f4ng Nam \u00c1 nh\u01b0 t\u1ea1i Singapore, Th\u00e1i Lan, Malaysia v\u00e0o th\u1eddi gian cu\u1ed1i n\u0103m ngo\u00e1i. C\u00f3 th\u1ec3 th\u1ea5y phi\u00ean b\u1ea3n Toyota Camry 2.0G kho\u00e1c l\u00ean m\u1ed9t di\u1ec7n m\u1ea1o m\u1edbi, c\u00f3 s\u1ef1 thay \u0111\u1ed5i ho\u00e0n to\u00e0n so v\u1edbi th\u1ebf h\u1ec7 c\u0169. Thi\u1ebft k\u1ebf m\u1eb7t ca-l\u0103ng m\u1edbi, trang b\u1ecb c\u1ee5m \u0111\u00e8n pha \u0111\u00e3 \u0111\u01b0\u1ee3c thi\u1ebft k\u1ebf l\u1ea1i, s\u1eed d\u1ee5ng b\u00f3ng LED, c\u00f3 \u0111\u00e8n LED ch\u1ea1y ban ng\u00e0y.<\/p>\n<p><img title=\"Toyota Camry 2.0G Nh\u1eadp Kh\u1ea9u - H\u00ecnh 2\" src=\"https:\/\/cdn.gianhangvn.com\/image\/toyota-camry-2-0g-nhap-khau-2-2okuium.jpg\" alt=\"Toyota Camry 2.0G Nh\u1eadp Kh\u1ea9u - H\u00ecnh 2\" \/><\/p>\n<p>\u0110\u1ea7u xe thi\u1ebft k\u1ebf h\u1ea7m h\u1ed1<\/p>\n<p><img title=\"Toyota Camry 2.0G Nh\u1eadp Kh\u1ea9u - H\u00ecnh 3\" src=\"https:\/\/cdn.gianhangvn.com\/image\/toyota-camry-2-0g-nhap-khau-3-25rhiun.jpg\" alt=\"Toyota Camry 2.0G Nh\u1eadp Kh\u1ea9u - H\u00ecnh 3\" \/><\/p>\n<p>\u0110\u1ea7u xe thi\u1ebft k\u1ebf sang tr\u1ecdng<\/p>\n<p><img title=\"Toyota Camry 2.0G Nh\u1eadp Kh\u1ea9u - H\u00ecnh 4\" src=\"https:\/\/cdn.gianhangvn.com\/image\/toyota-camry-2-0g-nhap-khau-4-2udhiuo.jpg\" alt=\"Toyota Camry 2.0G Nh\u1eadp Kh\u1ea9u - H\u00ecnh 4\" \/><\/p>\n<p>L\u01b0\u1edbi t\u1ea3n nhi\u1ec7t thi\u1ebft k\u1ebf l\u1edbn<\/p>\n<p><img title=\"Toyota Camry 2.0G Nh\u1eadp Kh\u1ea9u - H\u00ecnh 5\" src=\"https:\/\/cdn.gianhangvn.com\/image\/toyota-camry-2-0g-nhap-khau-5-orboiup.jpg\" alt=\"Toyota Camry 2.0G Nh\u1eadp Kh\u1ea9u - H\u00ecnh 5\" \/><\/p>\n<p>\u0110\u00e8n s\u01b0\u01a1ng m\u00f9 t\u0103ng kh\u1ea3 n\u0103ng chi\u1ebfu s\u00e1ng<\/p>\n<p><img title=\"Toyota Camry 2.0G Nh\u1eadp Kh\u1ea9u - H\u00ecnh 6\" src=\"https:\/\/cdn.gianhangvn.com\/image\/toyota-camry-2-0g-nhap-khau-6-o73wiuq.jpg\" alt=\"Toyota Camry 2.0G Nh\u1eadp Kh\u1ea9u - H\u00ecnh 6\" \/><\/p>\n<p>C\u1ee5m \u0111\u00e8n pha<\/p>\n<p>K\u00edch th\u01b0\u1edbc c\u1ee7a\u00a0<strong>Camry 2.0G<\/strong>\u00a0th\u1ebf h\u1ec7 m\u1edbi d\u00e0i, r\u1ed9ng, cao l\u1ea7n l\u01b0\u1ee3t 4.879 x 1.838 x 1.430 mm. Chi\u1ec1u d\u00e0i tr\u1ee5c c\u01a1 s\u1edf \u0111\u1ea1t 2.824 mm, n\u1eb7ng 1,519 kg. N\u1ebfu l\u00e0m ph\u00e9p so s\u00e1nh th\u1ebf h\u1ec7 m\u1edbi v\u1edbi th\u1ebf h\u1ec7 c\u0169 th\u00ec Camry nh\u1eadp kh\u1ea9u th\u1ebf h\u1ec7 th\u1ee9 8 m\u1edbi nh\u1ea5t n\u00e0y nh\u1ec9nh h\u01a1n th\u1ebf c\u0169 \u0111\u00e1ng k\u1ec3.<\/p>\n<p><img title=\"Toyota Camry 2.0G Nh\u1eadp Kh\u1ea9u - H\u00ecnh 7\" src=\"https:\/\/cdn.gianhangvn.com\/image\/toyota-camry-2-0g-nhap-khau-7-rv8riur.jpg\" alt=\"Toyota Camry 2.0G Nh\u1eadp Kh\u1ea9u - H\u00ecnh 7\" \/><\/p>\n<p>Th\u00e2n xe thi\u1ebft k\u1ebf n\u1ed5i b\u1eadt<\/p>\n<p><img title=\"Toyota Camry 2.0G Nh\u1eadp Kh\u1ea9u - H\u00ecnh 8\" src=\"https:\/\/cdn.gianhangvn.com\/image\/toyota-camry-2-0g-nhap-khau-8-bruxius.jpg\" alt=\"Toyota Camry 2.0G Nh\u1eadp Kh\u1ea9u - H\u00ecnh 8\" \/><\/p>\n<p>G\u01b0\u01a1ng chi\u1ebfu h\u1eadu ch\u1ec9nh \u0111i\u1ec7n<\/p>\n<p>Thi\u1ebft k\u1ebf \u0111u\u00f4i xe c\u0169ng \u0111\u01b0\u1ee3c l\u00e0m m\u1edbi l\u1ea1i so v\u1edbi th\u1ebf h\u1ec7 c\u0169. Ph\u1ea7n c\u1ee5m \u0111\u00e8n h\u1eadu thi\u1ebft k\u1ebf thon g\u1ecdn h\u01a1n, s\u1eed d\u1ee5ng b\u00f3ng LED hi\u1ec7n \u0111\u1ea1i. C\u00f3 th\u1ec3 th\u1ea5y, thi\u1ebft k\u1ebf m\u1edbi nh\u1ea5t c\u1ee7a Toyota Camry 2019 n\u00e0y l\u00e0 k\u1ebft qu\u1ea3 c\u1ee7a vi\u1ec7c ti\u1ebfp thu nh\u1eefng nh\u1eadn x\u00e9t, \u0111\u00f3ng g\u00f3p \u00fd ki\u1ebfn t\u1eeb ng\u01b0\u1eddi d\u00f9ng v\u1ec1 c\u00e1c phi\u00ean b\u1ea3n tr\u01b0\u1edbc c\u00f3 thi\u1ebft k\u1ebf nh\u00e0m ch\u00e1n.<\/p>\n<p><img title=\"Toyota Camry 2.0G Nh\u1eadp Kh\u1ea9u - H\u00ecnh 9\" src=\"https:\/\/cdn.gianhangvn.com\/image\/toyota-camry-2-0g-nhap-khau-9-rsfwiut.jpg\" alt=\"Toyota Camry 2.0G Nh\u1eadp Kh\u1ea9u - H\u00ecnh 9\" \/><\/p>\n<p>\u0110\u00e8n h\u1eadu thi\u1ebft k\u1ebf sang tr\u1ecdng<\/p>\n<p><img title=\"Toyota Camry 2.0G Nh\u1eadp Kh\u1ea9u - H\u00ecnh 10\" src=\"https:\/\/cdn.gianhangvn.com\/image\/toyota-camry-2-0g-nhap-khau-10-ry8riuu.jpg\" alt=\"Toyota Camry 2.0G Nh\u1eadp Kh\u1ea9u - H\u00ecnh 10\" \/><\/p>\n<p>\u1ed0ng x\u1ea3<\/p>\n<p><img title=\"Toyota Camry 2.0G Nh\u1eadp Kh\u1ea9u - H\u00ecnh 11\" src=\"https:\/\/cdn.gianhangvn.com\/image\/toyota-camry-2-0g-nhap-khau-11-2vrriuv.jpg\" alt=\"Toyota Camry 2.0G Nh\u1eadp Kh\u1ea9u - H\u00ecnh 11\" \/><\/p>\n<p>\u0110u\u00f4i xe thi\u1ebft k\u1ebf sang tr\u1ecdng<\/p>\n<p>Th\u1eadm ch\u00ed khi nh\u00ecn v\u00e0o thi\u1ebft k\u1ebf t\u1ed5ng th\u1ebf c\u1ee7a chi\u1ebfc Camry m\u1edbi 2019 n\u00e0y, nhi\u1ec1u trang t\u1ea1p ch\u00ed uy t\u00edn tr\u00ean th\u1ebf gi\u1edbi \u0111\u00e3 d\u00e0nh r\u1ea5t nhi\u1ec1u l\u1eddi khen c\u0169ng nh\u01b0 \u0111\u00e1nh gi\u00e1 r\u1ea5t cao v\u1ec1 s\u1ef1 \u0111\u1ed9t ph\u00e1 so v\u1edbi th\u1ebf h\u1ec7 th\u1ee9 tr\u01b0\u1edbc \u0111\u00f3. Phi\u00ean b\u1ea3n\u00a0<strong>Toyota Camry 2.0G<\/strong>\u00a0s\u1eed d\u1ee5ng b\u1ed9 la-z\u0103ng h\u1ee3p kim k\u00edch th\u01b0\u1edbc 16\u00a0inch m\u00e0u b\u1ea1c v\u1edbi \u0111u\u00f4i xe \u0111\u01b0\u1ee3c trang b\u1ecb camera l\u00f9i, c\u00f3 c\u1ea3m bi\u1ebfn tr\u01b0\u1edbc, sau.<\/p>\n<p><img title=\"Toyota Camry 2.0G Nh\u1eadp Kh\u1ea9u - H\u00ecnh 12\" src=\"https:\/\/cdn.gianhangvn.com\/image\/toyota-camry-2-0g-nhap-khau-12-2qfmiuw.jpg\" alt=\"Toyota Camry 2.0G Nh\u1eadp Kh\u1ea9u - H\u00ecnh 12\" \/><\/p>\n<p>M\u00e2m xe thi\u1ebft k\u1ebf th\u1ec3 thao<\/p>\n<h2 class=\"detail-content-title\">N\u1ed9i th\u1ea5t<\/h2>\n<p>Kh\u00f4ng gian cabin \u0111\u01b0\u1ee3c thi\u1ebft k\u1ebf theo phong c\u00e1ch v\u1edbi khu v\u1ef1c t\u00e1p-l\u00f4 s\u1eed d\u1ee5ng ch\u1ea5t li\u1ec7u nh\u1ef1a, da c\u00f9ng \u0111i\u1ec3m xuy\u1ebft c\u00e1c chi ti\u1ebft v\u00e2n g\u1ed7. Xe c\u00f2n \u0111\u01b0\u1ee3c trang b\u1ecb g\u01b0\u01a1ng ch\u1ed1ng ch\u00f3i ch\u1ec9nh \u0111i\u1ec7n.<\/p>\n<p><img title=\"Toyota Camry 2.0G Nh\u1eadp Kh\u1ea9u - H\u00ecnh 13\" src=\"https:\/\/cdn.gianhangvn.com\/image\/toyota-camry-2-0g-nhap-khau-13-bisaiux.jpg\" alt=\"Toyota Camry 2.0G Nh\u1eadp Kh\u1ea9u - H\u00ecnh 13\" \/><\/p>\n<p>Kh\u00f4ng gian n\u1ed9i th\u1ea5t sang tr\u1ecdng<\/p>\n<p><img title=\"Toyota Camry 2.0G Nh\u1eadp Kh\u1ea9u - H\u00ecnh 14\" src=\"https:\/\/cdn.gianhangvn.com\/image\/toyota-camry-2-0g-nhap-khau-14-rk1diuy.jpg\" alt=\"Toyota Camry 2.0G Nh\u1eadp Kh\u1ea9u - H\u00ecnh 14\" \/><\/p>\n<p>N\u1ed9i th\u1ea5t b\u1ecdc da cao c\u1ea5p<\/p>\n<p>Camry th\u1ebf h\u1ec7 th\u1ee9 8 nh\u1eadp kh\u1ea9u 2019 s\u1eed d\u1ee5ng v\u00f4 l\u0103ng b\u1ecdc da t\u1ed5ng h\u1ee3p, v\u1edbi 3 ch\u1ea5u t\u00edch h\u1ee3p \u0111a ch\u1ee9c n\u0103ng \u0111i\u1ec1u khi\u1ec3n h\u1ec7 th\u1ed1ng th\u00f4ng tin gi\u1ea3i tr\u00ed c\u1ee7a xe. H\u1ec7 th\u1ed1ng ga t\u1ef1 \u0111\u1ed9ng (cruise control) s\u1ebd \u0111\u01b0\u1ee3c \u0111i\u1ec1u ch\u1ec9nh tr\u00ean v\u00f4 l\u0103ng.<\/p>\n<p><img title=\"Toyota Camry 2.0G Nh\u1eadp Kh\u1ea9u - H\u00ecnh 15\" src=\"https:\/\/cdn.gianhangvn.com\/image\/toyota-camry-2-0g-nhap-khau-15-buldiuz.jpg\" alt=\"Toyota Camry 2.0G Nh\u1eadp Kh\u1ea9u - H\u00ecnh 15\" \/><\/p>\n<p>N\u1ed9i th\u1ea5t r\u1ed9ng r\u00e3i<\/p>\n<p><img title=\"Toyota Camry 2.0G Nh\u1eadp Kh\u1ea9u - H\u00ecnh 16\" src=\"https:\/\/cdn.gianhangvn.com\/image\/toyota-camry-2-0g-nhap-khau-16-bleriu0.jpg\" alt=\"Toyota Camry 2.0G Nh\u1eadp Kh\u1ea9u - H\u00ecnh 16\" \/><\/p>\n<p>V\u00f4 l\u0103ng b\u1ecdc da<\/p>\n<p>Tr\u00ean t\u00e1p-l\u00f4 l\u00e0 s\u1ef1 xu\u1ea5t hi\u1ec7n n\u1ed5i b\u1eadt c\u1ee7a m\u00e0n h\u00ecnh c\u1ea3m \u1ee9ng 10 inch cho ph\u00e9p \u0111i\u1ec1u khi\u1ec3n h\u1ec7 th\u1ed1ng th\u00f4ng tin gi\u1ea3i tr\u00ed tr\u00ean xe. Camry m\u1edbi 2019 \u0111\u01b0\u1ee3c trang b\u1ecb t\u1edbi 3 c\u1ed5ng k\u1ebft n\u1ed1i USB, cho ph\u00e9p k\u1ebft n\u1ed1i Apple CarPlay, h\u1ec7 th\u1ed1ng \u00e2m thanh 6 loa trung th\u1ef1c. Xe s\u1eed d\u1ee5ng h\u1ec7 th\u1ed1ng \u0111i\u1ec1u ho\u00e0 2 v\u00f9ng \u0111\u1ed9c l\u1eadp, t\u00edch h\u1ee3p s\u1ea1c kh\u00f4ng d\u00e2y chu\u1ea9n Qi.<\/p>\n<p><img title=\"Toyota Camry 2.0G Nh\u1eadp Kh\u1ea9u - H\u00ecnh 17\" src=\"https:\/\/cdn.gianhangvn.com\/image\/toyota-camry-2-0g-nhap-khau-17-rwaiiu1.jpg\" alt=\"Toyota Camry 2.0G Nh\u1eadp Kh\u1ea9u - H\u00ecnh 17\" \/><\/p>\n<p>T\u00e1p l\u00f4 n\u1ed5i b\u1eadt<\/p>\n<p><img title=\"Toyota Camry 2.0G Nh\u1eadp Kh\u1ea9u - H\u00ecnh 18\" src=\"https:\/\/cdn.gianhangvn.com\/image\/toyota-camry-2-0g-nhap-khau-18-o7r0iu2.jpg\" alt=\"Toyota Camry 2.0G Nh\u1eadp Kh\u1ea9u - H\u00ecnh 18\" \/><\/p>\n<p>M\u00e0n h\u00ecnh gi\u1ea3i tr\u00ed hi\u1ec3n th\u1ecb \u0111a th\u00f4ng tin<\/p>\n<p>Xe s\u1eed d\u1ee5ng phanh tay \u0111i\u1ec7n t\u1eed c\u00f3 t\u00ednh n\u0103ng gi\u1eef phanh t\u1ef1 \u0111\u1ed9ng. Xe c\u00f3 3 ch\u1ebf \u0111\u1ed9 v\u1eadn h\u00e0nh g\u1ed3m Eco, Normal v\u00e0 Sport. Camry XLE c\u00f2n \u0111\u01b0\u1ee3c trang b\u1ecb c\u1eeda s\u1ed5 tr\u1eddi to\u00e0n c\u1ea3nh.<\/p>\n<p><img title=\"Toyota Camry 2.0G Nh\u1eadp Kh\u1ea9u - H\u00ecnh 19\" src=\"https:\/\/cdn.gianhangvn.com\/image\/toyota-camry-2-0g-nhap-khau-19-9xweiu3.jpg\" alt=\"Toyota Camry 2.0G Nh\u1eadp Kh\u1ea9u - H\u00ecnh 19\" \/><\/p>\n<p>N\u00fat \u0111i\u1ec1u khi\u1ec3n<\/p>\n<p><img title=\"Toyota Camry 2.0G Nh\u1eadp Kh\u1ea9u - H\u00ecnh 20\" src=\"https:\/\/cdn.gianhangvn.com\/image\/toyota-camry-2-0g-nhap-khau-20-rb8ziu4.jpg\" alt=\"Toyota Camry 2.0G Nh\u1eadp Kh\u1ea9u - H\u00ecnh 20\" \/><\/p>\n<p>H\u00f4ng c\u1eeda thi\u1ebft k\u1ebf ti\u1ec7m d\u1ee5ng<\/p>\n<p><img title=\"Toyota Camry 2.0G Nh\u1eadp Kh\u1ea9u - H\u00ecnh 21\" src=\"https:\/\/cdn.gianhangvn.com\/image\/toyota-camry-2-0g-nhap-khau-21-rmhgiu5.jpg\" alt=\"Toyota Camry 2.0G Nh\u1eadp Kh\u1ea9u - H\u00ecnh 21\" \/><\/p>\n<p>Gh\u1ebf ng\u1ed3i ch\u1ec9nh \u0111i\u1ec7n<\/p>\n<p><img title=\"Toyota Camry 2.0G Nh\u1eadp Kh\u1ea9u - H\u00ecnh 22\" src=\"https:\/\/cdn.gianhangvn.com\/image\/toyota-camry-2-0g-nhap-khau-22-o1gtiu6.jpg\" alt=\"Toyota Camry 2.0G Nh\u1eadp Kh\u1ea9u - H\u00ecnh 22\" \/><\/p>\n<p>H\u00e0ng gh\u1ebf sau r\u1ed9ng r\u00e3i<\/p>\n<p>&nbsp;<\/p>\n<p><img title=\"Toyota Camry 2.0G Nh\u1eadp Kh\u1ea9u - H\u00ecnh 24\" src=\"https:\/\/cdn.gianhangvn.com\/image\/toyota-camry-2-0g-nhap-khau-24-29ooiu8.jpg\" alt=\"Toyota Camry 2.0G Nh\u1eadp Kh\u1ea9u - H\u00ecnh 24\" \/><\/p>\n<p>Khoang h\u00e0nh l\u00fd r\u1ed9ng l\u1edbn<\/p>\n<h2 class=\"detail-content-title\">V\u1eadn h\u00e0nh<\/h2>\n<p><strong>Camry 2.0G<\/strong>\u00a0m\u1edbi \u0111\u01b0\u1ee3c trang b\u1ecb \u0111\u1ed9ng c\u01a1 2.0L, 4 xi-lanh, VVT-i, c\u00f3 kh\u1ea3 n\u0103ng t\u1ea1o c\u00f4ng su\u1ea5t 203 m\u00e3 l\u1ef1c t\u1ea1i v\u00f2ng tua m\u00e1y 6.600 v\u00f2ng\/ph\u00fat v\u00e0 m\u00f4-men xo\u1eafn 250 Nm t\u1ea1i v\u00f2ng tua m\u00e1y 5.000. Xe s\u1eed d\u1ee5ng h\u1ed9p s\u1ed1 t\u1ef1 \u0111\u1ed9ng 8 c\u1ea5p.<\/p>\n<p><img title=\"Toyota Camry 2.0G Nh\u1eadp Kh\u1ea9u - H\u00ecnh 25\" src=\"https:\/\/cdn.gianhangvn.com\/image\/toyota-camry-2-0g-nhap-khau-25-ohwjiu9.jpg\" alt=\"Toyota Camry 2.0G Nh\u1eadp Kh\u1ea9u - H\u00ecnh 25\" \/><\/p>\n<p>\u0110\u1ed9ng c\u01a1 v\u1eadn h\u00e0nh m\u1ea1nh m\u1ebd<\/p>\n<p><img title=\"Toyota Camry 2.0G Nh\u1eadp Kh\u1ea9u - H\u00ecnh 26\" src=\"https:\/\/cdn.gianhangvn.com\/image\/toyota-camry-2-0g-nhap-khau-26-otziiva.jpg\" alt=\"Toyota Camry 2.0G Nh\u1eadp Kh\u1ea9u - H\u00ecnh 26\" \/><\/p>\n<p>H\u1ed9p s\u1ed1 t\u1ef1 \u0111\u1ed9ng ti\u1ebft ki\u1ec7m nhi\u00ean li\u1ec7u<\/p>\n<h2 class=\"detail-content-title\">An to\u00e0n<\/h2>\n<p><strong>H\u1ec7 th\u1ed1ng an to\u00e0n tr\u00ean Toyota Camry nh\u1eadp kh\u1ea9u 2019 g\u1ed3m<\/strong><\/p>\n<ul>\n<li>10 t\u00fai kh\u00ed<\/li>\n<li>T\u00ednh n\u0103ng ph\u00e1t hi\u1ec7n ng\u01b0\u1eddi \u0111i b\u1ed9 ngang tr\u01b0\u1edbc \u0111\u1ea7u xe<\/li>\n<li>T\u00ednh n\u0103ng c\u1ea3nh b\u00e1o l\u1ec7ch l\u00e0n<\/li>\n<li>H\u1ed7 tr\u1ee3 \u0111\u00e1nh l\u00e1i<\/li>\n<li>Trang b\u1ecb \u0111\u00e8n pha t\u1ef1 \u0111\u1ed9ng<\/li>\n<li>C\u1ea3nh b\u00e1o \u0111i\u1ec3m m\u00f9<\/li>\n<li>C\u1ea3nh b\u00e1o ph\u01b0\u01a1ng ti\u1ec7n c\u1eaft ngang ph\u00eda sau<\/li>\n<li>H\u1ec7 th\u1ed1ng h\u1ed7 tr\u1ee3 kh\u1edfi h\u00e0nh ngang d\u1ed1c<\/li>\n<li>C\u00e2n b\u1eb1ng \u0111i\u1ec7n t\u1eed<\/li>\n<li>Ki\u1ec3m so\u00e1t l\u1ef1c k\u00e9o<\/li>\n<li>H\u1ed7 tr\u1ee3 phanh kh\u1ea9n c\u1ea5p<\/li>\n<li>H\u1ec7 th\u1ed1ng ch\u1ed1ng b\u00f3 c\u1ee9ng phanh,&#8230;<\/li>\n<\/ul>\n","protected":false},"excerpt":{"rendered":"<p>T\u1ed5ng quan Toyota Camry 2.0G nh\u1eadp kh\u1ea9u\u00a0th\u1ebf h\u1ec7 th\u1ee9 8 v\u1eeba \u0111\u01b0\u1ee3c nh\u1eadp kh\u1ea9u v\u1ec1 H\u00e0 N\u1ed9i l\u00e0 m\u1eabu xe \u0111\u01b0\u1ee3c s\u1ea3n xu\u1ea5t t\u1ea1i M\u1ef9. Theo m\u1ed9t s\u1ed1 \u0111\u1ea1i l\u00fd ch\u00ednh h\u00e3ng c\u1ee7a Toyota Vi\u1ec7t Nam ti\u1ebft l\u1ed9 ngu\u1ed3n tin m\u1eabu xe Camry m\u1edbi nh\u1ea5t n\u0103m 2019 s\u1ebd nh\u1eadp kh\u1ea9u thay v\u00ec \u0111\u01b0\u1ee3c l\u1eafp r\u00e1p [&#8230;]\n","protected":false},"featured_media":2720,"comment_status":"open","ping_status":"closed","template":"","meta":[],"_links":{"self":[{"href":"https:\/\/hantoyota.vinastar.info\/index.php?rest_route=\/wp\/v2\/product\/2719"}],"collection":[{"href":"https:\/\/hantoyota.vinastar.info\/index.php?rest_route=\/wp\/v2\/product"}],"about":[{"href":"https:\/\/hantoyota.vinastar.info\/index.php?rest_route=\/wp\/v2\/types\/product"}],"replies":[{"embeddable":true,"href":"https:\/\/hantoyota.vinastar.info\/index.php?rest_route=%2Fwp%2Fv2%2Fcomments&post=2719"}],"wp:featuredmedia":[{"embeddable":true,"href":"https:\/\/hantoyota.vinastar.info\/index.php?rest_route=\/wp\/v2\/media\/2720"}],"wp:attachment":[{"href":"https:\/\/hantoyota.vinastar.info\/index.php?rest_route=%2Fwp%2Fv2%2Fmedia&parent=2719"}],"curies":[{"name":"wp","href":"https:\/\/api.w.org\/{rel}","templated":true}]}}