{"id":2715,"date":"2021-10-08T07:39:48","date_gmt":"2021-10-08T07:39:48","guid":{"rendered":"http:\/\/son.webrt.vn\/hantoyota\/?post_type=product&#038;p=2715"},"modified":"2021-10-11T04:21:40","modified_gmt":"2021-10-11T04:21:40","slug":"hilux-2-4e-4x2-at-mlm","status":"publish","type":"product","link":"https:\/\/hantoyota.vinastar.info\/?product=hilux-2-4e-4x2-at-mlm","title":{"rendered":"HILUX 2.4E 4X2 AT MLM"},"content":{"rendered":"<h2 class=\"detail-content-title\">T\u1ed5ng quan<\/h2>\n<p>Toyota ch\u00ednh th\u1ee9c g\u00f3p m\u1eb7t v\u00e0o l\u00e0ng b\u00e1n t\u1ea3i Vi\u1ec7t Nam v\u00e0o n\u0103m 2015 v\u1edbi m\u1eabu xe Hilux. Th\u1eddi \u0111i\u1ec3m \u0111\u00f3, m\u1eabu xe n\u00e0y nh\u1eadn \u0111\u01b0\u1ee3c kh\u00f4ng \u00edt s\u1ef1 ho\u00e0i nghi b\u1edfi xe b\u00e1n t\u1ea3i kh\u00f4ng ph\u1ea3i l\u00e0 th\u1ebf m\u1ea1nh c\u1ee7a nh\u1eefng th\u01b0\u01a1ng hi\u1ec7u Nh\u1eadt B\u1ea3n, nh\u1ea5t l\u00e0 v\u1edbi Toyota.<\/p>\n<p>Tuy nhi\u00ean, sau nhi\u1ec1u l\u1ea7n n\u00e2ng c\u1ea5p v\u00e0 s\u1eeda \u0111\u1ed5i,\u00a0<strong>Toyota Hilux<\/strong>\u00a0ng\u00e0y c\u00e0ng \u0111\u01b0\u1ee3c nhi\u1ec1u s\u1ef1 quan t\u00e2m t\u1eeb kh\u00e1ch h\u00e0ng Vi\u1ec7t. Hi\u1ec7n t\u1ea1i, Toyota Hilux 2019 All New (2020) l\u00e0 phi\u00ean b\u1ea3n m\u1edbi nh\u1ea5t v\u00e0 \u0111\u01b0\u1ee3c nh\u1eadp kh\u1ea9u nguy\u00ean chi\u1ebfc Th\u00e1i lan.<\/p>\n<p>Toyota Hilux 2020 s\u1ebd c\u1ea1nh tranh c\u00f9ng c\u00e1c t\u00ean tu\u1ed5i l\u1edbn nh\u01b0 b\u00e1n t\u1ea3i Ford Ranger 2020, Chevrolet Colorado 2020, Nissan Navara 2020, Mitsubishi Triton 2020 hay Mazda BT-50 2020\u2026<\/p>\n<p><img title=\"Toyota Hilux 2.4L 4X2 MT - H\u00ecnh 1\" src=\"https:\/\/cdn.gianhangvn.com\/image\/toyota-hilux-2-4l-4x2-mt-1-9ivdl78.jpg\" alt=\"Toyota Hilux 2.4L 4X2 MT - H\u00ecnh 1\" \/><\/p>\n<p>Toyota Hilux m\u1eabu b\u00e1n t\u1ea3i thi\u1ebft k\u1ebf m\u1ea1nh m\u1ebd<\/p>\n<h2 class=\"detail-content-title\">Ngo\u1ea1i th\u1ea5t<\/h2>\n<p>K\u1ec3 t\u1eeb khi ra m\u1eaft th\u1ebf h\u1ec7 hi\u1ec7n t\u1ea1i, Toyota Hilux \u0111\u00e3 \u0111\u01b0\u1ee3c s\u1eeda \u0111\u1ed5i v\u00e0 b\u1ed5 sung kh\u00e1 nhi\u1ec1u nh\u1eb1m thu h\u00fat kh\u00e1ch h\u00e0ng m\u1ee5c ti\u00eau c\u1ee7a d\u00f2ng xe b\u00e1n t\u1ea3i. Hi\u1ec7n t\u1ea1i, phong c\u00e1ch thi\u1ebft k\u1ebf c\u1ee7a Hilux 2020 c\u0169ng \u0111\u01b0\u1ee3c chia ra hai phi\u00ean b\u1ea3n t\u01b0\u01a1ng t\u1ef1 nh\u01b0 n\u0103m 2019. Phi\u00ean b\u1ea3n s\u1ed1 s\u00e0n c\u1ee7a\u00a0<strong>Toyota Hilux 2020<\/strong>\u00a0c\u00f3 phong c\u00e1ch thi\u1ebft k\u1ebf m\u1ea1nh m\u1ebd, ch\u1eafc ch\u1eafn.<\/p>\n<p><img title=\"Toyota Hilux 2.4L 4X2 MT - H\u00ecnh 3\" src=\"https:\/\/cdn.gianhangvn.com\/image\/toyota-hilux-2-4l-4x2-mt-3-29tpl79.jpg\" alt=\"Toyota Hilux 2.4L 4X2 MT - H\u00ecnh 3\" \/><\/p>\n<p>Toyota Hilux m\u1eabu b\u00e1n t\u1ea3i thi\u1ebft k\u1ebf m\u1ea1nh m\u1ebd<\/p>\n<p>\u1ede ph\u1ea7n \u0111\u1ea7u xe, trang b\u1ecb \u0111\u00e8n chi\u1ebfu g\u1ea7n v\u00e0 \u0111\u00e8n chi\u1ebfu xa l\u00e0 lo\u1ea1i ph\u1ea3n x\u1ea1 \u0111a h\u01b0\u1edbng. Kh\u00f4ng qu\u00e1 b\u1ea5t ng\u1edd v\u00ec Hilux 2.4L 4&#215;2 MT l\u00e0 phi\u00ean b\u1ea3n ti\u00eau chu\u1ea9n n\u00ean s\u1ebd \u0111\u01b0\u1ee3c gia gi\u1ea3m c\u00e1c t\u00ednh n\u0103ng \u0111\u1ec3 ph\u00f9 h\u1ee3p v\u1edbi gi\u00e1 b\u00e1n.<\/p>\n<p><img title=\"Toyota Hilux 2.4L 4X2 MT - H\u00ecnh 5\" src=\"https:\/\/cdn.gianhangvn.com\/image\/toyota-hilux-2-4l-4x2-mt-5-rfnal8a.jpg\" alt=\"Toyota Hilux 2.4L 4X2 MT - H\u00ecnh 5\" \/><\/p>\n<p>\u0110\u1ea7u xe thi\u1ebft k\u1ebf m\u1ea1nh m\u1ebd<\/p>\n<p>Ti\u1ebfn t\u1edbi b\u00ean h\u00f4ng xe, Toyota Hilux 2020 v\u1eabn gi\u1eef nguy\u00ean thi\u1ebft k\u1ebf thu\u1ea7n xe b\u00e1n t\u1ea3i v\u1edbi c\u00e1c g\u00f3c vu\u00f4ng v\u00e0 \u0111\u01b0\u1eddng th\u1eb3ng n\u1eb1m ngang t\u1eeb tr\u01b0\u1edbc ra sau. N\u1ed5i b\u1eadt tr\u00ean th\u00e2n xe l\u00e0 c\u00e1c \u0111\u01b0\u1eddng d\u1eadp ch\u00ecm gi\u00fap t\u0103ng v\u1ebb c\u01a1 b\u1eafp. Trang b\u1ecb hai b\u00ean h\u00f4ng c\u0169ng t\u01b0\u01a1ng \u0111\u1ed1i \u0111\u1ee7 d\u00f9ng v\u1edbi b\u1eadc l\u00ean xu\u1ed1ng t\u00edch h\u1ee3p v\u00e0 g\u01b0\u01a1ng chi\u1ebfu h\u1eadu ch\u1ec9nh \u0111i\u1ec7n t\u00edch h\u1ee3p \u0111\u00e8n b\u00e1o r\u1ebd c\u01a1 b\u1ea3n.<\/p>\n<p>Phong c\u00e1ch thi\u1ebft k\u1ebf la-z\u0103ng Toyota Hilux hi\u1ec7n \u0111\u1ea1i v\u00e0 th\u1ec3 thao. Phi\u00ean b\u1ea3n 2.4 \u0111\u01b0\u1ee3c trang b\u1ecb la-z\u0103ng h\u1ee3p kim 17 inch, thi\u1ebft k\u1ebf 6 ch\u1ea5u \u0111i k\u00e8m th\u00f4ng s\u1ed1 l\u1ed1p 265\/65R17.<\/p>\n<p><img title=\"Toyota Hilux 2.4L 4X2 MT - H\u00ecnh 7\" src=\"https:\/\/cdn.gianhangvn.com\/image\/toyota-hilux-2-4l-4x2-mt-7-9av9l8b.jpg\" alt=\"Toyota Hilux 2.4L 4X2 MT - H\u00ecnh 7\" \/><\/p>\n<p>Phong c\u00e1ch thi\u1ebft k\u1ebf la-z\u0103ng Toyota Hilux hi\u1ec7n \u0111\u1ea1i v\u00e0 th\u1ec3 thao<\/p>\n<p>\u0110u\u00f4i xe Toyota Hilux 2020 v\u1eabn gi\u1eef thi\u1ebft k\u1ebf xe b\u00e1n t\u1ea3i truy\u1ec1n th\u1ed1ng v\u1edbi c\u1ee5m \u0111\u00e8n h\u1eadu halogen 2 t\u1ea7ng \u0111\u1ee9ng ph\u00eda sau. \u0110i\u1ec3m kh\u00e1c bi\u1ec7t ph\u00eda \u0111u\u00f4i xe c\u00e1c phi\u00ean b\u1ea3n Hilux 2020 l\u00e0 c\u1ea3n sau, \u0111\u1ed1i v\u1edbi b\u1ea3n 2.4 c\u00f3 c\u1ea3n sau s\u01a1n \u0111en. Tr\u00ean c\u1ea3n sau c\u0169ng thi\u1ebft k\u1ebf b\u1eadc l\u00ean xu\u1ed1ng ti\u1ec7n d\u1ee5ng, \u0111\u1ed3ng th\u1eddi t\u00edch h\u1ee3p \u0111\u00e8n phanh th\u1ee9 ba ng\u00e0y ch\u1eafn th\u00f9ng h\u00e0ng, kh\u00f4ng b\u1ecb khu\u1ea5t n\u1ebfu ng\u01b0\u1eddi d\u00f9ng c\u1ea7n ng\u1eafn ph\u1ee5 ki\u1ec7n n\u1eafp th\u00f9ng cao.<\/p>\n<p>Toyota Hilux 2020 c\u0169ng s\u1edf h\u1eefu k\u00edch th\u01b0\u1edbc ti\u00eau chu\u1ea9n c\u1ee7a c\u00e1c d\u00f2ng xe b\u00e1n t\u1ea3i ng\u00e0y nay. Th\u00f4ng s\u1ed1 d\u00e0i x r\u1ed9ng x cao l\u1ea7n l\u01b0\u1ee3t l\u00e0 5.330 x 1.855 x 1.815 (mm). Chi\u1ec1u d\u00e0i c\u01a1 s\u1edf l\u1edbn v\u1edbi 3.085 mm, khi\u1ebfn d\u00f2ng xe n\u00e0y ph\u1ea3i m\u1edf r\u1ed9ng b\u00e1n k\u00ednh v\u00f2ng quay t\u1ed1i thi\u1ec3u l\u00ean \u0111\u1ebfn 5,4 m\u00e9t. Tuy nhi\u00ean, Toyota Hilux 2020 c\u0169ng s\u1edf h\u1eefu kho\u1ea3ng s\u00e1ng g\u1ea7m l\u00ean \u0111\u1ebfn 310mm, l\u1edbn nh\u1ea5t ph\u00e2n kh\u00fac, gi\u00fap xe ti\u1ec7n d\u1ee5ng b\u0103ng r\u1eebng, v\u01b0\u1ee3t su\u1ed1i khi c\u1ea7n thi\u1ebft.<\/p>\n<p><img title=\"Toyota Hilux 2.4L 4X2 MT - H\u00ecnh 9\" src=\"https:\/\/cdn.gianhangvn.com\/image\/toyota-hilux-2-4l-4x2-mt-9-oyxtl8c.jpg\" alt=\"Toyota Hilux 2.4L 4X2 MT - H\u00ecnh 9\" \/><\/p>\n<p>\u0110u\u00f4i xe Toyota Hilux thi\u1ebft k\u1ebf m\u1ea1nh m\u1ebd<\/p>\n<p>K\u00edch th\u01b0\u1edbc th\u00f9ng h\u00e0ng Toyota Hilux 2020 v\u1eabn t\u01b0\u01a1ng \u0111\u1ed1i l\u1edbn cho nhu c\u1ea7u chuy\u00ean ch\u1edf v\u1eeba ph\u1ea3i. Th\u00f4ng s\u1ed1 d\u00e0i x r\u1ed9ng x cao l\u1ea7n l\u01b0\u1ee3t l\u00e0 1.525 x 1.540 x 480 (mm). Tr\u00ean th\u00f9ng h\u00e0ng c\u0169ng t\u00edch h\u1ee3p s\u1eb5n c\u00e1c m\u00f3c kh\u00f3a kh\u00e1 ti\u1ec7n khi c\u1ea7n chuy\u00ean ch\u1edf c\u00e1c h\u00e0ng h\u00f3a c\u1ed3ng k\u1ec1nh.<\/p>\n<h2 class=\"detail-content-title\">N\u1ed9i th\u1ea5t<\/h2>\n<p>Khoang n\u1ed9i th\u1ea5t\u00a0<strong>Toyota Hilux 2020<\/strong>\u00a0v\u1eabn s\u1edf h\u1eefu thi\u1ebft k\u1ebf hi\u1ec7n \u0111\u1ea1i, \u0111\u1eadm d\u1ea5u \u1ea5n c\u00f4ng ngh\u1ec7. Tuy nhi\u00ean vi\u1ec7c x\u1ebfp l\u1edbp ch\u1ed3ng ch\u00e9o tr\u00ean b\u1ea3ng t\u00e1p l\u00f4 b\u1ea5t \u0111\u1ed1i x\u1ee9ng t\u1ea1o \u1ea5n t\u01b0\u1ee3ng kh\u00e1 r\u1ed1i m\u1eaft ng\u01b0\u1eddi d\u00f9ng.<\/p>\n<p><img title=\"Toyota Hilux 2.4L 4X2 MT - H\u00ecnh 11\" src=\"https:\/\/cdn.gianhangvn.com\/image\/toyota-hilux-2-4l-4x2-mt-11-2svbl8d.jpg\" alt=\"Toyota Hilux 2.4L 4X2 MT - H\u00ecnh 11\" \/><\/p>\n<p>Kh\u00f4ng gian n\u1ed9i th\u1ea5t thi\u1ebft k\u1ebf r\u1ed9ng<\/p>\n<p>C\u1ee5m v\u00f4 l\u0103ng Toyota Hilux 2020 c\u00f3 thi\u1ebft k\u1ebf 3 ch\u1ea5u hi\u1ec7n \u0111\u1ea1i v\u00e0 th\u1ec3 thao. V\u00f4 l\u0103ng ti\u00eau chu\u1ea9n s\u1ebd s\u1eed d\u1ee5ng ch\u1ea5t li\u1ec7u urethan, \u0111i\u1ec1u ch\u1ec9nh 2 h\u01b0\u1edbng, t\u00edch h\u1ee3p \u0111i\u1ec1u khi\u1ec3n \u00e2m thanh v\u00e0 \u0111\u00e0m tho\u1ea1i r\u1ea3nh tay.<\/p>\n<p><img title=\"Toyota Hilux 2.4L 4X2 MT - H\u00ecnh 13\" src=\"https:\/\/cdn.gianhangvn.com\/image\/toyota-hilux-2-4l-4x2-mt-13-9rngl8e.jpg\" alt=\"Toyota Hilux 2.4L 4X2 MT - H\u00ecnh 13\" \/><\/p>\n<p>Tay l\u00e1i thi\u1ebft k\u1ebf 3 ch\u1ea5u hi\u1ec7n \u0111\u1ea1i v\u00e0 th\u1ec3 thao<\/p>\n<p>\u0110\u1ed3ng h\u1ed3 l\u00e1i Toyota Hilux 2020 c\u0169ng trang b\u1ecb ti\u00eau chu\u1ea9n Analog c\u01a1 b\u1ea3n v\u1edbi c\u00e1c \u0111\u00e8n b\u00e1o Eco v\u00e0 b\u00e1o l\u01b0\u1ee3ng ti\u00eau th\u1ee5 nhi\u00ean li\u1ec7u, t\u00edch h\u1ee3p m\u1ed9t m\u00e0n h\u00ecnh th\u00f4ng tin kh\u00e1 nh\u1ecf.<\/p>\n<p><img title=\"Toyota Hilux 2.4L 4X2 MT - H\u00ecnh 15\" src=\"https:\/\/cdn.gianhangvn.com\/image\/toyota-hilux-2-4l-4x2-mt-15-ohebl8f.jpg\" alt=\"Toyota Hilux 2.4L 4X2 MT - H\u00ecnh 15\" \/><\/p>\n<p>C\u1ee5m \u0111\u1ed3 h\u1ed3 hi\u1ec7n th\u1ecb \u0111a th\u00f4ng tin<\/p>\n<p>Gh\u1ebf ng\u1ed3i Toyota Hilux 2020 c\u0169ng kh\u00f4ng c\u00f3 nhi\u1ec1u \u0111i\u1ec3m nh\u1ea5n.\u00a0<strong>Toyota Hilux 2.4L\u00a04&#215;2 MT<\/strong>\u00a0s\u1ebd trang b\u1ecb gh\u1ebf ng\u1ed3i b\u1ecdc n\u1ec9 v\u00e0 h\u00e0ng gh\u1ebf tr\u01b0\u1edbc v\u1edbi gh\u1ebf ng\u01b0\u1eddi l\u00e1i ch\u1ec9nh tay 6 h\u01b0\u1edbng, gh\u1ebf h\u00e0nh kh\u00e1ch ch\u1ec9nh tay 4 h\u01b0\u1edbng.<\/p>\n<p><img title=\"Toyota Hilux 2.4L 4X2 MT - H\u00ecnh 17\" src=\"https:\/\/cdn.gianhangvn.com\/image\/toyota-hilux-2-4l-4x2-mt-17-961jl8g.jpg\" alt=\"Toyota Hilux 2.4L 4X2 MT - H\u00ecnh 17\" \/><\/p>\n<p>Gh\u1ebf ng\u1ed3i b\u1ecdc da<\/p>\n<p>H\u00e0ng gh\u1ebf th\u1ee9 hai c\u1ee7a Hilux c\u00f3 thi\u1ebft k\u1ebf l\u01b0ng gh\u1ebf c\u1ed1 \u0111\u1ecbnh v\u1edbi t\u1ef1a tay trung t\u00e2m t\u00edch h\u1ee3p gi\u00e1 \u0111\u1ec3 c\u1ed1c. Ngo\u00e0i ra, h\u00e0ng gh\u1ebf n\u00e0y c\u00f2n c\u00f3 th\u1ec3 g\u1eadp m\u1eb7t gh\u1ebf th\u1eb3ng theo t\u1ec9 l\u1ec7 60:40 gi\u00fap t\u1ea1o kh\u00f4ng gian \u0111\u1ec3 ch\u1edf c\u00e1c v\u1eadt d\u1ee5ng b\u00ean trong khoang cabin v\u00e0 b\u00ean d\u01b0\u1edbi gh\u1ebf ng\u1ed3i c\u0169ng t\u00edch h\u1ee3p 2 ng\u0103n ch\u1ee9a \u0111\u1ed3.<\/p>\n<p><img title=\"Toyota Hilux 2.4L 4X2 MT - H\u00ecnh 19\" src=\"https:\/\/cdn.gianhangvn.com\/image\/toyota-hilux-2-4l-4x2-mt-19-bwagl8h.jpg\" alt=\"Toyota Hilux 2.4L 4X2 MT - H\u00ecnh 19\" \/><\/p>\n<p>H\u00e0ng gh\u1ebf sau r\u1ed9ng r\u00e3i<\/p>\n<p>Trang b\u1ecb gi\u1ea3i tr\u00ed tr\u00ean Hilux 2.4L\u00a04&#215;2 MT g\u1ed3m \u0111\u1ea7u CD 2 DIN v\u1edbi c\u00e1c k\u1ebft n\u1ed1i AUX, USB, Bluetooth h\u1ed7 tr\u1ee3 \u0111\u00e0m tho\u1ea1i r\u1ea3nh tay, h\u1ec7 th\u1ed1ng \u00e2m thanh 4 loa.<\/p>\n<p><img title=\"Toyota Hilux 2.4L 4X2 MT - H\u00ecnh 21\" src=\"https:\/\/cdn.gianhangvn.com\/image\/toyota-hilux-2-4l-4x2-mt-21-or9zl8i.jpg\" alt=\"Toyota Hilux 2.4L 4X2 MT - H\u00ecnh 21\" \/><\/p>\n<p>M\u00e0n h\u00ecnh gi\u1ea3i tr\u00ed<\/p>\n<p>Toyota Hilux 2020 c\u0169ng trang b\u1ecb h\u1ec7 th\u1ed1ng \u0111i\u1ec1u h\u00f2a ch\u1ec9nh tay. T\u1ea5t c\u1ea3 phi\u00ean b\u1ea3n c\u1ee7a Hilux \u0111\u1ec1u \u0111\u01b0\u1ee3c trang b\u1ecb h\u1ed9c \u0111\u1ec3 \u0111\u1ed3 c\u00f3 ch\u1ee9c n\u0103ng l\u00e0m m\u00e1t<\/p>\n<p>Trang b\u1ecb ti\u1ec7n \u00edch kh\u00e1c tr\u00ean Toyota Hilux 2020 v\u1eabn kh\u00e1 c\u01a1 b\u1ea3n v\u00e0 \u0111\u1ea7y \u0111\u1ee7 v\u1edbi m\u1ed9t d\u00f2ng xe b\u00e1n t\u1ea3i hi\u1ec7n nay nh\u01b0 c\u1eeda s\u1ed5 \u0111i\u1ec1u ch\u1ec9nh \u0111i\u1ec7n t\u1ef1 \u0111\u1ed9ng, kh\u00f3a c\u1eeda t\u1eeb xa, G\u01b0\u01a1ng chi\u1ebfu h\u1eadu b\u00ean trong \u0111i\u1ec1u ch\u1ec9nh tay 2 ch\u1ebf \u0111\u1ed9 ng\u00e0y \u0111\u00eam.<\/p>\n<h2 class=\"detail-content-title\">V\u1eadn h\u00e0nh<\/h2>\n<p>Kh\u1ea3 n\u0103ng v\u1eadn h\u00e0nh tr\u00ean xe Toyota Hilux 2020 kh\u00f4ng c\u00f3 thay \u0111\u1ed5i.\u00a0<strong>Toyota Hilux 2.4L\u00a04&#215;2 MT<\/strong>\u00a0v\u1eabn \u0111\u01b0\u1ee3c trang b\u1ecb \u0111\u1ed9ng c\u01a1 diesel 2GD-FTV (2.4L). \u0110\u1ed9ng c\u01a1 diesel 2.4L t\u0103ng \u00e1p, 4 xi lanh th\u1eb3ng h\u00e0ng cho c\u00f4ng su\u1ea5t t\u1ed1i \u0111a 147 m\u00e3 l\u1ef1c t\u1ea1i 3.400 v\u00f2ng\/ph\u00fat v\u00e0 m\u00f4-men xo\u1eafn c\u1ef1c \u0111\u1ea1i 400Nm t\u1eeb 1.600 \u2013 2.000 v\u00f2ng\/ph\u00fat. \u0110i k\u00e8m v\u1edbi h\u1ed9p s\u1ed1 s\u00e0n 6 c\u1ea5p.<\/p>\n<p>\u0110\u1ed9ng c\u01a1 c\u1ee7a Toyota Hilux 2.4L\u00a04&#215;2 MT \u0111\u01b0\u1ee3c t\u00edch h\u1ee3p h\u1ec7 th\u1ed1ng phun nhi\u00ean li\u1ec7u tr\u1ef1c ti\u1ebfp s\u1eed d\u1ee5ng \u0111\u01b0\u1eddng \u1ed1ng d\u1eabn chung, t\u0103ng \u00e1p bi\u1ebfn thi\u00ean. \u0110\u1ed9ng c\u01a1 tr\u00ean \u0111\u01b0\u1ee3c k\u1ebft h\u1ee3p v\u1edbi h\u1ec7 th\u1ed1ng d\u1eabn \u0111\u1ed9ng c\u1ea7u sau.<\/p>\n<p>H\u1ec7 th\u1ed1ng l\u00e1i tr\u00ean t\u1ea5t c\u1ea3 phi\u00ean b\u1ea3n Toyota Hilux 2020 v\u1eabn s\u1eed d\u1ee5ng tr\u1ee3 l\u1ef1c tay l\u00e1i th\u1ee7y l\u1ef1c. Ngo\u00e0i ra h\u1ed7 tr\u1ee3 v\u1eadn h\u00e0nh ch\u1ec9 c\u00f2n h\u1ec7 th\u1ed1ng treo tr\u01b0\u1edbc tay \u0111\u00f2n k\u00e9p v\u00e0 h\u1ec7 th\u1ed1ng treo sau nh\u00edp l\u00e1.<\/p>\n<h2 class=\"detail-content-title\">An to\u00e0n<\/h2>\n<p>C\u00e1c trang b\u1ecb an to\u00e0n c\u00f3 tr\u00ean\u00a0<strong>Toyota Hilux 2020<\/strong>\u00a0ch\u1ec9 \u1edf m\u1ee9c v\u1eeba \u0111\u1ee7 nh\u01b0 h\u1ec7 th\u1ed1ng phanh ABS, EBD, BA, c\u00e2n b\u1eb1ng \u0111i\u1ec7n t\u1eed, ki\u1ec3m so\u00e1t l\u1ef1c k\u00e9o, h\u1ed7 tr\u1ee3 kh\u1edfi h\u00e0nh ngang d\u1ed1c, 5\u00a0t\u00fai kh\u00ed. Toyota Hilux 2020 v\u1eabn ch\u01b0a trang b\u1ecb c\u00e1c t\u00ednh n\u0103ng an to\u00e0n hi\u1ec7n \u0111\u1ea1i nh\u01b0 c\u1ea3nh b\u00e1o l\u1ec7ch l\u00e0n \u0111\u01b0\u1eddng, c\u1ea3nh b\u00e1o \u0111i\u1ec3m m\u00f9, c\u1ea3nh b\u00e1o va ch\u1ea1m, h\u1ec7 th\u1ed1ng c\u1ea3nh b\u00e1o ph\u01b0\u01a1ng ti\u1ec7n c\u1eaft ngang ph\u00eda sau\u2026<\/p>\n<p>Trang b\u1ecb ch\u1ec9 \u1edf m\u1ee9c \u0111\u1ee7 d\u00f9ng, do \u0111\u00f3 Toyota Hilux 2020 v\u1eabn ch\u01b0a t\u01b0\u01a1ng x\u1ee9ng v\u1edbi gi\u00e1 b\u00e1n kh\u00e1 cao. Tuy nhi\u00ean l\u00e0 m\u1ed9t d\u00f2ng xe Toyota s\u1ea3n xu\u1ea5t, m\u1eabu b\u00e1n t\u1ea3i n\u00e0y s\u1edf h\u1eefu c\u00e1c y\u1ebfu t\u1ed1 c\u1ed1t l\u00f5i nh\u01b0 b\u1ec1n b\u1ec9, ti\u1ebft ki\u1ec7m nhi\u00ean li\u1ec7u.<\/p>\n<p>N\u1ebfu b\u1ea1n \u0111ang t\u00ecm ki\u1ebfm m\u1ed9t chi\u1ebfc xe b\u00e1n t\u1ea3i \u0111\u1ee7 v\u1edbi c\u00e1c trang b\u1ecb \u0111\u1ee7 d\u00f9ng, thi\u1ebft k\u1ebf th\u1ef1c d\u1ee5ng, nh\u01b0ng v\u1eabn hi\u1ec7n \u0111\u1ea1i v\u00e0 tinh t\u1ebf, Toyota Hilux 2020 s\u1ebd l\u00e0 l\u1ef1a ch\u1ecdn r\u1ea5t \u0111\u00e1ng c\u00e2n nh\u1eafc.<\/p>\n","protected":false},"excerpt":{"rendered":"<p>T\u1ed5ng quan Toyota ch\u00ednh th\u1ee9c g\u00f3p m\u1eb7t v\u00e0o l\u00e0ng b\u00e1n t\u1ea3i Vi\u1ec7t Nam v\u00e0o n\u0103m 2015 v\u1edbi m\u1eabu xe Hilux. Th\u1eddi \u0111i\u1ec3m \u0111\u00f3, m\u1eabu xe n\u00e0y nh\u1eadn \u0111\u01b0\u1ee3c kh\u00f4ng \u00edt s\u1ef1 ho\u00e0i nghi b\u1edfi xe b\u00e1n t\u1ea3i kh\u00f4ng ph\u1ea3i l\u00e0 th\u1ebf m\u1ea1nh c\u1ee7a nh\u1eefng th\u01b0\u01a1ng hi\u1ec7u Nh\u1eadt B\u1ea3n, nh\u1ea5t l\u00e0 v\u1edbi Toyota. Tuy nhi\u00ean, sau [&#8230;]\n","protected":false},"featured_media":2716,"comment_status":"open","ping_status":"closed","template":"","meta":[],"_links":{"self":[{"href":"https:\/\/hantoyota.vinastar.info\/index.php?rest_route=\/wp\/v2\/product\/2715"}],"collection":[{"href":"https:\/\/hantoyota.vinastar.info\/index.php?rest_route=\/wp\/v2\/product"}],"about":[{"href":"https:\/\/hantoyota.vinastar.info\/index.php?rest_route=\/wp\/v2\/types\/product"}],"replies":[{"embeddable":true,"href":"https:\/\/hantoyota.vinastar.info\/index.php?rest_route=%2Fwp%2Fv2%2Fcomments&post=2715"}],"wp:featuredmedia":[{"embeddable":true,"href":"https:\/\/hantoyota.vinastar.info\/index.php?rest_route=\/wp\/v2\/media\/2716"}],"wp:attachment":[{"href":"https:\/\/hantoyota.vinastar.info\/index.php?rest_route=%2Fwp%2Fv2%2Fmedia&parent=2715"}],"curies":[{"name":"wp","href":"https:\/\/api.w.org\/{rel}","templated":true}]}}