{"id":2710,"date":"2021-10-08T07:27:40","date_gmt":"2021-10-08T07:27:40","guid":{"rendered":"http:\/\/son.webrt.vn\/hantoyota\/?post_type=product&#038;p=2710"},"modified":"2021-10-09T01:43:36","modified_gmt":"2021-10-09T01:43:36","slug":"innova-g-2-0at-6-cap","status":"publish","type":"product","link":"https:\/\/hantoyota.vinastar.info\/?product=innova-g-2-0at-6-cap","title":{"rendered":"Innova G 2.0AT 6 c\u1ea5p"},"content":{"rendered":"<h2>Gi\u1edbi Thi\u1ec7u Toyota Innova 2022<\/h2>\n<p>Toyota Vi\u1ec7t Nam b\u1ea5t ng\u1edd ra m\u1eaft\u00a0<b>Toyota\u00a0<a href=\"https:\/\/banxemoi.com.vn\/danh-muc-san-pham\/innova\">Innova<\/a>\u00a02022<\/b>\u00a0t\u1ea1i th\u1ecb tr\u01b0\u1eddng Vi\u1ec7t Nam d\u01b0\u1edbi d\u1ea1ng phi\u00ean b\u1ea3n n\u00e2ng c\u1ea5p gi\u1eefa d\u00f2ng \u0111\u1eddi. \u0110\u00e2y l\u00e0 l\u1ea7n \u0111\u1ea7u ti\u00ean\u00a0<b><a href=\"https:\/\/banxemoi.com.vn\/toyota-innova-2022\/\">Toyota Innova 2022<\/a><\/b>\u00a0\u0111\u01b0\u1ee3c Toyota ch\u1ecdn th\u1ecb tr\u01b0\u1eddng Vi\u1ec7t Nam l\u00e0 n\u01a1i \u0111\u1ea7u ti\u00ean \u0111\u1ec3 gi\u1edbi thi\u1ec7u phi\u00ean b\u1ea3n m\u1edbi ch\u1ee9 kh\u00f4ng ph\u1ea3i th\u1ecb tr\u01b0\u1eddng Th\u00e1i Lan hay Indonesia, \u1ea4n \u0110\u1ed9. V\u1edbi m\u1ed9t s\u1ed1 n\u00e2ng c\u1ea5p nh\u1ecf,\u00a0<b>Toyota Innova 2022<\/b>\u00a0\u0111\u01b0\u1ee3c k\u1ef3 v\u1ecdng s\u1ebd l\u1ea5y l\u1ea1i v\u1ecb th\u1ebf \u0111\u00e3 m\u1ea5t v\u00e0o tay<img loading=\"lazy\" class=\"alignnone size-full wp-image-38944 aligncenter lazy-load-active\" src=\"https:\/\/banxemoi.com.vn\/wp-content\/uploads\/2019\/03\/toyota-innova-2022-moi-ban-cao-cap-mau-ghi-vang.png\" alt=\"\" width=\"800\" height=\"466\" \/><\/p>\n<p>Nh\u1eb1m ti\u1ebfp t\u1ee5c \u0111\u00e1p \u1ee9ng nhu c\u1ea7u ng\u00e0y c\u00e0ng \u0111a d\u1ea1ng c\u1ee7a kh\u00e1ch h\u00e0ng trong ph\u00e2n kh\u00fac xe \u0111a d\u1ee5ng. B\u00ean c\u1ea1nh c\u1ea3i ti\u1ebfn v\u1ec1 t\u00ednh n\u0103ng an to\u00e0n cho nh\u1eefng phi\u00ean b\u1ea3n hi\u1ec7n h\u00e0nh nh\u1eb1m mang l\u1ea1i s\u1ef1 y\u00ean t\u00e2m cho kh\u00e1ch h\u00e0ng tr\u00ean su\u1ed1t h\u00e0nh tr\u00ecnh, TMV gi\u1edbi thi\u1ec7u hai phi\u00ean b\u1ea3n ho\u00e0n to\u00e0n m\u1edbi ph\u1ee5c v\u1ee5 nhu c\u1ea7u \u0111a d\u1ea1ng c\u1ee7a th\u1ecb tr\u01b0\u1eddng: 2.0 Venturer v\u00e0 2.0J.\u00a0<b>Toyota Innova 2022<\/b>\u00a0phi\u00ean b\u1ea3n c\u1ea3i ti\u1ebfn 2018 s\u1ebd ch\u00ednh th\u1ee9c c\u00f3 m\u1eb7t t\u1ea1i to\u00e0n b\u1ed9 h\u1ec7 th\u1ed1ng \u0111\u1ea1i l\u00fd c\u1ee7a Toyota tr\u00ean to\u00e0n qu\u1ed1c k\u1ec3 t\u1eeb ng\u00e0y \u2013 01\/11\/2017.<\/p>\n<p>T\u1ea1i Vi\u1ec7t Nam, t\u1eeb khi ra m\u1eaft l\u1ea7n \u0111\u1ea7u ti\u00ean v\u00e0o th\u00e1ng 01\/2006,\u00a0<b>Toyota Innova 2022<\/b>\u00a0\u0111\u00e3 nhanh ch\u00f3ng g\u1eb7t h\u00e1i \u0111\u01b0\u1ee3c nhi\u1ec1u th\u00e0nh c\u00f4ng nh\u1edd v\u00e0o s\u1ef1 ti\u1ec7n \u00edch (\u0111a d\u1ee5ng), s\u1ef1 b\u1ec1n b\u1ec9 v\u00e0 gi\u00e1 c\u1ea3 c\u1ea1nh tranh.\u00a0<strong>Innova 2022<\/strong>\u00a0l\u00e0 s\u1ef1 l\u1ef1a ch\u1ecdn h\u00e0ng \u0111\u1ea7u cho \u0111\u1ea1i \u0111a s\u1ed1 gia \u0111\u00ecnh v\u00e0 c\u00e1c doanh nghi\u1ec7p v\u1eadn t\u1ea3i, ph\u00f9 h\u1ee3p v\u1edbi nhi\u1ec1u m\u1ee5c \u0111\u00edch s\u1eed d\u1ee5ng cho c\u1ea3 c\u00e1 nh\u00e2n l\u1eabn kinh doanh. Sau 11 n\u0103m c\u00f3 m\u1eb7t t\u1ea1i Vi\u1ec7t Nam,\u00a0<b>Toyota Innova 2022<\/b>\u00a0\u0111\u00e3 v\u00e0 \u0111ang ch\u1ee9ng minh v\u1ecb th\u1ebf l\u00e0 m\u1ed9t trong nh\u1eefng \u201cchi\u1ebfc xe \u0111a d\u1ee5ng \u0111\u01b0\u1ee3c \u01b0a chu\u1ed9ng nh\u1ea5t\u201d tr\u00ean th\u1ecb tr\u01b0\u1eddng v\u1edbi doanh s\u1ed1 b\u00e1n t\u00edch l\u0169y \u0111\u1ea1t tr\u00ean 107.000 chi\u1ebfc, x\u1ea5p x\u1ec9 80% th\u1ecb ph\u1ea7n xe \u0111a d\u1ee5ng, v\u00e0 tr\u1edf th\u00e0nh \u201cchi\u1ebfc xe cho m\u1ecdi gia \u0111\u00ecnh\u201d l\u0103n b\u00e1nh tr\u00ean kh\u1eafp n\u1ebbo \u0111\u01b0\u1eddng c\u1ee7a \u0111\u1ea5t n\u01b0\u1edbc. \u0110\u1eb7c bi\u1ec7t, v\u1edbi s\u1ef1 ra m\u1eaft c\u1ee7a th\u1ebf h\u1ec7 \u0111\u1ed9t ph\u00e1 2016 \u201cSang tr\u1ecdng \u2013 V\u1eefng ch\u00e3i\u201d c\u00f9ng thi\u1ebft k\u1ebf tinh x\u1ea3o v\u00e0 \u0111\u1eb3ng c\u1ea5p h\u01a1n, gia t\u0103ng s\u1ef1 ti\u1ec7n nghi tho\u1ea3i m\u00e1i v\u00e0 an to\u00e0n t\u1ed1i \u01b0u, Innova ti\u1ebfp t\u1ee5c nh\u1eadn \u0111\u01b0\u1ee3c s\u1ef1 \u0111\u00f3n nh\u1eadn t\u00edch c\u1ef1c t\u1eeb th\u1ecb tr\u01b0\u1eddng Vi\u1ec7t v\u1edbi g\u1ea7n 15,000 xe \u0111\u01b0\u1ee3c giao \u0111\u1ebfn tay kh\u00e1ch h\u00e0ng ch\u1ec9 sau h\u01a1n 1 n\u0103m ra m\u1eaft k\u1ec3 t\u1eeb th\u00e1ng 7\/2016.<\/p>\n<p>Nh\u1eb1m kh\u00f4ng ng\u1eebng mang \u0111\u1ebfn ch\u1ea5t l\u01b0\u1ee3ng t\u1ed1t nh\u1ea5t trong\u00a0<a href=\"https:\/\/banxemoi.com.vn\/san-pham\/\">s\u1ea3n ph\u1ea9m<\/a>, \u1edf l\u1ea7n thay \u0111\u1ed5i n\u00e0y,\u00a0<b>Toyota Innova 2022<\/b>\u00a0phi\u00ean b\u1ea3n c\u1ea3i ti\u1ebfn 2018 \u0111\u01b0\u1ee3c b\u1ed5 sung m\u1ed9t s\u1ed1 t\u00ednh n\u0103ng an to\u00e0n n\u1ed5i b\u1eadt nh\u01b0 Camera l\u00f9i (phi\u00ean b\u1ea3n Innova 2.0V) gi\u00fap t\u0103ng c\u01b0\u1eddng t\u00ednh n\u0103ng an to\u00e0n cho ng\u01b0\u1eddi l\u00e1i khi l\u00f9i ho\u1eb7c \u0111\u1ed7 xe. Phi\u00ean b\u1ea3n n\u00e0y c\u0169ng \u0111\u01b0\u1ee3c trang b\u1ecb th\u00eam \u0111\u1ea7u DVD ch\u00ednh h\u00e3ng, k\u1ebft h\u1ee3p c\u00f9ng h\u1ec7 th\u1ed1ng \u00e2m thanh 6 loa ti\u00eau chu\u1ea9n mang l\u1ea1i tr\u1ea3i nghi\u1ec7m th\u01b0\u1edfng th\u1ee9c \u00e2m thanh n\u0103ng \u0111\u1ed9ng, thay v\u00ec trang b\u1ecb theo d\u1ea1ng b\u1ed9 ph\u1ee5 ki\u1ec7n \u0111i k\u00e8m. \u0110\u1eb7c bi\u1ec7t, v\u1ec1 t\u00ednh n\u0103ng an to\u00e0n, H\u1ec7 th\u1ed1ng c\u00e2n b\u1eb1ng \u0111i\u1ec7n t\u1eed (VSC), H\u1ec7 th\u1ed1ng h\u1ed7 tr\u1ee3 kh\u1edfi h\u00e0nh ngang d\u1ed1c (HAC), \u0110\u00e8n b\u00e1o phanh kh\u1ea9n c\u1ea5p \u0111\u01b0\u1ee3c trang b\u1ecb tr\u00ean c\u1ea3 2 phi\u00ean b\u1ea3n 2.0G v\u00e0 2.0E,\u2026<\/p>\n<p>Ti\u1ebfp n\u1ed1i th\u00e0nh c\u00f4ng c\u1ee7a c\u00e1c phi\u00ean b\u1ea3n hi\u1ec7n t\u1ea1i, nh\u1eb1m \u0111\u00e1p \u1ee9ng h\u01a1n n\u1eefa nhu c\u1ea7u \u0111a d\u1ea1ng trong ph\u00e2n kh\u00fac xe \u0111a d\u1ee5ng (MPV) c\u1ee7a th\u1ecb tr\u01b0\u1eddng Vi\u1ec7t, ti\u1ebfp t\u1ee5c n\u1ed7 l\u1ef1c mang l\u1ea1i n\u1ee5 c\u01b0\u1eddi h\u00e0i l\u00f2ng cho kh\u00e1ch h\u00e0ng, b\u00ean c\u1ea1nh n\u1ed7 l\u1ef1c ho\u00e0n thi\u1ec7n h\u01a1n n\u1eefa danh m\u1ee5c s\u1ea3n ph\u1ea9m hi\u1ec7n t\u1ea1i, TMV b\u1ed5 sung th\u00eam hai phi\u00ean b\u1ea3n m\u1edbi cho\u00a0<b>Toyota Innova 2022<\/b>: 2.0 Venturer v\u1edbi thi\u1ebft k\u1ebf n\u1ed9i ngo\u1ea1i th\u1ea5t m\u1edbi tr\u1ebb trung hi\u1ec7n \u0111\u1ea1i d\u00e0nh cho c\u00e1c kh\u00e1ch h\u00e0ng c\u00e1 nh\u00e2n-nh\u1eefng gia \u0111\u00ecnh tr\u1ebb y\u00eau th\u00edch m\u1ed9t chi\u1ebfc xe \u0111a d\u1ee5ng n\u0103ng \u0111\u1ed9ng kh\u00e1c bi\u1ec7t c\u00f9ng nhi\u1ec1u t\u00ednh n\u0103ng an to\u00e0n n\u1ed5i b\u1eadt; v\u00e0 2.0J \u2013 v\u1edbi trang b\u1ecb ti\u00eau chu\u1ea9n ph\u00f9 h\u1ee3p v\u1edbi kh\u00e1ch h\u00e0ng kinh doanh v\u1eadn t\u1ea3i.<\/p>\n<p>\u0110\u1ec3 kh\u00e1ch h\u00e0ng c\u00f3 th\u00eam s\u1ef1 l\u1ef1a ch\u1ecdn \u0111a d\u1ea1ng theo s\u1edf th\u00edch, hay mong mu\u1ed1n th\u1ec3 hi\u1ec7n c\u00e1 t\u00ednh c\u1ee7a b\u1ea3n th\u00e2n, b\u00ean c\u1ea1nh 4 m\u00e0u ngo\u1ea1i th\u1ea5t hi\u1ec7n t\u1ea1i l\u00e0 N\u00e2u (4V8), X\u00e1m (1G3), B\u1ea1c (1D6), Tr\u1eafng (040), TMV b\u1ed5 sung th\u00eam m\u00e0u \u0110\u1ecf 3R3 tr\u1ebb trung v\u00e0 m\u00e0u \u0110en 218 kh\u1ecfe kho\u1eafn d\u00e0nh cho phi\u00ean b\u1ea3n m\u1edbi 2.0 Venturer. V\u1ec1 n\u1ed9i th\u1ea5t tr\u00ean phi\u00ean b\u1ea3n 2.0E, b\u00ean c\u1ea1nh m\u00e0u N\u00e2u (Hazel Brown) truy\u1ec1n th\u1ed1ng, kh\u00e1ch h\u00e0ng c\u0169ng c\u00f3 th\u1ec3 c\u00e2n nh\u1eafc l\u1ef1a ch\u1ecdn m\u00e0u \u0110en (Black) v\u1edbi phong c\u00e1ch m\u1ea1nh m\u1ebd h\u01a1n.<\/p>\n<h2 id=\"mucluc-gia-xe-toyota-innova-2021-lan-banh-khuyen-mai\" class=\"ftwp-heading\"><b>Gi\u00e1 xe Toyota Innova 2022 l\u0103n b\u00e1nh khuy\u1ebfn m\u00e3i<\/b><\/h2>\n<table border=\"1\">\n<tbody>\n<tr>\n<td colspan=\"5\"><strong><em>B\u1ea3ng gi\u00e1 xe Toyota Innova 2022 m\u1edbi nh\u1ea5t, \u0110VT: Tri\u1ec7u VN\u0110<\/em><\/strong><\/td>\n<\/tr>\n<tr>\n<td><strong>Phi\u00ean b\u1ea3n<\/strong><\/td>\n<td><strong>2.0 E<\/strong><\/td>\n<td><strong>2.0 G<\/strong><\/td>\n<td><strong>Venturer<\/strong><\/td>\n<td><strong>2.0 V<\/strong><\/td>\n<\/tr>\n<tr>\n<td>\u2013 Gi\u00e1 c\u00f4ng b\u1ed1<\/td>\n<td><strong>750<\/strong><\/td>\n<td><strong>865<\/strong><\/td>\n<td><strong>879<\/strong><\/td>\n<td><strong>989<\/strong><\/td>\n<\/tr>\n<tr>\n<td>\u2013 Gi\u1ea3m gi\u00e1<\/td>\n<td colspan=\"4\">Li\u00ean h\u1ec7<\/td>\n<\/tr>\n<tr>\n<td colspan=\"5\"><strong><em>Gi\u00e1 xe Toyota Innova 2021 l\u0103n b\u00e1nh (*), \u0110VT: Tri\u1ec7u VN\u0110<\/em><\/strong><\/td>\n<\/tr>\n<tr>\n<td>\u2013 Tp. HCM<\/td>\n<td width=\"132\">\u00a0848<\/td>\n<td width=\"132\">\u00a0974<\/td>\n<td width=\"132\">\u00a0989<\/td>\n<td width=\"132\">\u00a01,110<\/td>\n<\/tr>\n<tr>\n<td>\u2013 H\u00e0 N\u1ed9i<\/td>\n<td>\u00a0863<\/td>\n<td>\u00a0991<\/td>\n<td>\u00a01,007<\/td>\n<td>\u00a01,130<\/td>\n<\/tr>\n<tr>\n<td>\u2013 T\u1ec9nh\/Th\u00e0nh<\/td>\n<td>\u00a0829<\/td>\n<td>\u00a0955<\/td>\n<td>\u00a0970<\/td>\n<td>\u00a01,091<\/td>\n<\/tr>\n<\/tbody>\n<\/table>\n<p><em>(*) Gi\u00e1 xe \u00f4 t\u00f4 Toyota Innova l\u0103n b\u00e1nh tham kh\u1ea3o ch\u01b0a bao g\u1ed3m gi\u1ea3m gi\u00e1, khuy\u1ebfn m\u00e3i trong n\u0103m 2022.<\/em>\u00a0<strong>M\u00e0u xe Innova 2022<\/strong>: Xe c\u00f3 7 m\u00e0u s\u1eafc ngo\u1ea1i th\u1ea5t \u0111\u1ec3 kh\u00e1ch h\u00e0ng l\u1ef1a ch\u1ecdn g\u1ed3m: \u0110\u1ecf, \u0110en, X\u00e1m, B\u1ea1c, Tr\u1eafng ng\u1ecdc trai, Tr\u1eafng, \u0110\u1ed3ng.<\/p>\n<h3>Th\u00f4ng S\u1ed1 K\u1ef9 Thu\u1eadt Toyota Innova 2022<\/h3>\n<table border=\"1\">\n<tbody>\n<tr>\n<td><strong>Th\u00f4ng s\u1ed1<\/strong><\/td>\n<td><strong>Toyota Innova 2022<\/strong><\/td>\n<\/tr>\n<tr>\n<td>K\u00edch th\u01b0\u1edbc t\u1ed5ng th\u1ec3 D x R x C (mm)<\/td>\n<td>4735x1830x1795<\/td>\n<\/tr>\n<tr>\n<td>Chi\u1ec1u d\u00e0i c\u01a1 s\u1edf (mm)<\/td>\n<td>2750<\/td>\n<\/tr>\n<tr>\n<td>Chi\u1ec1u r\u1ed9ng c\u01a1 s\u1edf (tr\u01b0\u1edbc\/sau)<\/td>\n<td>1530\/1530<\/td>\n<\/tr>\n<tr>\n<td>Kho\u1ea3ng s\u00e1ng g\u1ea7m xe (mm)<\/td>\n<td>178<\/td>\n<\/tr>\n<tr>\n<td>B\u00e1n k\u00ednh quay v\u00f2ng t\u1ed1i thi\u1ec3u (m)<\/td>\n<td>5.4<\/td>\n<\/tr>\n<tr>\n<td>Tr\u1ecdng l\u01b0\u1ee3ng kh\u00f4ng t\u1ea3i (kg)<\/td>\n<td>1755<\/td>\n<\/tr>\n<tr>\n<td>Tr\u1ecdng l\u01b0\u1ee3ng to\u00e0n t\u1ea3i (kg)<\/td>\n<td>2340<\/td>\n<\/tr>\n<tr>\n<td>\u0110\u1ed9ng c\u01a1<\/td>\n<td>X\u0103ng, VVT-i k\u00e9p, 4 xy lanh th\u1eb3ng h\u00e0ng, 16 van DOHC<\/td>\n<\/tr>\n<tr>\n<td>Dung t\u00edch xy lanh (cc)<\/td>\n<td>1998<\/td>\n<\/tr>\n<tr>\n<td>C\u00f4ng su\u1ea5t t\u1ed1i \u0111a (hp)<\/td>\n<td>102\/5600<\/td>\n<\/tr>\n<tr>\n<td>M\u00f4 men xo\u1eafn c\u1ef1c \u0111\u1ea1i (Nm)<\/td>\n<td>183\/4000<\/td>\n<\/tr>\n<tr>\n<td>Dung t\u00edch b\u00ecnh nhi\u00ean li\u1ec7u (l)<\/td>\n<td>55<\/td>\n<\/tr>\n<tr>\n<td>H\u1ed9p s\u1ed1<\/td>\n<td>S\u1ed1 t\u1ef1 \u0111\u1ed9ng 6 c\u1ea5p\/ s\u1ed1 s\u00e0n 5 c\u1ea5p<\/td>\n<\/tr>\n<tr>\n<td>H\u1ec7 th\u1ed1ng treo tr\u01b0\u1edbc\/sau<\/td>\n<td>Tay \u0111\u00f2n k\u00e9p, l\u00f2 xo cu\u1ed9n v\u00e0 thanh c\u00e2n b\u1eb1ng\/Li\u00ean k\u1ebft 4 \u0111i\u1ec3m, l\u00f2 xo cu\u1ed9n v\u00e0 tay \u0111\u00f2n b\u00ean<\/td>\n<\/tr>\n<tr>\n<td>Ti\u00eau chu\u1ea9n kh\u00ed th\u1ea3i<\/td>\n<td>Euro 4<\/td>\n<\/tr>\n<tr>\n<td>S\u1ed1 ch\u1ed7 ng\u1ed3i<\/td>\n<td>7 ch\u1ed7 (V)\/ 8 ch\u1ed7 (E,G,Venturer)<\/td>\n<\/tr>\n<tr>\n<td>Ti\u00eau hao nhi\u00ean li\u00ean ngo\u00e0i \u0111\u00f4 th\u1ecb (l)<\/td>\n<td>8.08<\/td>\n<\/tr>\n<tr>\n<td>Ti\u00eau hao nhi\u00ean li\u00ean trong \u0111\u00f4 th\u1ecb (l)<\/td>\n<td>12.63<\/td>\n<\/tr>\n<tr>\n<td>Ti\u00eau hao nhi\u00ean li\u00ean h\u1ed7n h\u1ee3p (l)<\/td>\n<td>9.75<\/td>\n<\/tr>\n<\/tbody>\n<\/table>\n","protected":false},"excerpt":{"rendered":"<p class=\"mh-car-info\">Ki\u1ec3u d\u00e1ng : Minivan (xe \u0111a d\u1ee5ng)<\/p>\n<p class=\"mh-car-info\">S\u1ed1 ch\u1ed7 : 7 ch\u1ed7<\/p>\n<p class=\"mh-car-info\">H\u1ed9p s\u1ed1 : S\u1ed1 t\u1ef1 \u0111\u1ed9ng 6 c\u1ea5p\/6AT<\/p>\n<p class=\"mh-car-info\">Dung t\u00edch : 1998cc<\/p>\n<p class=\"mh-car-info\">Nhi\u00ean li\u1ec7u : X\u0103ng\/Petrol<\/p>\n","protected":false},"featured_media":2711,"comment_status":"open","ping_status":"closed","template":"","meta":[],"_links":{"self":[{"href":"https:\/\/hantoyota.vinastar.info\/index.php?rest_route=\/wp\/v2\/product\/2710"}],"collection":[{"href":"https:\/\/hantoyota.vinastar.info\/index.php?rest_route=\/wp\/v2\/product"}],"about":[{"href":"https:\/\/hantoyota.vinastar.info\/index.php?rest_route=\/wp\/v2\/types\/product"}],"replies":[{"embeddable":true,"href":"https:\/\/hantoyota.vinastar.info\/index.php?rest_route=%2Fwp%2Fv2%2Fcomments&post=2710"}],"wp:featuredmedia":[{"embeddable":true,"href":"https:\/\/hantoyota.vinastar.info\/index.php?rest_route=\/wp\/v2\/media\/2711"}],"wp:attachment":[{"href":"https:\/\/hantoyota.vinastar.info\/index.php?rest_route=%2Fwp%2Fv2%2Fmedia&parent=2710"}],"curies":[{"name":"wp","href":"https:\/\/api.w.org\/{rel}","templated":true}]}}