{"id":2692,"date":"2021-10-08T07:23:35","date_gmt":"2021-10-08T07:23:35","guid":{"rendered":"http:\/\/son.webrt.vn\/hantoyota\/?post_type=product&#038;p=2692"},"modified":"2021-10-08T07:23:35","modified_gmt":"2021-10-08T07:23:35","slug":"innova-ventuner-at-6-cap","status":"publish","type":"product","link":"https:\/\/hantoyota.vinastar.info\/?product=innova-ventuner-at-6-cap","title":{"rendered":"Innova Ventuner AT 6 c\u1ea5p"},"content":{"rendered":"<p class=\"txt_dt\"><strong>Sang tr\u1ecdng \u2013 V\u1eefng ch\u00e3i<\/strong><\/p>\n<p class=\"txt_dt_2\">S\u1edf h\u1eefu v\u1ebb ngo\u00e0i sang tr\u1ecdng c\u00f9ng khung g\u1ea7m v\u1eefng ch\u1eafc, Innova Th\u1ebf h\u1ec7 \u0111\u1ed9t ph\u00e1 \u0111\u00e1p \u1ee9ng m\u1ecdi nhu c\u1ea7u cho cu\u1ed9c s\u1ed1ng hi\u1ec7n \u0111\u1ea1i, x\u1ee9ng \u0111\u00e1ng l\u00e0 ng\u01b0\u1eddi \u0111\u1ed3ng h\u00e0nh l\u00fd t\u01b0\u1edfng c\u00f9ng gia \u0111\u00ecnh b\u1ea1n tr\u00ean m\u1ecdi h\u00e0nh tr\u00ecnh.<\/p>\n<p class=\"txt_dt\"><strong>Sang tr\u1ecdng \u2013 \u0110\u1eb3ng c\u1ea5p<\/strong><\/p>\n<p class=\"txt_dt_2\">N\u1ed9i th\u1ea5t sang tr\u1ecdng v\u1edbi t\u00f4ng m\u00e0u n\u00e2u ch\u1ee7 \u0111\u1ea1o, \u0111\u1eb7c bi\u1ec7t n\u1ed5i b\u1eadt v\u1edbi nh\u1eefng chi ti\u00eat \u1ed1p g\u1ed7 tinh t\u1ebf t\u1ea1o kh\u00f4ng gian \u0111\u1eb3ng c\u1ea5p cho ch\u1ee7 s\u1edf h\u1eefu.<\/p>\n","protected":false},"excerpt":{"rendered":"<p>S\u1ed1 ch\u1ed7 ng\u1ed3i : 8 ch\u1ed7<\/p>\n<p>Ki\u1ec3u d\u00e1ng : Minivan (xe \u0111a d\u1ee5ng)<\/p>\n<p>Nhi\u00ean li\u1ec7u : X\u0103ng<\/p>\n<p>Xu\u1ea5t x\u1ee9 : Xe trong n\u01b0\u1edbc<\/p>\n<p>S\u1ed1 t\u1ef1 \u0111\u1ed9ng :\u00a06 c\u1ea5p<\/p>\n<p>\u0110\u1ed9ng c\u01a1 x\u0103ng dung t\u00edch 1.998 cm3<\/p>\n","protected":false},"featured_media":2694,"comment_status":"open","ping_status":"closed","template":"","meta":[],"_links":{"self":[{"href":"https:\/\/hantoyota.vinastar.info\/index.php?rest_route=\/wp\/v2\/product\/2692"}],"collection":[{"href":"https:\/\/hantoyota.vinastar.info\/index.php?rest_route=\/wp\/v2\/product"}],"about":[{"href":"https:\/\/hantoyota.vinastar.info\/index.php?rest_route=\/wp\/v2\/types\/product"}],"replies":[{"embeddable":true,"href":"https:\/\/hantoyota.vinastar.info\/index.php?rest_route=%2Fwp%2Fv2%2Fcomments&post=2692"}],"wp:featuredmedia":[{"embeddable":true,"href":"https:\/\/hantoyota.vinastar.info\/index.php?rest_route=\/wp\/v2\/media\/2694"}],"wp:attachment":[{"href":"https:\/\/hantoyota.vinastar.info\/index.php?rest_route=%2Fwp%2Fv2%2Fmedia&parent=2692"}],"curies":[{"name":"wp","href":"https:\/\/api.w.org\/{rel}","templated":true}]}}