{"id":2678,"date":"2021-10-08T06:21:20","date_gmt":"2021-10-08T06:21:20","guid":{"rendered":"http:\/\/son.webrt.vn\/hantoyota\/?post_type=product&#038;p=2678"},"modified":"2021-10-10T02:37:00","modified_gmt":"2021-10-10T02:37:00","slug":"vios-1-5g-cvt","status":"publish","type":"product","link":"https:\/\/hantoyota.vinastar.info\/?product=vios-1-5g-cvt","title":{"rendered":"Vios 1.5G CVT"},"content":{"rendered":"<p><strong>VIOS<\/strong>\u00a0m\u1edbi v\u1edbi thi\u1ebft k\u1ebf gi\u00e0u c\u1ea3m x\u00fac v\u00e0 c\u00f4ng ngh\u1ec7 an to\u00e0n \u0111\u1ea1t chu\u1ea9n 5 sao s\u1ebd l\u00e0 ngu\u1ed3n c\u1ea3m h\u1ee9ng b\u1ea5t t\u1eadn cho b\u1ea1n kh\u00e1m ph\u00e1 m\u1ecdi cung \u0111\u01b0\u1eddng.Tr\u1ea3i nghi\u1ec7m kh\u00f4ng gian n\u1ed9i th\u1ea5t tinh t\u1ebf, sang tr\u1ecdng v\u1edbi ng\u00f4n ng\u1eef thi\u1ebft k\u1ebf hi\u1ec7n \u0111\u1ea1i. B\u1ea3ng \u0111i\u1ec1u khi\u1ec3n trung t\u00e2m v\u1edbi \u0111i\u1ec3m nh\u1ea5n l\u00e0 nh\u1eefng \u0111\u01b0\u1eddng m\u1ea1 b\u1ea1c li\u1ec1n m\u1ea1ch theo d\u1ea1ng d\u00f2ng th\u00e1c ch\u1ea3y t\u1eeb tr\u00ean xu\u1ed1ng<\/p>\n","protected":false},"excerpt":{"rendered":"<p class=\"mh-car-info\">Ki\u1ec3u d\u00e1ng : Sedan<\/p>\n<p class=\"mh-car-info\">S\u1ed1 ch\u1ed7 : 5<\/p>\n<p class=\"mh-car-info\">H\u1ed9p s\u1ed1 :\u00a0S\u1ed1 t\u1ef1 \u0111\u1ed9ng v\u00f4 c\u1ea5p<\/p>\n<p class=\"mh-car-info\">Dung t\u00edch : 1.496 cm3<\/p>\n<p class=\"mh-car-info\">Nhi\u00ean li\u1ec7u : X\u0103ng<\/p>\n","protected":false},"featured_media":2684,"comment_status":"open","ping_status":"closed","template":"","meta":[],"_links":{"self":[{"href":"https:\/\/hantoyota.vinastar.info\/index.php?rest_route=\/wp\/v2\/product\/2678"}],"collection":[{"href":"https:\/\/hantoyota.vinastar.info\/index.php?rest_route=\/wp\/v2\/product"}],"about":[{"href":"https:\/\/hantoyota.vinastar.info\/index.php?rest_route=\/wp\/v2\/types\/product"}],"replies":[{"embeddable":true,"href":"https:\/\/hantoyota.vinastar.info\/index.php?rest_route=%2Fwp%2Fv2%2Fcomments&post=2678"}],"wp:featuredmedia":[{"embeddable":true,"href":"https:\/\/hantoyota.vinastar.info\/index.php?rest_route=\/wp\/v2\/media\/2684"}],"wp:attachment":[{"href":"https:\/\/hantoyota.vinastar.info\/index.php?rest_route=%2Fwp%2Fv2%2Fmedia&parent=2678"}],"curies":[{"name":"wp","href":"https:\/\/api.w.org\/{rel}","templated":true}]}}