{"id":2660,"date":"2021-10-08T02:15:03","date_gmt":"2021-10-08T02:15:03","guid":{"rendered":"http:\/\/son.webrt.vn\/hantoyota\/?post_type=product&#038;p=2660"},"modified":"2021-10-08T08:29:08","modified_gmt":"2021-10-08T08:29:08","slug":"toyota-raize-2022","status":"publish","type":"product","link":"https:\/\/hantoyota.vinastar.info\/?product=toyota-raize-2022","title":{"rendered":"TOYOTA RAIZE 2022"},"content":{"rendered":"<p>Toyota Raize \u0111\u01b0\u1ee3c ph\u00e1t tri\u1ec3n tr\u00ean n\u1ec1n t\u1ea3ng khung g\u1ea7m DNGA-A , k\u00edch th\u01b0\u1edbc DxRxC l\u1ea7n l\u01b0\u1ee3t l\u00e0 3.995 x 1.695 x 1.620 mm, chi\u1ec1u d\u00e0i c\u01a1 s\u1edf 2.525 mm.Toyota Raize v\u1eabn c\u00f3 \u0111\u01b0\u1ee3c kh\u00f4ng gian n\u1ed9i th\u1ea5t r\u1ed9ng r\u00e3i v\u00e0 \u0111\u1ea7y \u0111\u1ee7 ti\u1ec7n nghi.<\/p>\n<p><img loading=\"lazy\" class=\"aligncenter size-full wp-image-2661\" src=\"http:\/\/hantoyota.vinastar.info\/wp-content\/uploads\/2021\/10\/raize-dealer-16188037632912005978010-crop-1618806121864726336401.jpg\" alt=\"\" width=\"1034\" height=\"689\" srcset=\"https:\/\/hantoyota.vinastar.info\/wp-content\/uploads\/2021\/10\/raize-dealer-16188037632912005978010-crop-1618806121864726336401.jpg 1034w, https:\/\/hantoyota.vinastar.info\/wp-content\/uploads\/2021\/10\/raize-dealer-16188037632912005978010-crop-1618806121864726336401-600x400.jpg 600w, https:\/\/hantoyota.vinastar.info\/wp-content\/uploads\/2021\/10\/raize-dealer-16188037632912005978010-crop-1618806121864726336401-768x512.jpg 768w\" sizes=\"(max-width: 1034px) 100vw, 1034px\" \/><\/p>\n<p>\u0110\u1ed9ng c\u01a1 Toyota Raize 1.0L t\u0103ng \u00e1p, c\u00f4ng su\u1ea5t \u0111\u1ea1t m\u1ee9c 97 m\u00e3 l\u1ef1c t\u1ea1i 6.000 v\u00f2ng\/ph\u00fat v\u00e0 m\u00f4-men xo\u1eafn c\u1ef1c \u0111\u1ea1i 140 Nm t\u1ea1i 2.400-4.000 v\u00f2ng\/ph\u00fat, h\u1ed9p s\u1ed1 CVT.<\/p>\n<p><img loading=\"lazy\" class=\"aligncenter size-full wp-image-2662\" src=\"http:\/\/hantoyota.vinastar.info\/wp-content\/uploads\/2021\/10\/Toyota-Raize-xuat-hien-tai-dai-ly-gia-ban-du-kien-khoang-500-trieu-dong-2-1632584673-999-width660height494.jpg\" alt=\"\" width=\"660\" height=\"494\" srcset=\"https:\/\/hantoyota.vinastar.info\/wp-content\/uploads\/2021\/10\/Toyota-Raize-xuat-hien-tai-dai-ly-gia-ban-du-kien-khoang-500-trieu-dong-2-1632584673-999-width660height494.jpg 660w, https:\/\/hantoyota.vinastar.info\/wp-content\/uploads\/2021\/10\/Toyota-Raize-xuat-hien-tai-dai-ly-gia-ban-du-kien-khoang-500-trieu-dong-2-1632584673-999-width660height494-534x400.jpg 534w, https:\/\/hantoyota.vinastar.info\/wp-content\/uploads\/2021\/10\/Toyota-Raize-xuat-hien-tai-dai-ly-gia-ban-du-kien-khoang-500-trieu-dong-2-1632584673-999-width660height494-600x449.jpg 600w\" sizes=\"(max-width: 660px) 100vw, 660px\" \/><\/p>\n<p><strong>Ngo\u1ea1i th\u1ea5t<\/strong> c\u1ee7a Toyota Raize\u00a0 t\u1ea1i Vi\u1ec7t Nam c\u0169ng s\u1ebd gi\u1ed1ng b\u1ea3n qu\u1ed1c t\u1ebf. C\u1ee5m \u0111\u00e8n ph\u00eda tr\u01b0\u1edbc \u1edf b\u1ea3n cao c\u1ea5p l\u00e0 LED, c\u00f3 kh\u1ea3 n\u0103ng b\u1eadt\/t\u1eaft t\u1ef1 \u0111\u1ed9ng. \u0110\u00e8n h\u1eadu c\u0169ng c\u00f4ng ngh\u1ec7 LED. B\u1ed9 m\u00e2m 5 ch\u1ea5u k\u00edch th\u01b0\u1edbc 17 inch ph\u1ed1i 2 m\u00e0u t\u01b0\u01a1ng ph\u1ea3n<\/p>\n<p><img loading=\"lazy\" class=\"aligncenter size-full wp-image-2663\" src=\"http:\/\/hantoyota.vinastar.info\/wp-content\/uploads\/2021\/10\/Toyota-Raize-xuat-hien-tai-dai-ly-gia-ban-du-kien-khoang-500-trieu-dong-5-1632584673-917-width660height494.jpg\" alt=\"\" width=\"660\" height=\"494\" srcset=\"https:\/\/hantoyota.vinastar.info\/wp-content\/uploads\/2021\/10\/Toyota-Raize-xuat-hien-tai-dai-ly-gia-ban-du-kien-khoang-500-trieu-dong-5-1632584673-917-width660height494.jpg 660w, https:\/\/hantoyota.vinastar.info\/wp-content\/uploads\/2021\/10\/Toyota-Raize-xuat-hien-tai-dai-ly-gia-ban-du-kien-khoang-500-trieu-dong-5-1632584673-917-width660height494-534x400.jpg 534w, https:\/\/hantoyota.vinastar.info\/wp-content\/uploads\/2021\/10\/Toyota-Raize-xuat-hien-tai-dai-ly-gia-ban-du-kien-khoang-500-trieu-dong-5-1632584673-917-width660height494-600x449.jpg 600w\" sizes=\"(max-width: 660px) 100vw, 660px\" \/><\/p>\n<p>Trang b\u1ecb an to\u00e0n tr\u00ean Toyota Raize t\u00ednh n\u0103ng c\u1ea3nh b\u00e1o \u0111i\u1ec3m m\u00f9 v\u00e0 c\u1ea3nh b\u00e1o ph\u01b0\u01a1ng ti\u1ec7n c\u1eaft ngang (2 t\u00ednh n\u0103ng n\u00e0y \u0111ang c\u00f3 tr\u00ean Toyota Corolla Cross v\u00e0 Toyota Camry) \u0110\u00e2y s\u1ebd l\u00e0 t\u00ednh n\u0103ng n\u1ed5i b\u1eadt c\u1ee7a Toyota Raize. M\u1ed9t s\u1ed1 trang b\u1ecb an to\u00e0n kh\u00e1c c\u00f3 c\u00e2n b\u1eb1ng \u0111i\u1ec7n t\u1eed, h\u1ed7 tr\u1ee3 kh\u1edfi h\u00e0nh ngang d\u1ed1c, camera l\u00f9i,\u2026<\/p>\n<p><img loading=\"lazy\" class=\"aligncenter size-full wp-image-2664\" src=\"http:\/\/hantoyota.vinastar.info\/wp-content\/uploads\/2021\/10\/Toyota-Raize-xuat-hien-tai-dai-ly-gia-ban-du-kien-khoang-500-trieu-dong-4-1632584673-549-width660height494.jpg\" alt=\"\" width=\"660\" height=\"494\" srcset=\"https:\/\/hantoyota.vinastar.info\/wp-content\/uploads\/2021\/10\/Toyota-Raize-xuat-hien-tai-dai-ly-gia-ban-du-kien-khoang-500-trieu-dong-4-1632584673-549-width660height494.jpg 660w, https:\/\/hantoyota.vinastar.info\/wp-content\/uploads\/2021\/10\/Toyota-Raize-xuat-hien-tai-dai-ly-gia-ban-du-kien-khoang-500-trieu-dong-4-1632584673-549-width660height494-534x400.jpg 534w, https:\/\/hantoyota.vinastar.info\/wp-content\/uploads\/2021\/10\/Toyota-Raize-xuat-hien-tai-dai-ly-gia-ban-du-kien-khoang-500-trieu-dong-4-1632584673-549-width660height494-600x449.jpg 600w\" sizes=\"(max-width: 660px) 100vw, 660px\" \/><\/p>\n<p><strong>N\u1ed9i th\u1ea5t<\/strong> c\u00f3 v\u00f4-l\u0103ng t\u00edch h\u1ee3p l\u1eaby chuy\u1ec3n s\u1ed1, m\u00e0n h\u00ecnh gi\u1ea3i tr\u00ed 9 inch c\u00f3 k\u1ebft n\u1ed1i \u0111i\u1ec7n tho\u1ea1i th\u00f4ng minh, \u0111i\u1ec1u ho\u00e0 t\u1ef1 \u0111\u1ed9ng v\u00e0 \u0111\u1ec1 n\u1ed5 b\u1eb1ng n\u00fat b\u1ea5m. Xe \u0111\u01b0\u1ee3c b\u1ed1 tr\u00ed 5 ch\u1ed7 ng\u1ed3i. \u0110i\u1ec3m m\u1ea1nh c\u1ee7a Raize so v\u1edbi Sonet l\u00e0 h\u00e0ng gh\u1ebf sau g\u1eadp \u0111\u01b0\u1ee3c \u0111\u1ec3 m\u1edf r\u1ed9ng kh\u00f4ng gian ch\u1ee9a \u0111\u1ed3.<\/p>\n<p><img loading=\"lazy\" class=\"aligncenter size-full wp-image-2665\" src=\"http:\/\/hantoyota.vinastar.info\/wp-content\/uploads\/2021\/10\/Toyota-Raize-xuat-hien-tai-dai-ly-gia-ban-du-kien-khoang-500-trieu-dong-10-1632584673-8-width660height494.jpg\" alt=\"\" width=\"660\" height=\"494\" srcset=\"https:\/\/hantoyota.vinastar.info\/wp-content\/uploads\/2021\/10\/Toyota-Raize-xuat-hien-tai-dai-ly-gia-ban-du-kien-khoang-500-trieu-dong-10-1632584673-8-width660height494.jpg 660w, https:\/\/hantoyota.vinastar.info\/wp-content\/uploads\/2021\/10\/Toyota-Raize-xuat-hien-tai-dai-ly-gia-ban-du-kien-khoang-500-trieu-dong-10-1632584673-8-width660height494-534x400.jpg 534w, https:\/\/hantoyota.vinastar.info\/wp-content\/uploads\/2021\/10\/Toyota-Raize-xuat-hien-tai-dai-ly-gia-ban-du-kien-khoang-500-trieu-dong-10-1632584673-8-width660height494-600x449.jpg 600w\" sizes=\"(max-width: 660px) 100vw, 660px\" \/><\/p>\n","protected":false},"excerpt":{"rendered":"<p>S\u1ed1 ch\u1ed7 ng\u1ed3i : 5 ch\u1ed7<\/p>\n<p>Ki\u1ec3u d\u00e1ng : SUV<\/p>\n<p>Nhi\u00ean li\u1ec7u : X\u0103ng<\/p>\n<p>Xu\u1ea5t x\u1ee9 : Xe nh\u1eadp kh\u1ea9u<\/p>\n","protected":false},"featured_media":2666,"comment_status":"open","ping_status":"closed","template":"","meta":[],"_links":{"self":[{"href":"https:\/\/hantoyota.vinastar.info\/index.php?rest_route=\/wp\/v2\/product\/2660"}],"collection":[{"href":"https:\/\/hantoyota.vinastar.info\/index.php?rest_route=\/wp\/v2\/product"}],"about":[{"href":"https:\/\/hantoyota.vinastar.info\/index.php?rest_route=\/wp\/v2\/types\/product"}],"replies":[{"embeddable":true,"href":"https:\/\/hantoyota.vinastar.info\/index.php?rest_route=%2Fwp%2Fv2%2Fcomments&post=2660"}],"wp:featuredmedia":[{"embeddable":true,"href":"https:\/\/hantoyota.vinastar.info\/index.php?rest_route=\/wp\/v2\/media\/2666"}],"wp:attachment":[{"href":"https:\/\/hantoyota.vinastar.info\/index.php?rest_route=%2Fwp%2Fv2%2Fmedia&parent=2660"}],"curies":[{"name":"wp","href":"https:\/\/api.w.org\/{rel}","templated":true}]}}