{"id":1974,"date":"2021-07-06T03:12:55","date_gmt":"2021-07-06T03:12:55","guid":{"rendered":"https:\/\/son.webrt.vn\/hantoyota\/?post_type=product&#038;p=1974"},"modified":"2021-10-07T05:37:11","modified_gmt":"2021-10-07T05:37:11","slug":"hiace-dong-co-dau","status":"publish","type":"product","link":"https:\/\/hantoyota.vinastar.info\/?product=hiace-dong-co-dau","title":{"rendered":"Hiace \u0110\u1ed9ng C\u01a1 \u0110\u1ea7u"},"content":{"rendered":"<p>D\u1ea5u \u1ea5n th\u01b0\u1ee3ng l\u01b0u T\u1ea1o \u1ea5n t\u01b0\u1ee3ng m\u1ea1nh m\u1ebd ngay t\u1eeb \u00e1nh nh\u00ecn \u0111\u1ea7u ti\u00ean, Alphard kh\u00f4ng ch\u1ec9 s\u1edf h\u1eefu d\u00e1ng v\u1ebb oai v\u1ec7, l\u1ecbch l\u00e3m v\u00e0 sang tr\u1ecdng m\u00e0 c\u00f2n mang \u0111\u1ebfn tr\u1ea3i nghi\u1ec7m ti\u1ec7n nghi t\u1ed9t b\u1eadc. Phong th\u00e1i th\u01b0\u1ee3ng l\u01b0u<br \/>\nN\u1ed9i th\u1ea5t b\u1ecdc da cao c\u1ea5p v\u00e0 \u1ed1p g\u1ed7 sang tr\u1ecdng \u0111\u01b0\u1ee3c thi\u1ebft k\u1ebf tinh t\u1ebf v\u1edbi nh\u1eefng \u0111i\u1ec3m nh\u1ea5n m\u1ea1nh m\u1ebd l\u00e0 c\u00e1c \u0111\u01b0\u1eddng vi\u1ec1n m\u1ea1 Crom s\u00e1ng b\u00f3ng n\u1ed5i b\u1eadt\/MacPherson Strut<\/p>\n","protected":false},"excerpt":{"rendered":"<p class=\"mh-car-info\">Ki\u1ec3u d\u00e1ng : Hatchback<\/p>\n<p class=\"mh-car-info\">S\u1ed1 ch\u1ed7 : 15 ch\u1ed7<\/p>\n<p class=\"mh-car-info\">H\u1ed9p s\u1ed1 : S\u1ed1 s\u00e0n 6 c\u1ea5p\/6MT<\/p>\n<p class=\"mh-car-info\">Dung t\u00edch : 2755cc<\/p>\n<p class=\"mh-car-info\">Nhi\u00ean li\u1ec7u : D\u1ea7u\/Diesel<\/p>\n","protected":false},"featured_media":1922,"comment_status":"open","ping_status":"closed","template":"","meta":[],"_links":{"self":[{"href":"https:\/\/hantoyota.vinastar.info\/index.php?rest_route=\/wp\/v2\/product\/1974"}],"collection":[{"href":"https:\/\/hantoyota.vinastar.info\/index.php?rest_route=\/wp\/v2\/product"}],"about":[{"href":"https:\/\/hantoyota.vinastar.info\/index.php?rest_route=\/wp\/v2\/types\/product"}],"replies":[{"embeddable":true,"href":"https:\/\/hantoyota.vinastar.info\/index.php?rest_route=%2Fwp%2Fv2%2Fcomments&post=1974"}],"wp:featuredmedia":[{"embeddable":true,"href":"https:\/\/hantoyota.vinastar.info\/index.php?rest_route=\/wp\/v2\/media\/1922"}],"wp:attachment":[{"href":"https:\/\/hantoyota.vinastar.info\/index.php?rest_route=%2Fwp%2Fv2%2Fmedia&parent=1974"}],"curies":[{"name":"wp","href":"https:\/\/api.w.org\/{rel}","templated":true}]}}