{"id":1444,"date":"2021-07-03T07:06:58","date_gmt":"2021-07-03T07:06:58","guid":{"rendered":"https:\/\/son.webrt.vn\/hantoyota\/?post_type=product&#038;p=1444"},"modified":"2021-10-07T05:44:53","modified_gmt":"2021-10-07T05:44:53","slug":"corolla-altis-1-8e-cvt","status":"publish","type":"product","link":"https:\/\/hantoyota.vinastar.info\/?product=corolla-altis-1-8e-cvt","title":{"rendered":"COROLLA ALTIS 1.8E CVT"},"content":{"rendered":"<p class=\"txt_dt\"><strong>X\u1ee9ng t\u1ea7m th\u01b0\u1ee3ng l\u01b0u<\/strong><\/p>\n<p class=\"txt_dt_2\">S\u1ef1 h\u1ea5p d\u1eabn \u0111\u1ebfn ngay t\u1eeb \u00e1nh nh\u00ecn \u0111\u1ea7u ti\u00ean v\u1edbi t\u1eebng \u0111\u01b0\u1eddng n\u00e9t gi\u1ea3n \u0111\u01a1n, sang tr\u1ecdng ho\u00e0n h\u1ea3o. Corolla Altis x\u1ee9ng \u0111\u00e1ng l\u00e0 th\u1ee7 l\u0129nh nh\u1eefng cung \u0111\u01b0\u1eddng, l\u00e0 l\u1ef1a ch\u1ecdn ho\u00e0n h\u1ea3o \u0111\u1ec3 th\u1ec3 hi\u1ec7n ch\u1ea5t ri\u00eang l\u1eabn ph\u1ee5c v\u1ee5 c\u00f4ng vi\u1ec7c hi\u1ec7u qu\u1ea3..<\/p>\n<p class=\"txt_dt\"><strong>Kh\u00f4ng gian n\u1ed9i th\u1ea5t sang tr\u1ecdng, tinh t\u1ebf<\/strong><\/p>\n<p class=\"txt_dt_2\">T\u1eadn h\u01b0\u1edfng kh\u00f4ng gian hi\u1ec7n \u0111\u1ea1i v\u00e0 ch\u1ea5t \u0111\u1ebfn t\u1eebng g\u00f3c \u0111\u1ed9, cho ng\u01b0\u1eddi l\u00e1i s\u1ef1 tho\u1ea3i m\u00e1i tuy\u1ec7t v\u1eddi. Nh\u1eefng chuy\u1ebfn \u0111i kh\u00f4ng g\u00ec l\u00e0 gi\u1edbi h\u1ea1n v\u1edbi Corolla Altis.<\/p>\n","protected":false},"excerpt":{"rendered":"<div class=\"mh-car-infods\">\n<p class=\"mh-car-info\">Ki\u1ec3u d\u00e1ng : Sedan<\/p>\n<p class=\"mh-car-info\">S\u1ed1 ch\u1ed7 : 5 ch\u1ed7<\/p>\n<p class=\"mh-car-info\">H\u1ed9p s\u1ed1 : S\u1ed1 t\u1ef1 \u0111\u1ed9ng v\u00f4 c\u1ea5p<\/p>\n<p class=\"mh-car-info\">Dung t\u00edch : 1.798 cm3<\/p>\n<p class=\"mh-car-info\">Nhi\u00ean li\u1ec7u : X\u0103ng<\/p>\n<\/div>\n<div class=\"add-to-cart-container form-normal is-normal\"><\/div>\n","protected":false},"featured_media":1443,"comment_status":"open","ping_status":"closed","template":"","meta":[],"_links":{"self":[{"href":"https:\/\/hantoyota.vinastar.info\/index.php?rest_route=\/wp\/v2\/product\/1444"}],"collection":[{"href":"https:\/\/hantoyota.vinastar.info\/index.php?rest_route=\/wp\/v2\/product"}],"about":[{"href":"https:\/\/hantoyota.vinastar.info\/index.php?rest_route=\/wp\/v2\/types\/product"}],"replies":[{"embeddable":true,"href":"https:\/\/hantoyota.vinastar.info\/index.php?rest_route=%2Fwp%2Fv2%2Fcomments&post=1444"}],"wp:featuredmedia":[{"embeddable":true,"href":"https:\/\/hantoyota.vinastar.info\/index.php?rest_route=\/wp\/v2\/media\/1443"}],"wp:attachment":[{"href":"https:\/\/hantoyota.vinastar.info\/index.php?rest_route=%2Fwp%2Fv2%2Fmedia&parent=1444"}],"curies":[{"name":"wp","href":"https:\/\/api.w.org\/{rel}","templated":true}]}}