{"id":1401,"date":"2021-07-03T06:35:45","date_gmt":"2021-07-03T06:35:45","guid":{"rendered":"https:\/\/son.webrt.vn\/hantoyota\/?post_type=product&#038;p=1401"},"modified":"2021-10-08T07:46:26","modified_gmt":"2021-10-08T07:46:26","slug":"yaris-g-cvt","status":"publish","type":"product","link":"https:\/\/hantoyota.vinastar.info\/?product=yaris-g-cvt","title":{"rendered":"YARIS G CVT"},"content":{"rendered":"<p><strong>Toyota Yaris<\/strong> l\u00e0 phi\u00ean b\u1ea3n hatchback c\u1ee7a chi\u1ebfc Sedan qu\u1ed1c d\u00e2n l\u1eebng danh Toyota Vios v\u1edbi h\u00e0ng lo\u1ea1t t\u00ednh n\u0103ng t\u01b0\u01a1ng \u0111\u1ed3ng. Tuy nhi\u00ean, n\u1ebfu nh\u01b0 Vios th\u00e0nh c\u00f4ng bao nhi\u00eau th\u00ec Yaris l\u1ea1i \u1ea3m \u0111\u1ea1m b\u1ea5y nhi\u00eau. C\u00f4ng b\u1eb1ng m\u00e0 n\u00f3i, m\u1eabu xe n\u00e0y s\u1edf h\u1eefu kh\u00e1 nhi\u1ec1u \u01b0u \u0111i\u1ec3m nh\u01b0ng c\u00f3 v\u1ebb nh\u01b0 tr\u01b0\u1edbc c\u00e1i b\u00f3ng l\u1eebng l\u1eaby t\u1eeb Vios, xe b\u1ecb lu m\u1edd kh\u00e1 nhi\u1ec1u.<\/p>\n<p>&nbsp;<\/p>\n","protected":false},"excerpt":{"rendered":"<p class=\"mh-car-info\">Ki\u1ec3u d\u00e1ng : Hatchback<\/p>\n<p class=\"mh-car-info\">S\u1ed1 ch\u1ed7 : 5<\/p>\n<p class=\"mh-car-info\">H\u1ed9p s\u1ed1 : H\u1ed9p s\u1ed1 t\u1ef1 \u0111\u1ed9ng 6 c\u1ea5p<\/p>\n<p class=\"mh-car-info\">Dung t\u00edch : 2.393 cm3<\/p>\n<p class=\"mh-car-info\">Nhi\u00ean li\u1ec7u : D\u1ea7u<\/p>\n","protected":false},"featured_media":1403,"comment_status":"open","ping_status":"closed","template":"","meta":[],"_links":{"self":[{"href":"https:\/\/hantoyota.vinastar.info\/index.php?rest_route=\/wp\/v2\/product\/1401"}],"collection":[{"href":"https:\/\/hantoyota.vinastar.info\/index.php?rest_route=\/wp\/v2\/product"}],"about":[{"href":"https:\/\/hantoyota.vinastar.info\/index.php?rest_route=\/wp\/v2\/types\/product"}],"replies":[{"embeddable":true,"href":"https:\/\/hantoyota.vinastar.info\/index.php?rest_route=%2Fwp%2Fv2%2Fcomments&post=1401"}],"wp:featuredmedia":[{"embeddable":true,"href":"https:\/\/hantoyota.vinastar.info\/index.php?rest_route=\/wp\/v2\/media\/1403"}],"wp:attachment":[{"href":"https:\/\/hantoyota.vinastar.info\/index.php?rest_route=%2Fwp%2Fv2%2Fmedia&parent=1401"}],"curies":[{"name":"wp","href":"https:\/\/api.w.org\/{rel}","templated":true}]}}