{"id":1299,"date":"2021-07-03T02:47:25","date_gmt":"2021-07-03T02:47:25","guid":{"rendered":"http:\/\/son.webrt.vn\/hantoyota\/?post_type=product&#038;p=1299"},"modified":"2021-10-07T05:46:35","modified_gmt":"2021-10-07T05:46:35","slug":"wigo-1-2e-mt-5-cap-2","status":"publish","type":"product","link":"https:\/\/hantoyota.vinastar.info\/?product=wigo-1-2e-mt-5-cap-2","title":{"rendered":"WIGO 1.2E MT 5 c\u1ea5p"},"content":{"rendered":"<p class=\"txt_dt\"><strong>DI\u1ec6N M\u1ea0O M\u1edaI N\u0102NG \u0110\u1ed8NG KH\u1eceE KHO\u1eaeN<\/strong><\/p>\n<p class=\"txt_dt_2\">S\u1edf h\u1eefu ngo\u1ea1i h\u00ecnh \u0111\u1eadm ch\u1ea5t th\u1ec3 thao v\u1edbi ng\u00f4n ng\u1eef thi\u1ebft k\u1ebf tr\u1ebb trung v\u00e0 nhi\u1ec1u l\u1ef1a ch\u1ecdn v\u1ec1 m\u00e0u s\u1eafc, x\u1ee9ng \u0111\u00e1ng l\u00e0 chi\u1ebfc xe h\u01a1i \u0111\u1ea7u ti\u00ean c\u1ee7a b\u1ea1n.<\/p>\n<p class=\"txt_dt\"><strong>C\u1ea2I TI\u1ebeN M\u1edaI &#8211; TI\u1ec6N \u00cdCH H\u01a0N<\/strong><\/p>\n<p class=\"txt_dt_2\">Kh\u00f4ng gian n\u1ed9i th\u1ea5t r\u1ed9ng r\u00e3i, c\u00e1c t\u00ednh n\u0103ng ti\u1ec7n \u00edch gi\u00fap tr\u1ea3i nghi\u1ec7m l\u00e1i tho\u1ea3i m\u00e1i v\u00e0 \u0111\u1ea7y h\u1ee9ng kh\u1edfi.<\/p>\n","protected":false},"excerpt":{"rendered":"<p class=\"mh-car-info\">Ki\u1ec3u d\u00e1ng : Sedan<\/p>\n<p class=\"mh-car-info\">S\u1ed1 ch\u1ed7 : 5 ch\u1ed7<\/p>\n<p class=\"mh-car-info\">H\u1ed9p s\u1ed1 : S\u1ed1 s\u00e0n 5 c\u1ea5p\/5MT<\/p>\n<p class=\"mh-car-info\">Dung t\u00edch : 1197cc<\/p>\n<p class=\"mh-car-info\">Nhi\u00ean li\u1ec7u : X\u0103ng\/Petrol<\/p>\n","protected":false},"featured_media":1310,"comment_status":"open","ping_status":"closed","template":"","meta":[],"_links":{"self":[{"href":"https:\/\/hantoyota.vinastar.info\/index.php?rest_route=\/wp\/v2\/product\/1299"}],"collection":[{"href":"https:\/\/hantoyota.vinastar.info\/index.php?rest_route=\/wp\/v2\/product"}],"about":[{"href":"https:\/\/hantoyota.vinastar.info\/index.php?rest_route=\/wp\/v2\/types\/product"}],"replies":[{"embeddable":true,"href":"https:\/\/hantoyota.vinastar.info\/index.php?rest_route=%2Fwp%2Fv2%2Fcomments&post=1299"}],"wp:featuredmedia":[{"embeddable":true,"href":"https:\/\/hantoyota.vinastar.info\/index.php?rest_route=\/wp\/v2\/media\/1310"}],"wp:attachment":[{"href":"https:\/\/hantoyota.vinastar.info\/index.php?rest_route=%2Fwp%2Fv2%2Fmedia&parent=1299"}],"curies":[{"name":"wp","href":"https:\/\/api.w.org\/{rel}","templated":true}]}}