{"id":510,"date":"2019-03-06T08:02:47","date_gmt":"2019-03-06T08:02:47","guid":{"rendered":"http:\/\/son.webrt.vn\/hantoyota\/?page_id=510"},"modified":"2021-10-07T09:38:44","modified_gmt":"2021-10-07T09:38:44","slug":"lien-he","status":"publish","type":"page","link":"https:\/\/hantoyota.vinastar.info\/?page_id=510","title":{"rendered":"Li\u00ean h\u1ec7"},"content":{"rendered":"\t<section class=\"section section_tgth\" id=\"section_454612914\">\n\t\t<div class=\"bg section-bg fill bg-fill  bg-loaded\" >\n\n\t\t\t\n\t\t\t\n\t\t\t\n\n\t\t<\/div><!-- .section-bg -->\n\n\t\t<div class=\"section-content relative\">\n\t\t\t\n<div class=\"row\"  id=\"row-1596627812\">\n<div class=\"col medium-6 small-12 large-6\"  ><div class=\"col-inner\"  >\n\t<div class=\"img has-hover x md-x lg-x y md-y lg-y\" id=\"image_1252142734\">\n\t\t\t\t\t\t\t\t<div class=\"img-inner dark\" >\n\t\t\t<img width=\"512\" height=\"341\" src=\"https:\/\/hantoyota.vinastar.info\/wp-content\/uploads\/2021\/10\/toyota-thanh-xuan.jpg\" class=\"attachment-large size-large\" alt=\"\" loading=\"lazy\" \/>\t\t\t\t\t\t\n\t\t\t\t\t<\/div>\n\t\t\t\t\t\t\t\t\n<style scope=\"scope\">\n\n#image_1252142734 {\n  width: 100%;\n}\n<\/style>\n\t<\/div>\n\t\n<\/div><\/div>\n<div class=\"col medium-6 small-12 large-6\"  ><div class=\"col-inner\"  >\n<h3><strong>WELCOME TO TOYOTA \u2013 M\u1ef8 \u0110\u00ccNH<\/strong><\/h3>\n<h3><strong>\u0110\u1ed1i T\u00e1c Toyota Uy T\u00edn !<\/strong><\/h3>\n<p>Showroom \u00f4 t\u00f4 t\u1ea1i \u0111\u1ecba ch\u1ec9: 15 Ph\u1ea1m H\u00f9ng, P.M\u1ef9 \u0110\u00ecnh 2, Q.Nam T\u1eeb Li\u00eam<\/p>\n<p>Ph\u1ee5 tr\u00e1ch kinh doanh:<span style=\"color: #ff0000;\"><strong><span style=\"font-size: 115%;\">\u00a00912.345.345<\/span><\/strong><\/span>\u00a0\u2013 \u0111\u1ec3 \u0111\u01b0\u1ee3c b\u00e1o gi\u00e1 \u0111\u1eb7c bi\u1ec7t, ch\u01b0\u01a1ng tr\u00ecnh khuy\u1ebfn m\u1ea1i t\u1ea1i th\u1eddi \u0111i\u1ec3m l\u1ea5y xe \u2013 Gi\u1ea3m gi\u00e1 ti\u1ec1n m\u1eb7t c\u00f9ng ph\u1ee5 ki\u1ec7n.<\/p>\n<ul>\n<li>H\u1ed7 tr\u1ee3 t\u01b0 v\u1ea5n mi\u1ec5n ph\u00ed th\u1ee7 t\u1ee5c tr\u1ea3 g\u00f3p l\u00ean \u0111\u1ebfn 80% trong 84 th\u00e1ng<\/li>\n<li>H\u1ed7 tr\u1ee3 \u0111\u0103ng k\u00fd, \u0111\u0103ng ki\u1ec3m trong ng\u00e0y to\u00e0n qu\u1ed1c<\/li>\n<li>Th\u1ee7 t\u1ee5c \u0111\u01a1n gi\u1ea3n, g\u1ecdn nh\u1eb9 ti\u1ebft ki\u1ec7m th\u1eddi gian cho kh\u00e1ch h\u00e0ng<\/li>\n<li>\u0110\u1ed5i xe c\u0169 l\u1ea5y xe m\u1edbi, \u0111\u1ecbnh gi\u00e1 mi\u1ec5n ph\u00ed xe c\u0169<\/li>\n<li>B\u00e1n xe c\u0169 \u0111\u00e3 qua s\u1eed d\u1ee5ng b\u1ea3o h\u00e0nh ch\u00ednh h\u00e3ng, minh b\u1ea1ch l\u1ecbch s\u1eed, r\u00f5 r\u00e0ng v\u1ec1 gi\u00e1 b\u00e1n<\/li>\n<li>H\u1ed7 tr\u1ee3 d\u1ecbch v\u1ee5 sang t\u00ean xe c\u0169 nhanh g\u1ecdn<\/li>\n<\/ul>\n<\/div><\/div>\n<\/div>\n\t\t<\/div><!-- .section-content -->\n\n\t\t\n<style scope=\"scope\">\n\n#section_454612914 {\n  padding-top: 30px;\n  padding-bottom: 30px;\n}\n<\/style>\n\t<\/section>\n\t\n","protected":false},"excerpt":{"rendered":"","protected":false},"author":1,"featured_media":0,"parent":0,"menu_order":0,"comment_status":"closed","ping_status":"closed","template":"","meta":[],"_links":{"self":[{"href":"https:\/\/hantoyota.vinastar.info\/index.php?rest_route=\/wp\/v2\/pages\/510"}],"collection":[{"href":"https:\/\/hantoyota.vinastar.info\/index.php?rest_route=\/wp\/v2\/pages"}],"about":[{"href":"https:\/\/hantoyota.vinastar.info\/index.php?rest_route=\/wp\/v2\/types\/page"}],"author":[{"embeddable":true,"href":"https:\/\/hantoyota.vinastar.info\/index.php?rest_route=\/wp\/v2\/users\/1"}],"replies":[{"embeddable":true,"href":"https:\/\/hantoyota.vinastar.info\/index.php?rest_route=%2Fwp%2Fv2%2Fcomments&post=510"}],"version-history":[{"count":17,"href":"https:\/\/hantoyota.vinastar.info\/index.php?rest_route=\/wp\/v2\/pages\/510\/revisions"}],"predecessor-version":[{"id":2657,"href":"https:\/\/hantoyota.vinastar.info\/index.php?rest_route=\/wp\/v2\/pages\/510\/revisions\/2657"}],"wp:attachment":[{"href":"https:\/\/hantoyota.vinastar.info\/index.php?rest_route=%2Fwp%2Fv2%2Fmedia&parent=510"}],"curies":[{"name":"wp","href":"https:\/\/api.w.org\/{rel}","templated":true}]}}