{"id":508,"date":"2019-03-06T08:02:34","date_gmt":"2019-03-06T08:02:34","guid":{"rendered":"http:\/\/son.webrt.vn\/hantoyota\/?page_id=508"},"modified":"2021-10-07T09:39:51","modified_gmt":"2021-10-07T09:39:51","slug":"gioi-thieu","status":"publish","type":"page","link":"https:\/\/hantoyota.vinastar.info\/?page_id=508","title":{"rendered":"Gi\u1edbi thi\u1ec7u"},"content":{"rendered":"<p><strong>TOYOTA \u2013 M\u1ef8 \u0110\u00ccNH<\/strong><\/p>\n<p>\u0110\u1ecba ch\u1ec9: 15 Ph\u1ea1m H\u00f9ng, P.M\u1ef9 \u0110\u00ecnh 2, Q.Nam T\u1eeb Li\u00eam<\/p>\n<h3><strong>Ng\u00e0nh ngh\u1ec1 kinh doanh, s\u1ea3n ph\u1ea9m d\u1ecbch v\u1ee5:<\/strong><\/h3>\n<p>L\u00e0 \u0111\u1ea1i l\u00fd ch\u00ednh h\u00e3ng c\u1ee7a C\u00f4ng ty ToyotaVi\u1ec7t Nam- Chuy\u00ean kinh doanh xe Toyota, cung c\u1ea5p d\u1ecbch v\u1ee5 sau b\u00e1n h\u00e0ng v\u00e0 ph\u1ee5 t\u00f9ng ch\u00ednh h\u00e3ng.<\/p>\n<p><strong>Trong nh\u1eefng n\u0103m kinh doanh, b\u01b0\u1edbc \u0111\u1ea7u X\u00ed nghi\u1ec7p \u0111\u00e3 \u0111\u1ea1t \u0111\u01b0\u1ee3c m\u1ed9t s\u1ed1 th\u00e0nh t\u1ef1u:<\/strong><\/p>\n<ul>\n<li>8 n\u0103m li\u00ean t\u1ee5c (1998 \u2013 2005), n\u0103m 2007, 2010 l\u00e0 \u0111\u1ea1i l\u00fd xu\u1ea5t s\u1eafc nh\u1ea5t Toyota Vi\u1ec7t Nam v\u1ec1 c\u00e1c m\u1eb7t b\u00e1n h\u00e0ng, d\u1ecbch v\u1ee5, l\u00e0m h\u00e0i l\u00f2ng kh\u00e1ch h\u00e0ng.<\/li>\n<li>L\u00e0 \u0111\u1ea1i l\u00fd \u0111\u1ea7u ti\u00ean \u0111\u1ea1t doanh s\u1ed1 b\u00e1n 1000 xe\/n\u0103m v\u00e0o n\u0103m 2002.<\/li>\n<li>L\u00e0 \u0111\u1ea1i l\u00fd \u0111\u1ea7u ti\u00ean \u0111\u1ea1t doanh s\u1ed1 b\u00e1n 2000 xe\/n\u0103m v\u00e0o n\u0103m 2003.<\/li>\n<li>L\u00e0 \u0111\u1ea1i l\u00fd \u0111\u1ea7u ti\u00ean \u0111\u1ea1t doanh s\u1ed1 xe b\u00e1n l\u0169y ti\u1ebfn 5000 xe v\u00e0o th\u00e1ng 06\/2003.<\/li>\n<li>L\u00e0 \u0111\u1ea1i l\u00fd \u0111\u1ea7u ti\u00ean \u0111\u1ea1t doanh s\u1ed1 xe b\u00e1n l\u0169y ti\u1ebfn 10.000 xe v\u00e0o gi\u1eefa n\u0103m 2006.<\/li>\n<\/ul>\n<p>V\u1edbi 2.500m2 bao g\u1ed3m nh\u00e0 x\u01b0\u1edfng, b\u00e3i \u0111\u1ed7 xe, ph\u00f2ng tr\u01b0ng b\u00e0y \u00f4 t\u00f4, ph\u00f2ng ch\u1edd cho kh\u00e1ch h\u00e0ng, ph\u00f2ng c\u1ed1 v\u1ea5n d\u1ecbch v\u1ee5, ph\u00f2ng ph\u1ee5 t\u00f9ng&#8230; v\u1edbi \u0111\u1ea7y \u0111\u1ee7 trang thi\u1ebft b\u1ecb hi\u1ec7n \u0111\u1ea1i ch\u1eafc ch\u1eafn s\u1ebd mang l\u1ea1i cho kh\u00e1ch h\u00e0ng s\u1ef1 h\u00e0i l\u00f2ng v\u00e0 tho\u1ea3i m\u00e1i khi \u0111\u1ebfn v\u1edbi ch\u00fang t\u00f4i.<\/p>\n<h3><strong>T\u1ea7m nh\u00ecn:<\/strong><\/h3>\n<p>Tr\u1edf th\u00e0nh \u0111\u1ea1i l\u00fd c\u00f3 ch\u1ea5t l\u01b0\u1ee3ng d\u1ecbch v\u1ee5 t\u1ed1t nh\u1ea5t.<\/p>\n<h3><strong>S\u1ee9 m\u1ec7nh:<\/strong><\/h3>\n<p>Mang \u0111\u1ebfn s\u1ef1 Ch\u00e2n th\u00e0nh trong vi\u1ec7c cung c\u1ea5p s\u1ea3n ph\u1ea9m v\u00e0 d\u1ecbch v\u1ee5. Lu\u00f4n \u0110\u1ed3ng h\u00e0nh c\u00f9ng kh\u00e1ch h\u00e0ng tr\u01b0\u1edbc, trong v\u00e0 sau b\u00e1n h\u00e0ng.<\/p>\n<h3><strong>Gi\u00e1 tr\u1ecb c\u1ed1t l\u00f5i:<\/strong><\/h3>\n<ul>\n<li>L\u1ea5y kh\u00e1ch h\u00e0ng l\u00e0 trung t\u00e2m.<\/li>\n<li>T\u01b0 v\u1ea5n kh\u00e1ch h\u00e0ng t\u1eeb t\u00e2m .<\/li>\n<li>Chinh ph\u1ee5c kh\u00e1ch h\u00e0ng b\u1eb1ng ch\u1ea5t l\u01b0\u1ee3ng.<\/li>\n<\/ul>\n<h3><strong>V\u0103n h\u00f3a doanh nghi\u1ec7p:<\/strong><\/h3>\n<p>Tr\u1ea3i qua h\u01a1n 20 n\u0103m ho\u1ea1t \u0111\u1ed9ng ch\u00fang t\u00f4i lu\u00f4n t\u00e2m ni\u1ec7m r\u1eb1ng gi\u00e1 tr\u1ecb l\u1edbn nh\u1ea5t c\u1ee7a m\u1ed9t doanh nghi\u1ec7p ch\u00ednh l\u00e0 con ng\u01b0\u1eddi. V\u00ec v\u1eady, ch\u00fang t\u00f4i lu\u00f4n x\u00e2y d\u1ef1ng m\u1ed7i nh\u00e2n vi\u00ean l\u00e0 m\u1ed9t \u0111\u1ea1i s\u1ee9 th\u01b0\u01a1ng hi\u1ec7u \u0111\u1ed3ng th\u1eddi kh\u00f4ng ng\u1eebng c\u1ed1 g\u1eafng, trau d\u1ed3i v\u1ec1 ki\u1ebfn th\u1ee9c, tay ngh\u1ec1, tinh th\u1ea7n ph\u1ee5c v\u1ee5 \u0111\u1ec3 X\u00ed nghi\u1ec7p ng\u00e0y c\u00e0ng c\u00f3 ch\u1ea5t l\u01b0\u1ee3ng d\u1ecbch v\u1ee5 t\u1ed1t h\u01a1n.<\/p>\n","protected":false},"excerpt":{"rendered":"<p>TOYOTA \u2013 M\u1ef8 \u0110\u00ccNH \u0110\u1ecba ch\u1ec9: 15 Ph\u1ea1m H\u00f9ng, P.M\u1ef9 \u0110\u00ecnh 2, Q.Nam T\u1eeb Li\u00eam Ng\u00e0nh ngh\u1ec1 kinh doanh, s\u1ea3n ph\u1ea9m d\u1ecbch v\u1ee5: L\u00e0 \u0111\u1ea1i l\u00fd ch\u00ednh h\u00e3ng c\u1ee7a C\u00f4ng ty ToyotaVi\u1ec7t Nam- Chuy\u00ean kinh doanh xe Toyota, cung c\u1ea5p d\u1ecbch v\u1ee5 sau b\u00e1n h\u00e0ng v\u00e0 ph\u1ee5 t\u00f9ng ch\u00ednh h\u00e3ng. Trong nh\u1eefng n\u0103m kinh doanh, [&#8230;]\n","protected":false},"author":1,"featured_media":0,"parent":0,"menu_order":0,"comment_status":"closed","ping_status":"closed","template":"","meta":[],"_links":{"self":[{"href":"https:\/\/hantoyota.vinastar.info\/index.php?rest_route=\/wp\/v2\/pages\/508"}],"collection":[{"href":"https:\/\/hantoyota.vinastar.info\/index.php?rest_route=\/wp\/v2\/pages"}],"about":[{"href":"https:\/\/hantoyota.vinastar.info\/index.php?rest_route=\/wp\/v2\/types\/page"}],"author":[{"embeddable":true,"href":"https:\/\/hantoyota.vinastar.info\/index.php?rest_route=\/wp\/v2\/users\/1"}],"replies":[{"embeddable":true,"href":"https:\/\/hantoyota.vinastar.info\/index.php?rest_route=%2Fwp%2Fv2%2Fcomments&post=508"}],"version-history":[{"count":6,"href":"https:\/\/hantoyota.vinastar.info\/index.php?rest_route=\/wp\/v2\/pages\/508\/revisions"}],"predecessor-version":[{"id":2658,"href":"https:\/\/hantoyota.vinastar.info\/index.php?rest_route=\/wp\/v2\/pages\/508\/revisions\/2658"}],"wp:attachment":[{"href":"https:\/\/hantoyota.vinastar.info\/index.php?rest_route=%2Fwp%2Fv2%2Fmedia&parent=508"}],"curies":[{"name":"wp","href":"https:\/\/api.w.org\/{rel}","templated":true}]}}